{"id":93,"date":"2016-11-12T10:20:21","date_gmt":"2016-11-12T10:20:21","guid":{"rendered":"http:\/\/www.moneyguard.es\/it\/?page_id=93"},"modified":"2017-04-26T07:51:30","modified_gmt":"2017-04-26T07:51:30","slug":"moneyguard-easydrop","status":"publish","type":"page","link":"https:\/\/www.moneyguard.es\/it\/index.php\/prodotti\/moneyguard-easydrop\/","title":{"rendered":"MoneyGuard EasyDrop"},"content":{"rendered":"<p><center><div id=\"metaslider-id-395\" style=\"max-width: 1140px;\" class=\"ml-slider-3-99-0 metaslider metaslider-flex metaslider-395 ml-slider ms-theme-default\" role=\"region\" aria-label=\"EasyDrop\" data-width=\"1140\">\n    <div id=\"metaslider_container_395\">\n        <div id=\"metaslider_395\">\n            <ul class='slides'>\n                <li style=\"display: block; width: 100%;\" class=\"slide-396 ms-image \" aria-roledescription=\"slide\" data-date=\"2016-12-20 20:56:59\"><img fetchpriority=\"high\" decoding=\"async\" src=\"https:\/\/www.moneyguard.es\/it\/wp-content\/uploads\/2016\/12\/money-guard-easydrop-slide1-1140x360.png\" height=\"360\" width=\"1140\" alt=\"\" class=\"slider-395 slide-396 msDefaultImage\" \/><\/li>\n                <li style=\"display: none; width: 100%;\" class=\"slide-397 ms-image \" aria-roledescription=\"slide\" data-date=\"2016-12-20 20:57:03\"><img decoding=\"async\" src=\"https:\/\/www.moneyguard.es\/it\/wp-content\/uploads\/2016\/12\/money-guard-easydrop-slide2-1140x360.png\" height=\"360\" width=\"1140\" alt=\"\" class=\"slider-395 slide-397 msDefaultImage\" \/><\/li>\n                <li style=\"display: none; width: 100%;\" class=\"slide-398 ms-image \" aria-roledescription=\"slide\" data-date=\"2016-12-20 20:57:07\"><img decoding=\"async\" src=\"https:\/\/www.moneyguard.es\/it\/wp-content\/uploads\/2016\/12\/money-guard-easydrop-slide3-1140x360.png\" height=\"360\" width=\"1140\" alt=\"\" class=\"slider-395 slide-398 msDefaultImage\" \/><\/li>\n                <li style=\"display: none; width: 100%;\" class=\"slide-399 ms-image \" aria-roledescription=\"slide\" data-date=\"2016-12-20 20:57:12\"><img loading=\"lazy\" decoding=\"async\" src=\"https:\/\/www.moneyguard.es\/it\/wp-content\/uploads\/2016\/12\/money-guard-easydrop-slide4-1140x360.png\" height=\"360\" width=\"1140\" alt=\"\" class=\"slider-395 slide-399 msDefaultImage\" \/><\/li>\n                <li style=\"display: none; width: 100%;\" class=\"slide-400 ms-image \" aria-roledescription=\"slide\" data-date=\"2016-12-20 20:57:17\"><img loading=\"lazy\" decoding=\"async\" src=\"https:\/\/www.moneyguard.es\/it\/wp-content\/uploads\/2016\/12\/money-guard-easydrop-slide5-1140x360.png\" height=\"360\" width=\"1140\" alt=\"\" class=\"slider-395 slide-400 msDefaultImage\" \/><\/li>\n                <li style=\"display: none; width: 100%;\" class=\"slide-401 ms-image \" aria-roledescription=\"slide\" data-date=\"2016-12-20 20:57:22\"><img loading=\"lazy\" decoding=\"async\" src=\"https:\/\/www.moneyguard.es\/it\/wp-content\/uploads\/2016\/12\/money-guard-easydrop-slide6-1140x360.png\" height=\"360\" width=\"1140\" alt=\"\" class=\"slider-395 slide-401 msDefaultImage\" \/><\/li>\n            <\/ul>\n        <\/div>\n        \n    <\/div>\n<\/div><\/center>&nbsp;<\/p>\n<p>Il <strong>MoneyGuard EasyDrop<\/strong> \u00e8 un sistema che consente all&#8217;utente di verificare gli incassi di contante, di mettere in sicurezza le banconote, di velocizzare la procedura di incasso e verificare il contante direttamente al tavolo di gioco.<\/p>\n<p>Il <strong>MoneyGuard EasyDrop<\/strong> \u00e8 un sistema interamente studiato per i Casin\u00f2, \u00e8 il primo e unico ad avere le seguenti caratteristiche:<\/p>\n<ul>\n<li><strong>FLAT:<\/strong> \u00e8 totalmente piatto, il sistema di ingresso \u00e8 verticale il croupier non dovr\u00e0 cambiare la sua operativit\u00e0 attuale<\/li>\n<li><strong>ELEGANTE:<\/strong> l&#8217;integrazione \u00e8 totale e ha finitura di pregio<\/li>\n<li><strong>COMPLETO:<\/strong> il software centrale di gestione permette l&#8217;integrazione al gestionale del casin\u00f2 in modo facile e veloce<\/li>\n<li><strong>TITO:<\/strong> riesce a integrarsi con il vostro sistema di ticket per il cambio dei TITO al tavolo<\/li>\n<li><strong>SICURO:<\/strong> lo stacker cambier\u00e0 il vostro modo di contabilizzare il denaro al tavolo<\/li>\n<li><strong>BREVETTATO:<\/strong> il suo sistema di ingresso \u00e8 brevettato<\/li>\n<li><strong>NATO DAI CASIN\u00d2:<\/strong> \u00e8 nato con la collaborazione e l&#8217;esperienza dei Casin\u00f2 europei ed \u00e8 pronto per soddisfare tutti i vostri requisiti<\/li>\n<\/ul>\n<div class=\"video-container\"><iframe src=\"https:\/\/www.youtube.com\/embed\/4x0x-9ZgHH0?rel=0\" width=\"560\" height=\"315\" frameborder=\"0\" allowfullscreen=\"allowfullscreen\"><\/iframe><\/div>\n<p><strong>MoneyGuard EasyDrop<\/strong> non \u00e8 solo una macchina per valorizzare l&#8217;incasso e gestire in contante del tavolo. Infatti ha una pulsantiera con 7 tasti programmabili per poter:<\/p>\n<ul>\n<li>chiamare il servizio bar al tavolo<\/li>\n<li>chiamare gli addetti alla sicurezza<\/li>\n<li>chiamare gli addetti alla manutenzione<\/li>\n<li>altre funzioni facilmente programmabili<\/li>\n<\/ul>\n<div style=\"float: right; margin-left: 10px;\"><a href=\"..\/..\/..\/documents\/brochureEasyDrop_IT.zip\" target=\"_blank\"><br \/>\n<img decoding=\"async\" style=\"width: 60px; hight: 60px;\" src=\"..\/..\/..\/wp-content\/uploads\/2016\/11\/zip-icon.png\" \/><br \/>\n<\/a><\/div>\n<div style=\"float: right; margin-left: 10px;\"><a href=\"..\/..\/..\/documents\/brochureEasyDrop_IT.pdf\" target=\"_blank\"><br \/>\n<img decoding=\"async\" style=\"width: 60px; hight: 60px;\" src=\"..\/..\/..\/wp-content\/uploads\/2016\/11\/pdf-icon.png\" \/><br \/>\n<\/a><\/div>\n","protected":false},"excerpt":{"rendered":"<p>&nbsp; Il MoneyGuard EasyDrop \u00e8 un sistema che consente all&#8217;utente di verificare gli incassi di contante, di mettere in sicurezza le banconote, di velocizzare la procedura di incasso e verificare il contante direttamente al tavolo di gioco. Il MoneyGuard EasyDrop \u00e8 un sistema interamente studiato per i Casin\u00f2, \u00e8 il primo e unico ad avere&#8230;<\/p>\n","protected":false},"author":3,"featured_media":274,"parent":33,"menu_order":0,"comment_status":"closed","ping_status":"closed","template":"","meta":{"footnotes":""},"class_list":["post-93","page","type-page","status-publish","has-post-thumbnail","hentry"],"_links":{"self":[{"href":"https:\/\/www.moneyguard.es\/it\/index.php\/wp-json\/wp\/v2\/pages\/93","targetHints":{"allow":["GET"]}}],"collection":[{"href":"https:\/\/www.moneyguard.es\/it\/index.php\/wp-json\/wp\/v2\/pages"}],"about":[{"href":"https:\/\/www.moneyguard.es\/it\/index.php\/wp-json\/wp\/v2\/types\/page"}],"author":[{"embeddable":true,"href":"https:\/\/www.moneyguard.es\/it\/index.php\/wp-json\/wp\/v2\/users\/3"}],"replies":[{"embeddable":true,"href":"https:\/\/www.moneyguard.es\/it\/index.php\/wp-json\/wp\/v2\/comments?post=93"}],"version-history":[{"count":21,"href":"https:\/\/www.moneyguard.es\/it\/index.php\/wp-json\/wp\/v2\/pages\/93\/revisions"}],"predecessor-version":[{"id":428,"href":"https:\/\/www.moneyguard.es\/it\/index.php\/wp-json\/wp\/v2\/pages\/93\/revisions\/428"}],"up":[{"embeddable":true,"href":"https:\/\/www.moneyguard.es\/it\/index.php\/wp-json\/wp\/v2\/pages\/33"}],"wp:featuredmedia":[{"embeddable":true,"href":"https:\/\/www.moneyguard.es\/it\/index.php\/wp-json\/wp\/v2\/media\/274"}],"wp:attachment":[{"href":"https:\/\/www.moneyguard.es\/it\/index.php\/wp-json\/wp\/v2\/media?parent=93"}],"curies":[{"name":"wp","href":"https:\/\/api.w.org\/{rel}","templated":true}]}}