{"id":56,"date":"2016-11-09T19:55:30","date_gmt":"2016-11-09T19:55:30","guid":{"rendered":"http:\/\/www.moneyguard.es\/it\/?page_id=56"},"modified":"2016-11-25T12:54:52","modified_gmt":"2016-11-25T12:54:52","slug":"originalcheck","status":"publish","type":"page","link":"https:\/\/www.moneyguard.es\/it\/index.php\/il-gruppo\/originalcheck\/","title":{"rendered":"Original Check"},"content":{"rendered":"<p><img decoding=\"async\" class=\"aligncenter\" src=\"http:\/\/www.moneyguard.es\/img\/marketplace\/lgOC.png\" \/><\/p>\n<p><strong>Original Check<\/strong><\/p>\n<p>Anticontraffazione, tracciabilit\u00e0 e marketing sono le parole chiave del codice Original Check.<\/p>\n<p>Il codice Original Check ha le seguenti caratteristiche:<\/p>\n<ul type=\"circle\">\n<li>\u00c8 un segno casuale e irriproducibile che garantisce l&#8217;anticontraffazione del prodotto<\/li>\n<li>\u00c8 un segno univoco che permette di tracciare il vostro prodotto con semplicit\u00e0<\/li>\n<li>\u00c8 un potente mezzo di marketing<\/li>\n<\/ul>\n<p>Il codice Original Check mette quindi il \u201cDNA\u201d al vostro prodotto, il codice viene archiviato in un database che potr\u00e0 essere usato per verificare il vostro prodotto attraverso un computer collegato in internet, un semplice telefonino dotato di telecamera o ancora palmari e in generale qualsiasi lettore di codice a barre 2D collegato ad un elaboratore.<\/p>\n","protected":false},"excerpt":{"rendered":"<p>Original Check Anticontraffazione, tracciabilit\u00e0 e marketing sono le parole chiave del codice Original Check. Il codice Original Check ha le seguenti caratteristiche: \u00c8 un segno casuale e irriproducibile che garantisce l&#8217;anticontraffazione del prodotto \u00c8 un segno univoco che permette di tracciare il vostro prodotto con semplicit\u00e0 \u00c8 un potente mezzo di marketing Il codice Original&#8230;<\/p>\n","protected":false},"author":3,"featured_media":0,"parent":30,"menu_order":0,"comment_status":"closed","ping_status":"closed","template":"","meta":{"footnotes":""},"class_list":["post-56","page","type-page","status-publish","hentry"],"_links":{"self":[{"href":"https:\/\/www.moneyguard.es\/it\/index.php\/wp-json\/wp\/v2\/pages\/56","targetHints":{"allow":["GET"]}}],"collection":[{"href":"https:\/\/www.moneyguard.es\/it\/index.php\/wp-json\/wp\/v2\/pages"}],"about":[{"href":"https:\/\/www.moneyguard.es\/it\/index.php\/wp-json\/wp\/v2\/types\/page"}],"author":[{"embeddable":true,"href":"https:\/\/www.moneyguard.es\/it\/index.php\/wp-json\/wp\/v2\/users\/3"}],"replies":[{"embeddable":true,"href":"https:\/\/www.moneyguard.es\/it\/index.php\/wp-json\/wp\/v2\/comments?post=56"}],"version-history":[{"count":3,"href":"https:\/\/www.moneyguard.es\/it\/index.php\/wp-json\/wp\/v2\/pages\/56\/revisions"}],"predecessor-version":[{"id":199,"href":"https:\/\/www.moneyguard.es\/it\/index.php\/wp-json\/wp\/v2\/pages\/56\/revisions\/199"}],"up":[{"embeddable":true,"href":"https:\/\/www.moneyguard.es\/it\/index.php\/wp-json\/wp\/v2\/pages\/30"}],"wp:attachment":[{"href":"https:\/\/www.moneyguard.es\/it\/index.php\/wp-json\/wp\/v2\/media?parent=56"}],"curies":[{"name":"wp","href":"https:\/\/api.w.org\/{rel}","templated":true}]}}