{"id":46,"date":"2016-11-09T18:58:48","date_gmt":"2016-11-09T18:58:48","guid":{"rendered":"http:\/\/www.moneyguard.es\/it\/?page_id=46"},"modified":"2016-11-25T12:59:15","modified_gmt":"2016-11-25T12:59:15","slug":"applicazioni","status":"publish","type":"page","link":"https:\/\/www.moneyguard.es\/it\/index.php\/settore\/anticontraffazione\/applicazioni\/","title":{"rendered":"Applicazioni"},"content":{"rendered":"<p><img decoding=\"async\" class=\"aligncenter\" src=\"http:\/\/www.moneyguard.es\/img\/marketplace\/bigOC.png\" \/><\/p>\n<p><strong>Marketing<\/strong><\/p>\n<p>Il codice Original Check \u00e8 utilizzabile per identificare il cliente finale in maniera univoca. In questa maniera \u00e8 possibile tracciare il profilo del consumatore in base alla localizzazione geografica e alle preferenze, in questo modo e attraverso algoritmi (vedi ad esempio <a href=\"http:\/\/it.wikipedia.org\/wiki\/Teoria_della_preferenza_rivelata\" target=\"_blank\">http:\/\/it.wikipedia.org\/wiki\/Teoria_della_preferenza_rivelata<\/a>) si pu\u00f2 risalire al profilo del consumatore.<\/p>\n<p>Facciamo un esempio di applicazione, distribuiamo dei buoni dotati di codice Original Check, il buono viene distribuito con ogni prodotto e da la possibilit\u00e0 di vincere premi in buoni acquisto. Il consumatore accede al sito web del produttore e controlla se ha vinto attraverso il proprio computer dotato di webcam (vedi sezione verifica il tuo codice) il sistema Original Check controlla se il codice \u00e8 originale e vincente, e quindi da l&#8217;esito al consumatore registrando la sua localizzazione geografica e cosa ha acquistato.<\/p>\n<p>Le applicazioni, ovviamente, sono innumerevoli e limitate soltanto dalla fantasia del creativo che organizza il piano marketing.<\/p>\n<hr \/>\n<p><strong>Tracciabilit\u00e0<\/strong><\/p>\n<p>La tracciabilit\u00e0 \u00e8 il processo di controllo sulla vita del prodotto. Un caso particolare di tracciabilit\u00e0 \u00e8 dal prodotto finito all&#8217;utilizzatore del prodotto.<\/p>\n<p>Facciamo un esempio di processo, il produttore alimentare di pasta distribuisce attraverso dei grossisti e distributori nazionali un certo quantitativo di pezzi. I grossisti e i distributori nazionali venderanno la pasta ai vari punti vendita, ristornati, etc. Il produttore conosce i suoi clienti diretti ma non conosce l&#8217;utilizzatore finale e la distribuzione geografica del prodotto.<\/p>\n<p>Original Check unito a un sistema di raccolta punti o concorso a premi pu\u00f2 tracciare l&#8217;utilizzatore finale.<\/p>\n<p>Utilizzare Original Check garantisce anche l&#8217;irriproducibilit\u00e0 del codice e evita frodi sulla raccolta punti o concorsi a premio, dando al prodotto un grado si sicurezza alto sulla provenienza.<\/p>\n<hr \/>\n<p><strong>Campi di applicazione<\/strong><\/p>\n<p>La maggior parte dei sistemi di anticontraffazione oggi presenti sul mercato, sono realizzati con metodi seriali e quindi replicabili sia dal produttore stesso che da un eventuale contraffattore. ORIGINAL CHECK \u00e8 un codice univoco creato con un processo casuale e non riproducibile. Un sistema brevettato che permette di generare un singolo codice del tutto casuale, con un processo di creazione non assistito da calcolatori o macchine a controllo numerico, ma da fenomeni che non esistono in natura e che non sono matematicamente prevedibili.<\/p>\n<p>Il codice ORIGINAL CHECK \u00e8 quindi irreplicabile anche dal produttore stesso.<\/p>\n<p>Una volta realizzati i codici vengono letti e memorizzati in un database, e solo quando verranno applicati sul prodotto creano il DNA del singolo pezzo sul quale viene applicato. Avendo la possibilit\u00e0 di avere oltre che la certezza del prodotto originale, una serie d&#8217;informazioni che accompagnano lo stesso.<\/p>\n<p>La soluzione ORIGINAL CHECK coinvolge direttamente anche il consumatore che potr\u00e0 controllare l&#8217;autenticit\u00e0 del prodotto acquistato, con un semplice cellulare scattando una foto al codice e inviandola al server remoto via mms o tramite mail, oppure collegandosi al sito web <a href=\"http:\/\/www.originalcheck.it\" target=\"_blank\">www.originalcheck.it<\/a> con un computer dotato di telecamera. Il server riceve l&#8217;immagine, la confronta con il database ed in tempo reale risponde al consumatore informandolo sull&#8217;originalit\u00e0 del prodotto.<\/p>\n<p>In questo modo si raggiungono due obbiettivi: la tutela del consumatore\/produttore e la lotta alla contraffazione.<\/p>\n<p><a href=\"http:\/\/www.moneyguard.es\/it\/index.php\/settore\/anticontraffazione\/multimedia\/\">Multimedia<\/a><\/p>\n","protected":false},"excerpt":{"rendered":"<p>Marketing Il codice Original Check \u00e8 utilizzabile per identificare il cliente finale in maniera univoca. In questa maniera \u00e8 possibile tracciare il profilo del consumatore in base alla localizzazione geografica e alle preferenze, in questo modo e attraverso algoritmi (vedi ad esempio http:\/\/it.wikipedia.org\/wiki\/Teoria_della_preferenza_rivelata) si pu\u00f2 risalire al profilo del consumatore. Facciamo un esempio di applicazione,&#8230;<\/p>\n","protected":false},"author":3,"featured_media":0,"parent":38,"menu_order":0,"comment_status":"closed","ping_status":"closed","template":"","meta":{"footnotes":""},"class_list":["post-46","page","type-page","status-publish","hentry"],"_links":{"self":[{"href":"https:\/\/www.moneyguard.es\/it\/index.php\/wp-json\/wp\/v2\/pages\/46","targetHints":{"allow":["GET"]}}],"collection":[{"href":"https:\/\/www.moneyguard.es\/it\/index.php\/wp-json\/wp\/v2\/pages"}],"about":[{"href":"https:\/\/www.moneyguard.es\/it\/index.php\/wp-json\/wp\/v2\/types\/page"}],"author":[{"embeddable":true,"href":"https:\/\/www.moneyguard.es\/it\/index.php\/wp-json\/wp\/v2\/users\/3"}],"replies":[{"embeddable":true,"href":"https:\/\/www.moneyguard.es\/it\/index.php\/wp-json\/wp\/v2\/comments?post=46"}],"version-history":[{"count":6,"href":"https:\/\/www.moneyguard.es\/it\/index.php\/wp-json\/wp\/v2\/pages\/46\/revisions"}],"predecessor-version":[{"id":305,"href":"https:\/\/www.moneyguard.es\/it\/index.php\/wp-json\/wp\/v2\/pages\/46\/revisions\/305"}],"up":[{"embeddable":true,"href":"https:\/\/www.moneyguard.es\/it\/index.php\/wp-json\/wp\/v2\/pages\/38"}],"wp:attachment":[{"href":"https:\/\/www.moneyguard.es\/it\/index.php\/wp-json\/wp\/v2\/media?parent=46"}],"curies":[{"name":"wp","href":"https:\/\/api.w.org\/{rel}","templated":true}]}}