{"id":40,"date":"2016-11-09T18:58:14","date_gmt":"2016-11-09T18:58:14","guid":{"rendered":"http:\/\/www.moneyguard.es\/it\/?page_id=40"},"modified":"2016-11-25T12:59:28","modified_gmt":"2016-11-25T12:59:28","slug":"original-check","status":"publish","type":"page","link":"https:\/\/www.moneyguard.es\/it\/index.php\/settore\/anticontraffazione\/original-check\/","title":{"rendered":"Cos&#8217;\u00e8 l&#8217;Original Check"},"content":{"rendered":"<p><img decoding=\"async\" class=\"aligncenter\" src=\"http:\/\/www.moneyguard.es\/img\/marketplace\/bigOC.png\" \/><strong>Cos&#8217;\u00e8 Original Check<\/strong><\/p>\n<p>La parola &#8220;originale&#8221; viene data alle cose che veramente e direttamente provengono dal suo autore, nel momento stesso in cui parliamo di <b>originale<\/b> sorge il problema di distinguerlo da un falso. I produttori sono costretti in questo modo, o a tollerare la contraffazione dei loro prodotti, o inserire nei loro prodotti palliativi a volte molto costosi, vedi bollino olografico, che non garantiscono l&#8217;irriproducibilit\u00e0 del prodotto.<\/p>\n<p><b>Original Check<\/b> \u00e8 un <i>codice univoco<\/i> creato con un processo casuale non riproducibile.<\/p>\n<p>Ma come fa <b>Original Check<\/b>\u00a0ad essere\u00a0irriproducibile e casuale?<\/p>\n<p>Per essere casuale e irriproducibile Original Check si basa su un processo di creazione non assistito da calcolatori o macchine a controllo numerico, facciamo un esempio, se io spruzzassi dell&#8217;acqua su una finestra, le gocce si andrebbero a disporre casualmente sulla superficie, e sarete d&#8217;accordo con me, che ogni centimetro della superficie \u00e8 diverso dall&#8217;altro ed \u00e8 casuale e univoco. Nessuna macchina creata dall&#8217;uomo potrebbe disporre le gocce nella stessa posizione e con la stessa dimensione, quindi anche irriproducibile.<\/p>\n<p>Original Check \u00e8 basato su fenomeni che esistono in natura e che non sono matematicamente prevedibili, \u00e8 cos\u00ec che nasce il codice.<\/p>\n<p><a href=\"http:\/\/www.moneyguard.es\/it\/index.php\/settore\/anticontraffazione\/applicazioni\/\">Applicazioni<\/a><br \/>\n<a href=\"http:\/\/www.moneyguard.es\/it\/index.php\/settore\/anticontraffazione\/multimedia\/\">Multimedia<\/a><\/p>\n","protected":false},"excerpt":{"rendered":"<p>Cos&#8217;\u00e8 Original Check La parola &#8220;originale&#8221; viene data alle cose che veramente e direttamente provengono dal suo autore, nel momento stesso in cui parliamo di originale sorge il problema di distinguerlo da un falso. I produttori sono costretti in questo modo, o a tollerare la contraffazione dei loro prodotti, o inserire nei loro prodotti palliativi&#8230;<\/p>\n","protected":false},"author":3,"featured_media":0,"parent":38,"menu_order":0,"comment_status":"closed","ping_status":"closed","template":"","meta":{"footnotes":""},"class_list":["post-40","page","type-page","status-publish","hentry"],"_links":{"self":[{"href":"https:\/\/www.moneyguard.es\/it\/index.php\/wp-json\/wp\/v2\/pages\/40","targetHints":{"allow":["GET"]}}],"collection":[{"href":"https:\/\/www.moneyguard.es\/it\/index.php\/wp-json\/wp\/v2\/pages"}],"about":[{"href":"https:\/\/www.moneyguard.es\/it\/index.php\/wp-json\/wp\/v2\/types\/page"}],"author":[{"embeddable":true,"href":"https:\/\/www.moneyguard.es\/it\/index.php\/wp-json\/wp\/v2\/users\/3"}],"replies":[{"embeddable":true,"href":"https:\/\/www.moneyguard.es\/it\/index.php\/wp-json\/wp\/v2\/comments?post=40"}],"version-history":[{"count":5,"href":"https:\/\/www.moneyguard.es\/it\/index.php\/wp-json\/wp\/v2\/pages\/40\/revisions"}],"predecessor-version":[{"id":299,"href":"https:\/\/www.moneyguard.es\/it\/index.php\/wp-json\/wp\/v2\/pages\/40\/revisions\/299"}],"up":[{"embeddable":true,"href":"https:\/\/www.moneyguard.es\/it\/index.php\/wp-json\/wp\/v2\/pages\/38"}],"wp:attachment":[{"href":"https:\/\/www.moneyguard.es\/it\/index.php\/wp-json\/wp\/v2\/media?parent=40"}],"curies":[{"name":"wp","href":"https:\/\/api.w.org\/{rel}","templated":true}]}}