{"id":93,"date":"2016-11-12T10:20:21","date_gmt":"2016-11-12T10:20:21","guid":{"rendered":"http:\/\/www.moneyguard.es\/fr\/?page_id=93"},"modified":"2016-12-20T21:03:16","modified_gmt":"2016-12-20T21:03:16","slug":"moneyguard-easydrop","status":"publish","type":"page","link":"https:\/\/www.moneyguard.es\/fr\/index.php\/produits\/moneyguard-easydrop\/","title":{"rendered":"MoneyGuard EasyDrop"},"content":{"rendered":"<p><center><div id=\"metaslider-id-412\" style=\"max-width: 1140px;\" class=\"ml-slider-3-99-0 metaslider metaslider-flex metaslider-412 ml-slider ms-theme-default\" role=\"region\" aria-label=\"EasyDrop\" data-width=\"1140\">\n    <div id=\"metaslider_container_412\">\n        <div id=\"metaslider_412\">\n            <ul class='slides'>\n                <li style=\"display: block; width: 100%;\" class=\"slide-413 ms-image \" aria-roledescription=\"slide\" data-date=\"2016-12-20 20:57:24\"><img fetchpriority=\"high\" decoding=\"async\" src=\"https:\/\/www.moneyguard.es\/fr\/wp-content\/uploads\/2016\/12\/money-guard-easydrop-slide1-1140x360.png\" height=\"360\" width=\"1140\" alt=\"\" class=\"slider-412 slide-413 msDefaultImage\" \/><\/li>\n                <li style=\"display: none; width: 100%;\" class=\"slide-414 ms-image \" aria-roledescription=\"slide\" data-date=\"2016-12-20 20:57:29\"><img decoding=\"async\" src=\"https:\/\/www.moneyguard.es\/fr\/wp-content\/uploads\/2016\/12\/money-guard-easydrop-slide2-1140x360.png\" height=\"360\" width=\"1140\" alt=\"\" class=\"slider-412 slide-414 msDefaultImage\" \/><\/li>\n                <li style=\"display: none; width: 100%;\" class=\"slide-415 ms-image \" aria-roledescription=\"slide\" data-date=\"2016-12-20 20:57:53\"><img decoding=\"async\" src=\"https:\/\/www.moneyguard.es\/fr\/wp-content\/uploads\/2016\/12\/money-guard-easydrop-slide3-1140x360.png\" height=\"360\" width=\"1140\" alt=\"\" class=\"slider-412 slide-415 msDefaultImage\" \/><\/li>\n                <li style=\"display: none; width: 100%;\" class=\"slide-416 ms-image \" aria-roledescription=\"slide\" data-date=\"2016-12-20 20:57:57\"><img loading=\"lazy\" decoding=\"async\" src=\"https:\/\/www.moneyguard.es\/fr\/wp-content\/uploads\/2016\/12\/money-guard-easydrop-slide4-1140x360.png\" height=\"360\" width=\"1140\" alt=\"\" class=\"slider-412 slide-416 msDefaultImage\" \/><\/li>\n                <li style=\"display: none; width: 100%;\" class=\"slide-417 ms-image \" aria-roledescription=\"slide\" data-date=\"2016-12-20 20:58:02\"><img loading=\"lazy\" decoding=\"async\" src=\"https:\/\/www.moneyguard.es\/fr\/wp-content\/uploads\/2016\/12\/money-guard-easydrop-slide5-1140x360.png\" height=\"360\" width=\"1140\" alt=\"\" class=\"slider-412 slide-417 msDefaultImage\" \/><\/li>\n                <li style=\"display: none; width: 100%;\" class=\"slide-418 ms-image \" aria-roledescription=\"slide\" data-date=\"2016-12-20 20:58:05\"><img loading=\"lazy\" decoding=\"async\" src=\"https:\/\/www.moneyguard.es\/fr\/wp-content\/uploads\/2016\/12\/money-guard-easydrop-slide6-1140x360.png\" height=\"360\" width=\"1140\" alt=\"\" class=\"slider-412 slide-418 msDefaultImage\" \/><\/li>\n            <\/ul>\n        <\/div>\n        \n    <\/div>\n<\/div><\/center>&nbsp;<\/p>\n<p>Le <strong>MoneyGuard EasyDrop<\/strong> est un syst\u00e8me qui permet \u00e0 l\u2019utilisateur de v\u00e9rifier l\u2019entr\u00e9e d\u2019argent, de mettre en s\u00e9curit\u00e9 les billets, d\u2019acc\u00e9l\u00e9rer la proc\u00e9dure d\u2019entr\u00e9e d\u2019argent et de v\u00e9rifier les billets directement \u00e0 la table de jeux.<\/p>\n<p>Le <strong>MoneyGuard EasyDrop<\/strong> est un syst\u00e8me enti\u00e8rement \u00e9tudi\u00e9 pour les casinos, c\u2019est le premier et l\u2019unique \u00e0 poss\u00e9der les caract\u00e9ristiques suivantes:<\/p>\n<ul>\n<li><strong>PLAT:<\/strong> est totalement plat, le syst\u00e8me d\u2019entr\u00e9e est vertical et le croupier ne devra pas changer votre op\u00e9ration en cours<\/li>\n<li><strong>ELEGANT:<\/strong> int\u00e9gration est totale et ses finitions sont de valeurs<\/li>\n<li><strong>COMPLET:<\/strong> le software central de gestion permet l\u2019int\u00e9gration au syst\u00e8me op\u00e9ratif du casino de fa\u00e7on simple et rapide<\/li>\n<li><strong>TITO:<\/strong> il peut s\u2019int\u00e9grer avec votre syst\u00e8me de tickets pour un changement de TITO \u00e0 la table<\/li>\n<li><strong>S\u00dbR:<\/strong> le stacker changera votre fa\u00e7on de compter votre argent \u00e0 la table<\/li>\n<li><strong>BREVET\u00c9:<\/strong> votre syst\u00e8me d\u2019entr\u00e9e d\u2019argent est brevet\u00e9<\/li>\n<li><strong>CR\u00c9\u00c9 DANS LES CASINOS:<\/strong> il a \u00e9t\u00e9 cr\u00e9e avec la collaboration et l\u2019exp\u00e9rience des casinos europ\u00e9ens et il est pr\u00eat pour satisfaire toutes vos exigences<\/li>\n<\/ul>\n<div class=\"video-container\"><iframe width=\"560\" height=\"315\" src=\"https:\/\/www.youtube.com\/embed\/VqnP8EVChNE?rel=0\" frameborder=\"0\" allowfullscreen><\/iframe><\/iframe><\/div>\n<p><strong>MoneyGuard EasyDrop<\/strong> n\u2019est pas seulement une machine qui am\u00e9liore l\u2019entr\u00e9e d\u2019argent et qui g\u00e8re l\u2019argent \u00e0 la table mais aussi une machine qui poss\u00e8de un clavier avec 7 boutons programmables qui permettent:<\/p>\n<ul>\n<li>d\u2019appeler le service bar \u00e0 la table<\/li>\n<li>d\u2019appeler le personnel de s\u00e9curit\u00e9<\/li>\n<li>d\u2019appeler le personnel de manutention<\/li>\n<li>autres fonctions facilement programmables<\/li>\n<\/ul>\n<div style=\"float: right; margin-left: 10px;\"><a href=\"..\/..\/..\/documents\/brochureEasyDrop_FR.zip\" target=\"_blank\"><br \/>\n<img decoding=\"async\" style=\"width: 60px; hight: 60px;\" src=\"..\/..\/..\/wp-content\/uploads\/2016\/11\/zip-icon.png\" \/><br \/>\n<\/a><\/div>\n<div style=\"float: right; margin-left: 10px;\"><a href=\"..\/..\/..\/documents\/brochureEasyDrop_FR.pdf\" target=\"_blank\"><br \/>\n<img decoding=\"async\" style=\"width: 60px; hight: 60px;\" src=\"..\/..\/..\/wp-content\/uploads\/2016\/11\/pdf-icon.png\" \/><br \/>\n<\/a><\/div>\n","protected":false},"excerpt":{"rendered":"<p>&nbsp; Le MoneyGuard EasyDrop est un syst\u00e8me qui permet \u00e0 l\u2019utilisateur de v\u00e9rifier l\u2019entr\u00e9e d\u2019argent, de mettre en s\u00e9curit\u00e9 les billets, d\u2019acc\u00e9l\u00e9rer la proc\u00e9dure d\u2019entr\u00e9e d\u2019argent et de v\u00e9rifier les billets directement \u00e0 la table de jeux. Le MoneyGuard EasyDrop est un syst\u00e8me enti\u00e8rement \u00e9tudi\u00e9 pour les casinos, c\u2019est le premier et l\u2019unique \u00e0 poss\u00e9der&#8230;<\/p>\n","protected":false},"author":3,"featured_media":274,"parent":33,"menu_order":0,"comment_status":"closed","ping_status":"closed","template":"","meta":{"footnotes":""},"class_list":["post-93","page","type-page","status-publish","has-post-thumbnail","hentry"],"_links":{"self":[{"href":"https:\/\/www.moneyguard.es\/fr\/index.php\/wp-json\/wp\/v2\/pages\/93","targetHints":{"allow":["GET"]}}],"collection":[{"href":"https:\/\/www.moneyguard.es\/fr\/index.php\/wp-json\/wp\/v2\/pages"}],"about":[{"href":"https:\/\/www.moneyguard.es\/fr\/index.php\/wp-json\/wp\/v2\/types\/page"}],"author":[{"embeddable":true,"href":"https:\/\/www.moneyguard.es\/fr\/index.php\/wp-json\/wp\/v2\/users\/3"}],"replies":[{"embeddable":true,"href":"https:\/\/www.moneyguard.es\/fr\/index.php\/wp-json\/wp\/v2\/comments?post=93"}],"version-history":[{"count":18,"href":"https:\/\/www.moneyguard.es\/fr\/index.php\/wp-json\/wp\/v2\/pages\/93\/revisions"}],"predecessor-version":[{"id":419,"href":"https:\/\/www.moneyguard.es\/fr\/index.php\/wp-json\/wp\/v2\/pages\/93\/revisions\/419"}],"up":[{"embeddable":true,"href":"https:\/\/www.moneyguard.es\/fr\/index.php\/wp-json\/wp\/v2\/pages\/33"}],"wp:featuredmedia":[{"embeddable":true,"href":"https:\/\/www.moneyguard.es\/fr\/index.php\/wp-json\/wp\/v2\/media\/274"}],"wp:attachment":[{"href":"https:\/\/www.moneyguard.es\/fr\/index.php\/wp-json\/wp\/v2\/media?parent=93"}],"curies":[{"name":"wp","href":"https:\/\/api.w.org\/{rel}","templated":true}]}}