{"id":68,"date":"2016-11-09T20:00:40","date_gmt":"2016-11-09T20:00:40","guid":{"rendered":"http:\/\/www.moneyguard.es\/fr\/?page_id=68"},"modified":"2016-12-01T18:29:25","modified_gmt":"2016-12-01T18:29:25","slug":"instituts-de-surveillance","status":"publish","type":"page","link":"https:\/\/www.moneyguard.es\/fr\/index.php\/secteur\/instituts-de-surveillance\/","title":{"rendered":"Instituts de Surveillance"},"content":{"rendered":"<p><strong>Instituts de Surveillance<\/strong><\/p>\n<p>Secteur toujours confondu avec le CIT par leurs similarit\u00e9s, nous vous d\u00e9dions notre syst\u00e8me HotWiFi Security, l\u2019excellence de la vid\u00e9osurveillance et de l\u2019alarme. Sachez qu\u2019avec nous, les producteurs, vous pourrez profiter des personnalisations qu\u2019aucun distributeur sera capable de vous offrir.<\/p>\n<p>Nous augmentons l\u2019offre avec d\u2019autres produits que vous pourrez offrir \u00e0 vos clients et qui peuvent \u00eatre utiles pour revendre votre service.<\/p>\n<p><strong>Articles connexes<\/strong><\/p>\n<p><a href=\"http:\/\/www.moneyguard.es\/fr\/index.php\/prodotti\/hotwifi-security\/\">HotWiFi Security<\/a><\/p>\n<p><a href=\"http:\/\/www.moneyguard.es\/fr\/index.php\/prodotti\/moneyguard-serie-x\/\">MoneyGuard Serie X<\/a><\/p>\n<p><a href=\"http:\/\/www.moneyguard.es\/fr\/index.php\/prodotti\/moneyguard-cobra\/\">MoneyGuard Cobra<\/a><\/p>\n<p><a href=\"http:\/\/www.moneyguard.es\/fr\/index.php\/prodotti\/moneyguard-atm\/\">MoneyGuard ATM<\/a><\/p>\n","protected":false},"excerpt":{"rendered":"<p>Instituts de Surveillance Secteur toujours confondu avec le CIT par leurs similarit\u00e9s, nous vous d\u00e9dions notre syst\u00e8me HotWiFi Security, l\u2019excellence de la vid\u00e9osurveillance et de l\u2019alarme. Sachez qu\u2019avec nous, les producteurs, vous pourrez profiter des personnalisations qu\u2019aucun distributeur sera capable de vous offrir. Nous augmentons l\u2019offre avec d\u2019autres produits que vous pourrez offrir \u00e0 vos&#8230;<\/p>\n","protected":false},"author":3,"featured_media":0,"parent":36,"menu_order":0,"comment_status":"closed","ping_status":"closed","template":"","meta":{"footnotes":""},"class_list":["post-68","page","type-page","status-publish","hentry"],"_links":{"self":[{"href":"https:\/\/www.moneyguard.es\/fr\/index.php\/wp-json\/wp\/v2\/pages\/68","targetHints":{"allow":["GET"]}}],"collection":[{"href":"https:\/\/www.moneyguard.es\/fr\/index.php\/wp-json\/wp\/v2\/pages"}],"about":[{"href":"https:\/\/www.moneyguard.es\/fr\/index.php\/wp-json\/wp\/v2\/types\/page"}],"author":[{"embeddable":true,"href":"https:\/\/www.moneyguard.es\/fr\/index.php\/wp-json\/wp\/v2\/users\/3"}],"replies":[{"embeddable":true,"href":"https:\/\/www.moneyguard.es\/fr\/index.php\/wp-json\/wp\/v2\/comments?post=68"}],"version-history":[{"count":7,"href":"https:\/\/www.moneyguard.es\/fr\/index.php\/wp-json\/wp\/v2\/pages\/68\/revisions"}],"predecessor-version":[{"id":363,"href":"https:\/\/www.moneyguard.es\/fr\/index.php\/wp-json\/wp\/v2\/pages\/68\/revisions\/363"}],"up":[{"embeddable":true,"href":"https:\/\/www.moneyguard.es\/fr\/index.php\/wp-json\/wp\/v2\/pages\/36"}],"wp:attachment":[{"href":"https:\/\/www.moneyguard.es\/fr\/index.php\/wp-json\/wp\/v2\/media?parent=68"}],"curies":[{"name":"wp","href":"https:\/\/api.w.org\/{rel}","templated":true}]}}