{"id":56,"date":"2016-11-09T19:55:30","date_gmt":"2016-11-09T19:55:30","guid":{"rendered":"http:\/\/www.moneyguard.es\/fr\/?page_id=56"},"modified":"2016-11-25T14:17:58","modified_gmt":"2016-11-25T14:17:58","slug":"originalcheck","status":"publish","type":"page","link":"https:\/\/www.moneyguard.es\/fr\/index.php\/le-groupe\/originalcheck\/","title":{"rendered":"Original Check"},"content":{"rendered":"<p><img decoding=\"async\" class=\"aligncenter\" src=\"http:\/\/www.moneyguard.es\/img\/marketplace\/lgOC.png\" \/><\/p>\n<p><strong>Original Check<\/strong><\/p>\n<p>Anti-contrefa\u00e7on, tra\u00e7abilit\u00e9 et marketing mot-cl\u00e9 du code Original Check.<\/p>\n<p>Le code Original Check contient les caract\u00e9ristiques suivantes:<\/p>\n<ul type=\"circle\">\n<li>C\u2019est un signe al\u00e9atoire et non-reproductible qui garantie l\u2019anti-contrefa\u00e7on du produit<\/li>\n<li>C\u2019est un signe univoque qui permet le suivi de votre produit avec simplicit\u00e9<\/li>\n<li>C\u2019est un puissant moyen de marketing<\/li>\n<\/ul>\n<p>Le code Original Check fournit l\u2019 \u201cADN\u201d \u00e0 votre produit, le code sera enregistr\u00e9 dans une base de donn\u00e9es, qui pourra \u00eatre utilis\u00e9e pour v\u00e9rifier votre produit depuis un ordinateur connect\u00e9 \u00e0 internet, un t\u00e9l\u00e9phone portable avec appareil photo ou encore depuis un assistant num\u00e9rique personnel et en g\u00e9n\u00e9ral tous les lecteurs de code-barres 2D connect\u00e9s \u00e0 un \u00e9laborateur.<\/p>\n","protected":false},"excerpt":{"rendered":"<p>Original Check Anti-contrefa\u00e7on, tra\u00e7abilit\u00e9 et marketing mot-cl\u00e9 du code Original Check. Le code Original Check contient les caract\u00e9ristiques suivantes: C\u2019est un signe al\u00e9atoire et non-reproductible qui garantie l\u2019anti-contrefa\u00e7on du produit C\u2019est un signe univoque qui permet le suivi de votre produit avec simplicit\u00e9 C\u2019est un puissant moyen de marketing Le code Original Check fournit l\u2019&#8230;<\/p>\n","protected":false},"author":3,"featured_media":0,"parent":30,"menu_order":0,"comment_status":"closed","ping_status":"closed","template":"","meta":{"footnotes":""},"class_list":["post-56","page","type-page","status-publish","hentry"],"_links":{"self":[{"href":"https:\/\/www.moneyguard.es\/fr\/index.php\/wp-json\/wp\/v2\/pages\/56","targetHints":{"allow":["GET"]}}],"collection":[{"href":"https:\/\/www.moneyguard.es\/fr\/index.php\/wp-json\/wp\/v2\/pages"}],"about":[{"href":"https:\/\/www.moneyguard.es\/fr\/index.php\/wp-json\/wp\/v2\/types\/page"}],"author":[{"embeddable":true,"href":"https:\/\/www.moneyguard.es\/fr\/index.php\/wp-json\/wp\/v2\/users\/3"}],"replies":[{"embeddable":true,"href":"https:\/\/www.moneyguard.es\/fr\/index.php\/wp-json\/wp\/v2\/comments?post=56"}],"version-history":[{"count":6,"href":"https:\/\/www.moneyguard.es\/fr\/index.php\/wp-json\/wp\/v2\/pages\/56\/revisions"}],"predecessor-version":[{"id":298,"href":"https:\/\/www.moneyguard.es\/fr\/index.php\/wp-json\/wp\/v2\/pages\/56\/revisions\/298"}],"up":[{"embeddable":true,"href":"https:\/\/www.moneyguard.es\/fr\/index.php\/wp-json\/wp\/v2\/pages\/30"}],"wp:attachment":[{"href":"https:\/\/www.moneyguard.es\/fr\/index.php\/wp-json\/wp\/v2\/media?parent=56"}],"curies":[{"name":"wp","href":"https:\/\/api.w.org\/{rel}","templated":true}]}}