{"id":54,"date":"2016-11-09T19:54:56","date_gmt":"2016-11-09T19:54:56","guid":{"rendered":"http:\/\/www.moneyguard.es\/fr\/?page_id=54"},"modified":"2017-09-12T09:46:21","modified_gmt":"2017-09-12T09:46:21","slug":"moneyguard","status":"publish","type":"page","link":"https:\/\/www.moneyguard.es\/fr\/index.php\/le-groupe\/moneyguard\/","title":{"rendered":"MoneyGuard"},"content":{"rendered":"<p><img fetchpriority=\"high\" decoding=\"async\" class=\"size-full wp-image-13 aligncenter\" src=\"..\/..\/..\/wp-content\/uploads\/2016\/11\/logo_transparent.png\" alt=\"MoneyGuard Serie X\" width=\"969\" height=\"180\" srcset=\"https:\/\/www.moneyguard.es\/fr\/wp-content\/uploads\/2016\/11\/logo_transparent.png 969w, https:\/\/www.moneyguard.es\/fr\/wp-content\/uploads\/2016\/11\/logo_transparent-300x56.png 300w, https:\/\/www.moneyguard.es\/fr\/wp-content\/uploads\/2016\/11\/logo_transparent-768x143.png 768w, https:\/\/www.moneyguard.es\/fr\/wp-content\/uploads\/2016\/11\/logo_transparent-750x139.png 750w, https:\/\/www.moneyguard.es\/fr\/wp-content\/uploads\/2016\/11\/logo_transparent-400x74.png 400w, https:\/\/www.moneyguard.es\/fr\/wp-content\/uploads\/2016\/11\/logo_transparent-430x80.png 430w, https:\/\/www.moneyguard.es\/fr\/wp-content\/uploads\/2016\/11\/logo_transparent-150x28.png 150w, https:\/\/www.moneyguard.es\/fr\/wp-content\/uploads\/2016\/11\/logo_transparent-100x19.png 100w\" sizes=\"(max-width: 969px) 100vw, 969px\" \/><\/p>\n<p><strong>Pr\u00e9sentation de la soci\u00e9t\u00e9<\/strong><\/p>\n<p>MoneyGuard est une soci\u00e9t\u00e9 qui produit et commercialise des produits pour le secteur bancaire, le transport de fonds et de mat\u00e9riaux pr\u00e9cieux, les soci\u00e9t\u00e9s de surveillance, le commerce de d\u00e9tail, les casinos et les salles de jeu. <\/p>\n<p>Dans le domaine du traitement de l&#8217;argent et des syst\u00e8mes de s\u00e9curit\u00e9, depuis 2004, la Soci\u00e9t\u00e9 dispose d&#8217;une large gamme de produits, consultez notre <a href=\"http:\/\/www.moneyguard.es\/fr\/index.php\/produits\/\">catalogue<\/a> pour plus d&#8217;informations.<\/p>\n","protected":false},"excerpt":{"rendered":"<p>Pr\u00e9sentation de la soci\u00e9t\u00e9 MoneyGuard est une soci\u00e9t\u00e9 qui produit et commercialise des produits pour le secteur bancaire, le transport de fonds et de mat\u00e9riaux pr\u00e9cieux, les soci\u00e9t\u00e9s de surveillance, le commerce de d\u00e9tail, les casinos et les salles de jeu. Dans le domaine du traitement de l&#8217;argent et des syst\u00e8mes de s\u00e9curit\u00e9, depuis 2004,&#8230;<\/p>\n","protected":false},"author":3,"featured_media":234,"parent":30,"menu_order":0,"comment_status":"closed","ping_status":"closed","template":"","meta":{"footnotes":""},"class_list":["post-54","page","type-page","status-publish","has-post-thumbnail","hentry"],"_links":{"self":[{"href":"https:\/\/www.moneyguard.es\/fr\/index.php\/wp-json\/wp\/v2\/pages\/54","targetHints":{"allow":["GET"]}}],"collection":[{"href":"https:\/\/www.moneyguard.es\/fr\/index.php\/wp-json\/wp\/v2\/pages"}],"about":[{"href":"https:\/\/www.moneyguard.es\/fr\/index.php\/wp-json\/wp\/v2\/types\/page"}],"author":[{"embeddable":true,"href":"https:\/\/www.moneyguard.es\/fr\/index.php\/wp-json\/wp\/v2\/users\/3"}],"replies":[{"embeddable":true,"href":"https:\/\/www.moneyguard.es\/fr\/index.php\/wp-json\/wp\/v2\/comments?post=54"}],"version-history":[{"count":10,"href":"https:\/\/www.moneyguard.es\/fr\/index.php\/wp-json\/wp\/v2\/pages\/54\/revisions"}],"predecessor-version":[{"id":478,"href":"https:\/\/www.moneyguard.es\/fr\/index.php\/wp-json\/wp\/v2\/pages\/54\/revisions\/478"}],"up":[{"embeddable":true,"href":"https:\/\/www.moneyguard.es\/fr\/index.php\/wp-json\/wp\/v2\/pages\/30"}],"wp:featuredmedia":[{"embeddable":true,"href":"https:\/\/www.moneyguard.es\/fr\/index.php\/wp-json\/wp\/v2\/media\/234"}],"wp:attachment":[{"href":"https:\/\/www.moneyguard.es\/fr\/index.php\/wp-json\/wp\/v2\/media?parent=54"}],"curies":[{"name":"wp","href":"https:\/\/api.w.org\/{rel}","templated":true}]}}