{"id":460,"date":"2017-06-22T10:25:24","date_gmt":"2017-06-22T10:25:24","guid":{"rendered":"http:\/\/www.moneyguard.es\/fr\/?page_id=460"},"modified":"2019-09-04T10:36:12","modified_gmt":"2019-09-04T10:36:12","slug":"moneyguard-cobra-plus","status":"publish","type":"page","link":"https:\/\/www.moneyguard.es\/fr\/index.php\/produits\/moneyguard-cobra-plus\/","title":{"rendered":"MoneyGuard Cobra Plus"},"content":{"rendered":"<p><center><div id=\"metaslider-id-454\" style=\"max-width: 1140px;\" class=\"ml-slider-3-99-0 metaslider metaslider-flex metaslider-454 ml-slider ms-theme-default\" role=\"region\" aria-label=\"Cobra Plus\" data-width=\"1140\">\n    <div id=\"metaslider_container_454\">\n        <div id=\"metaslider_454\">\n            <ul class='slides'>\n                <li style=\"display: block; width: 100%;\" class=\"slide-459 ms-image \" aria-roledescription=\"slide\" data-date=\"2017-06-22 10:23:44\"><img fetchpriority=\"high\" decoding=\"async\" src=\"https:\/\/www.moneyguard.es\/fr\/wp-content\/uploads\/2017\/06\/DSC_0015-1140x360.png\" height=\"360\" width=\"1140\" alt=\"\" class=\"slider-454 slide-459 msDefaultImage\" \/><\/li>\n                <li style=\"display: none; width: 100%;\" class=\"slide-455 ms-image \" aria-roledescription=\"slide\" data-date=\"2017-06-22 10:23:33\"><img decoding=\"async\" src=\"https:\/\/www.moneyguard.es\/fr\/wp-content\/uploads\/2017\/06\/DSC_0024-1140x360.png\" height=\"360\" width=\"1140\" alt=\"\" class=\"slider-454 slide-455 msDefaultImage\" \/><\/li>\n                <li style=\"display: none; width: 100%;\" class=\"slide-456 ms-image \" aria-roledescription=\"slide\" data-date=\"2017-06-22 10:23:36\"><img decoding=\"async\" src=\"https:\/\/www.moneyguard.es\/fr\/wp-content\/uploads\/2017\/06\/DSC_0027-1140x360.png\" height=\"360\" width=\"1140\" alt=\"\" class=\"slider-454 slide-456 msDefaultImage\" \/><\/li>\n                <li style=\"display: none; width: 100%;\" class=\"slide-457 ms-image \" aria-roledescription=\"slide\" data-date=\"2017-06-22 10:23:39\"><img loading=\"lazy\" decoding=\"async\" src=\"https:\/\/www.moneyguard.es\/fr\/wp-content\/uploads\/2017\/06\/DSC_0032-1140x360.png\" height=\"360\" width=\"1140\" alt=\"\" class=\"slider-454 slide-457 msDefaultImage\" \/><\/li>\n                <li style=\"display: none; width: 100%;\" class=\"slide-458 ms-image \" aria-roledescription=\"slide\" data-date=\"2017-06-22 10:23:41\"><img loading=\"lazy\" decoding=\"async\" src=\"https:\/\/www.moneyguard.es\/fr\/wp-content\/uploads\/2017\/06\/DSC_0035-1140x360.png\" height=\"360\" width=\"1140\" alt=\"\" class=\"slider-454 slide-458 msDefaultImage\" \/><\/li>\n            <\/ul>\n        <\/div>\n        \n    <\/div>\n<\/div><\/center>&nbsp;<\/p>\n<p>Le <strong>MoneyGuard Cobra Plus<\/strong> est une machine sp\u00e9cialement \u00e9tudi\u00e9e pour le march\u00e9 bancaire.<\/p>\n<p>Le d\u00e9sir d\u2019automatiser la gestion de billets, optimiser les co\u00fbts et offrir un service continuel et sans file d\u2019attente aux usagers, a pouss\u00e9 la recherche dans un type de machine polyvalente de petite dimension.<\/p>\n<p>Le MoneyGuard Cobra Plus occupe seulement un espace de 750x750mm (LargeurxProfondit\u00e9)!<\/p>\n<p>Il poss\u00e8de 4 compartiments qui acceptent les billets, un compartiment de distribution, un scanne pour pouvoir accepter les documents et les ch\u00e8ques et enfin un compartiment qui accepte les pi\u00e8ces.<\/p>\n<p>Le MoneyGuard Cobra Plus est certifi\u00e9 BCE dans la cat\u00e9gorie TARM (teller assistant recycling machine).<\/p>\n<p><strong>Avantages<\/strong><\/p>\n<p>Les meilleurs adjectifs pour d\u00e9crivent cette machine sont:<\/p>\n<ul>\n<li>Petite, mesure seulement 750x750mm<\/li>\n<li>Economique, elle coute 30-40% de moins que ses \u00e9quivalentes sur le march\u00e9<\/li>\n<li>Compl\u00e8te, elle dirige tout dans un ALL-IN-ONE compacte<\/li>\n<li>Versatile, elle peut \u00eatre adapt\u00e9e \u00e0 tous les types d\u2019op\u00e9rations avec un software dynamique<\/li>\n<li>S\u00fbre, avec sa structure et son syst\u00e8me de fermeture, l\u2019acc\u00e8s pour les malintentionn\u00e9s est difficile<\/li>\n<li>CIT ready, est pr\u00e9dispos\u00e9e \u00e0 \u00eatre charg\u00e9e et vid\u00e9e par le fourgon blind\u00e9, le syst\u00e8me d\u2019acc\u00e8s \u00e0 double cl\u00e9s, les compartiments pr\u00e9dispos\u00e9s avec les sceaux et l\u2019acc\u00e8s facile rendent cette machine unique et facile \u00e0 g\u00e9rer<\/li>\n<\/ul>\n<p><strong>Autres secteurs d\u2019utilisation<\/strong><\/p>\n<p><em>Retail, Transport, Self-ticketing, Self-payment, etc.<\/em><\/p>\n<div style=\"float: right; margin-left: 10px;\"><a href=\"..\/..\/..\/documents\/brochureCobraP_FR.zip\" target=\"_blank\"><br \/>\n<img decoding=\"async\" style=\"width: 60px; hight: 60px;\" src=\"..\/..\/..\/wp-content\/uploads\/2016\/11\/zip-icon.png\" \/><br \/>\n<\/a><\/div>\n<div style=\"float: right; margin-left: 10px;\"><a href=\"..\/..\/..\/documents\/brochureCobraP_FR.pdf\" target=\"_blank\"><br \/>\n<img decoding=\"async\" style=\"width: 60px; hight: 60px;\" src=\"..\/..\/..\/wp-content\/uploads\/2016\/11\/pdf-icon.png\" \/><br \/>\n<\/a><\/div>\n","protected":false},"excerpt":{"rendered":"<p>&nbsp; Le MoneyGuard Cobra Plus est une machine sp\u00e9cialement \u00e9tudi\u00e9e pour le march\u00e9 bancaire. Le d\u00e9sir d\u2019automatiser la gestion de billets, optimiser les co\u00fbts et offrir un service continuel et sans file d\u2019attente aux usagers, a pouss\u00e9 la recherche dans un type de machine polyvalente de petite dimension. Le MoneyGuard Cobra Plus occupe seulement un&#8230;<\/p>\n","protected":false},"author":3,"featured_media":0,"parent":33,"menu_order":0,"comment_status":"closed","ping_status":"closed","template":"","meta":{"footnotes":""},"class_list":["post-460","page","type-page","status-publish","hentry"],"_links":{"self":[{"href":"https:\/\/www.moneyguard.es\/fr\/index.php\/wp-json\/wp\/v2\/pages\/460","targetHints":{"allow":["GET"]}}],"collection":[{"href":"https:\/\/www.moneyguard.es\/fr\/index.php\/wp-json\/wp\/v2\/pages"}],"about":[{"href":"https:\/\/www.moneyguard.es\/fr\/index.php\/wp-json\/wp\/v2\/types\/page"}],"author":[{"embeddable":true,"href":"https:\/\/www.moneyguard.es\/fr\/index.php\/wp-json\/wp\/v2\/users\/3"}],"replies":[{"embeddable":true,"href":"https:\/\/www.moneyguard.es\/fr\/index.php\/wp-json\/wp\/v2\/comments?post=460"}],"version-history":[{"count":5,"href":"https:\/\/www.moneyguard.es\/fr\/index.php\/wp-json\/wp\/v2\/pages\/460\/revisions"}],"predecessor-version":[{"id":489,"href":"https:\/\/www.moneyguard.es\/fr\/index.php\/wp-json\/wp\/v2\/pages\/460\/revisions\/489"}],"up":[{"embeddable":true,"href":"https:\/\/www.moneyguard.es\/fr\/index.php\/wp-json\/wp\/v2\/pages\/33"}],"wp:attachment":[{"href":"https:\/\/www.moneyguard.es\/fr\/index.php\/wp-json\/wp\/v2\/media?parent=460"}],"curies":[{"name":"wp","href":"https:\/\/api.w.org\/{rel}","templated":true}]}}