{"id":40,"date":"2016-11-09T18:58:14","date_gmt":"2016-11-09T18:58:14","guid":{"rendered":"http:\/\/www.moneyguard.es\/fr\/?page_id=40"},"modified":"2016-11-25T14:24:01","modified_gmt":"2016-11-25T14:24:01","slug":"original-check","status":"publish","type":"page","link":"https:\/\/www.moneyguard.es\/fr\/index.php\/secteur\/anti-contrefacon\/original-check\/","title":{"rendered":"Ce qui est Original Check"},"content":{"rendered":"<p><img decoding=\"async\" class=\"aligncenter\" src=\"http:\/\/www.moneyguard.es\/img\/marketplace\/bigOC.png\" \/><strong>Cos&#8217;\u00e8 Original Check<\/strong><\/p>\n<p>Le mot &#8220;original&#8221; est donn\u00e9 aux choses qui directement et r\u00e9ellement viennent de son auteur, au moment ou l\u2019on parle de <b>original<\/b> apparait le probl\u00e8me de distinguer un produit d\u2019un faux. Les producteurs se voient oblig\u00e9s de cette fa\u00e7on, soit de tol\u00e9rer la contrefa\u00e7on de leurs produits, soit d\u2019ins\u00e9rer dans leurs produits des mesures qui parfois coutent tr\u00e8s ch\u00e8res, comme le signe holographique, qui nous garantie la non-reproductibilit\u00e9 du produit.<\/p>\n<p>Le <b>Original Check<\/b> est un <i>code univoque<\/i> cr\u00e9e par un processus al\u00e9atoire non reproductible.<\/p>\n<p>Comment <b>Original Check<\/b> peut-il \u00eatre non-reproductible et al\u00e9atoire?<\/p>\n<p>Pour \u00eatre al\u00e9atoire et non-reproductible Original Check est bas\u00e9 sur un processus de cr\u00e9ation non assist\u00e9 par ordinateurs ou machines \u00e0 contr\u00f4le num\u00e9rique, par exemple si je vaporise de l\u2019eau sur la fen\u00eatre, les gouttes vont se r\u00e9partir al\u00e9atoirement sur la superficie, et vous serez d\u2019accord avec moi sur le fait que chaque centim\u00e8tre de la superficie est diff\u00e9rent d\u2019un autre et que c\u2019est al\u00e9atoire et univoque. Aucune machine cr\u00e9e par l\u2019homme pourrait disposer les gouttes dans la m\u00eame position et avec la m\u00eame dimension, donc non-reproductible.<\/p>\n<p>Le Original Check est bas\u00e9 sur des ph\u00e9nom\u00e8nes qui existent dans la nature et qui ne sont pas math\u00e9matiquement pr\u00e9visibles, c\u2019est de cette fa\u00e7on que nait le code.<\/p>\n<p><a href=\"http:\/\/www.moneyguard.es\/fr\/index.php\/secteur\/anti-contrefacon\/applications\/\">Applications<\/a><br \/>\n<a href=\"http:\/\/www.moneyguard.es\/fr\/index.php\/secteur\/anti-contrefacon\/multimedia\/\">Multimedia<\/a><\/p>\n","protected":false},"excerpt":{"rendered":"<p>Cos&#8217;\u00e8 Original Check Le mot &#8220;original&#8221; est donn\u00e9 aux choses qui directement et r\u00e9ellement viennent de son auteur, au moment ou l\u2019on parle de original apparait le probl\u00e8me de distinguer un produit d\u2019un faux. Les producteurs se voient oblig\u00e9s de cette fa\u00e7on, soit de tol\u00e9rer la contrefa\u00e7on de leurs produits, soit d\u2019ins\u00e9rer dans leurs produits&#8230;<\/p>\n","protected":false},"author":3,"featured_media":0,"parent":38,"menu_order":0,"comment_status":"closed","ping_status":"closed","template":"","meta":{"footnotes":""},"class_list":["post-40","page","type-page","status-publish","hentry"],"_links":{"self":[{"href":"https:\/\/www.moneyguard.es\/fr\/index.php\/wp-json\/wp\/v2\/pages\/40","targetHints":{"allow":["GET"]}}],"collection":[{"href":"https:\/\/www.moneyguard.es\/fr\/index.php\/wp-json\/wp\/v2\/pages"}],"about":[{"href":"https:\/\/www.moneyguard.es\/fr\/index.php\/wp-json\/wp\/v2\/types\/page"}],"author":[{"embeddable":true,"href":"https:\/\/www.moneyguard.es\/fr\/index.php\/wp-json\/wp\/v2\/users\/3"}],"replies":[{"embeddable":true,"href":"https:\/\/www.moneyguard.es\/fr\/index.php\/wp-json\/wp\/v2\/comments?post=40"}],"version-history":[{"count":9,"href":"https:\/\/www.moneyguard.es\/fr\/index.php\/wp-json\/wp\/v2\/pages\/40\/revisions"}],"predecessor-version":[{"id":337,"href":"https:\/\/www.moneyguard.es\/fr\/index.php\/wp-json\/wp\/v2\/pages\/40\/revisions\/337"}],"up":[{"embeddable":true,"href":"https:\/\/www.moneyguard.es\/fr\/index.php\/wp-json\/wp\/v2\/pages\/38"}],"wp:attachment":[{"href":"https:\/\/www.moneyguard.es\/fr\/index.php\/wp-json\/wp\/v2\/media?parent=40"}],"curies":[{"name":"wp","href":"https:\/\/api.w.org\/{rel}","templated":true}]}}