{"id":105,"date":"2016-11-12T10:34:16","date_gmt":"2016-11-12T10:34:16","guid":{"rendered":"http:\/\/www.moneyguard.es\/fr\/?page_id=105"},"modified":"2016-11-25T14:20:08","modified_gmt":"2016-11-25T14:20:08","slug":"hotwifi-security","status":"publish","type":"page","link":"https:\/\/www.moneyguard.es\/fr\/index.php\/produits\/hotwifi-security\/","title":{"rendered":"HotWiFi Security"},"content":{"rendered":"<p><center><img decoding=\"async\" class=\"size-full wp-image-13\" src=\"http:\/\/www.moneyguard.es\/fr\/wp-content\/uploads\/2016\/11\/hot-wifi-security.gif\" alt=\"HotWiFi Security\" width=\"167\" height=\"30\" \/><\/center><\/p>\n<p>Le produit est le fruit de l\u2019union entre la technologie et l\u2019innovation, il a re\u00e7u plusieurs prix, entre ceux-ci, celui d\u2019\u00eatre l\u2019unique syst\u00e8me au monde pour ses caract\u00e9ristiques:<\/p>\n<ul>\n<li>Le software est en italien, anglais, fran\u00e7ais, espagnol et allemand<\/li>\n<li>Il utilise le m\u00eame niveau de s\u00e9curit\u00e9 utilis\u00e9 par les banques en ligne (SSL 128 bit)<\/li>\n<li>Il n\u2019a pas besoin d\u2019autre software pour \u00eatre visionn\u00e9 (aucun software n\u2019a besoin d\u2019\u00eatre install\u00e9 dans l\u2019ordinateur depuis lequel l\u2019acc\u00e8s au syst\u00e8me se fait)<\/li>\n<li>Il permet l\u2019utilisation de t\u00e9l\u00e9-camera (jusqu\u2019a 11 MegaPixel)<\/li>\n<li>Il est pr\u00e9dispos\u00e9 pour la technologie WIRELESS (WiFi 802.11x)<\/li>\n<\/ul>\n","protected":false},"excerpt":{"rendered":"<p>Le produit est le fruit de l\u2019union entre la technologie et l\u2019innovation, il a re\u00e7u plusieurs prix, entre ceux-ci, celui d\u2019\u00eatre l\u2019unique syst\u00e8me au monde pour ses caract\u00e9ristiques: Le software est en italien, anglais, fran\u00e7ais, espagnol et allemand Il utilise le m\u00eame niveau de s\u00e9curit\u00e9 utilis\u00e9 par les banques en ligne (SSL 128 bit) Il&#8230;<\/p>\n","protected":false},"author":3,"featured_media":0,"parent":33,"menu_order":0,"comment_status":"closed","ping_status":"closed","template":"","meta":{"footnotes":""},"class_list":["post-105","page","type-page","status-publish","hentry"],"_links":{"self":[{"href":"https:\/\/www.moneyguard.es\/fr\/index.php\/wp-json\/wp\/v2\/pages\/105","targetHints":{"allow":["GET"]}}],"collection":[{"href":"https:\/\/www.moneyguard.es\/fr\/index.php\/wp-json\/wp\/v2\/pages"}],"about":[{"href":"https:\/\/www.moneyguard.es\/fr\/index.php\/wp-json\/wp\/v2\/types\/page"}],"author":[{"embeddable":true,"href":"https:\/\/www.moneyguard.es\/fr\/index.php\/wp-json\/wp\/v2\/users\/3"}],"replies":[{"embeddable":true,"href":"https:\/\/www.moneyguard.es\/fr\/index.php\/wp-json\/wp\/v2\/comments?post=105"}],"version-history":[{"count":6,"href":"https:\/\/www.moneyguard.es\/fr\/index.php\/wp-json\/wp\/v2\/pages\/105\/revisions"}],"predecessor-version":[{"id":474,"href":"https:\/\/www.moneyguard.es\/fr\/index.php\/wp-json\/wp\/v2\/pages\/105\/revisions\/474"}],"up":[{"embeddable":true,"href":"https:\/\/www.moneyguard.es\/fr\/index.php\/wp-json\/wp\/v2\/pages\/33"}],"wp:attachment":[{"href":"https:\/\/www.moneyguard.es\/fr\/index.php\/wp-json\/wp\/v2\/media?parent=105"}],"curies":[{"name":"wp","href":"https:\/\/api.w.org\/{rel}","templated":true}]}}