{"id":99,"date":"2016-11-12T10:24:13","date_gmt":"2016-11-12T10:24:13","guid":{"rendered":"http:\/\/www.moneyguard.es\/es\/?page_id=99"},"modified":"2017-06-05T10:44:16","modified_gmt":"2017-06-05T10:44:16","slug":"moneyguard-babelslots","status":"publish","type":"page","link":"https:\/\/www.moneyguard.es\/es\/index.php\/productos\/moneyguard-babelslots\/","title":{"rendered":"MoneyGuard BabelSlots"},"content":{"rendered":"<p><center><img decoding=\"async\" src=\"..\/..\/..\/wp-content\/uploads\/2016\/11\/mg-babelslots.png\" alt=\"MoneyGuard BabelSlots\" width=\"400\" height=\"103\" class=\"size-full wp-image-13\" \/><\/center><\/p>\n<p><strong>MoneyGuard BabelSlots<\/strong> gracias a su interfaz transparente permite la interconexi\u00f3n con muchos aceptadores de su mercado, como por ejemplo, MEI, JCM y otros.<\/p>\n<p>Su objetivo es permitir aceptar dos o m\u00e1s monedas en la misma ranura, aplicando un cambio a un ritmo siempre actualizado y gestionado por un servidor software centralizado.<\/p>\n<p>Adem\u00e1s tiene algunas caracteristicas avanzadas, como la actualizaci\u00f3n del firmware del aceptador remota de forma centralizada. Otra caracteristica es que en solo tres horas, todas las maquinas ser\u00e1n actualizadas y aceptaran los nuevos billetes. Y una \u00faltima caracteristica que aumentar\u00e1 la calidad de aceptacion del lector.<\/p>\n<p>Con un accesorio m\u00e1s, es posible equipar los cajetines con una etiqueta RFID y localizarlo en la sala de recuento, no hay posibilidad de error humano, el control es m\u00e1ximo y el seguimiento es simple y eficaz.<\/p>\n<p>Creado para el Casino de Campione, BabelSlots se posiciona como una novedad del sector \u00fatil y econom\u00edca.<\/p>\n","protected":false},"excerpt":{"rendered":"<p>MoneyGuard BabelSlots gracias a su interfaz transparente permite la interconexi\u00f3n con muchos aceptadores de su mercado, como por ejemplo, MEI, JCM y otros. Su objetivo es permitir aceptar dos o m\u00e1s monedas en la misma ranura, aplicando un cambio a un ritmo siempre actualizado y gestionado por un servidor software centralizado. Adem\u00e1s tiene algunas caracteristicas&#8230;<\/p>\n","protected":false},"author":4,"featured_media":0,"parent":33,"menu_order":0,"comment_status":"closed","ping_status":"closed","template":"","meta":{"footnotes":""},"class_list":["post-99","page","type-page","status-publish","hentry"],"_links":{"self":[{"href":"https:\/\/www.moneyguard.es\/es\/index.php\/wp-json\/wp\/v2\/pages\/99","targetHints":{"allow":["GET"]}}],"collection":[{"href":"https:\/\/www.moneyguard.es\/es\/index.php\/wp-json\/wp\/v2\/pages"}],"about":[{"href":"https:\/\/www.moneyguard.es\/es\/index.php\/wp-json\/wp\/v2\/types\/page"}],"author":[{"embeddable":true,"href":"https:\/\/www.moneyguard.es\/es\/index.php\/wp-json\/wp\/v2\/users\/4"}],"replies":[{"embeddable":true,"href":"https:\/\/www.moneyguard.es\/es\/index.php\/wp-json\/wp\/v2\/comments?post=99"}],"version-history":[{"count":8,"href":"https:\/\/www.moneyguard.es\/es\/index.php\/wp-json\/wp\/v2\/pages\/99\/revisions"}],"predecessor-version":[{"id":523,"href":"https:\/\/www.moneyguard.es\/es\/index.php\/wp-json\/wp\/v2\/pages\/99\/revisions\/523"}],"up":[{"embeddable":true,"href":"https:\/\/www.moneyguard.es\/es\/index.php\/wp-json\/wp\/v2\/pages\/33"}],"wp:attachment":[{"href":"https:\/\/www.moneyguard.es\/es\/index.php\/wp-json\/wp\/v2\/media?parent=99"}],"curies":[{"name":"wp","href":"https:\/\/api.w.org\/{rel}","templated":true}]}}