{"id":93,"date":"2016-11-12T10:20:21","date_gmt":"2016-11-12T10:20:21","guid":{"rendered":"http:\/\/www.moneyguard.es\/es\/?page_id=93"},"modified":"2024-02-16T08:59:30","modified_gmt":"2024-02-16T08:59:30","slug":"moneyguard-easydrop","status":"publish","type":"page","link":"https:\/\/www.moneyguard.es\/es\/index.php\/productos\/moneyguard-easydrop\/","title":{"rendered":"MoneyGuard EasyDrop"},"content":{"rendered":"<p><center><div id=\"metaslider-id-418\" style=\"max-width: 1140px;\" class=\"ml-slider-3-99-0 metaslider metaslider-flex metaslider-418 ml-slider ms-theme-default\" role=\"region\" aria-label=\"EasyDrop\" data-width=\"1140\">\n    <div id=\"metaslider_container_418\">\n        <div id=\"metaslider_418\">\n            <ul class='slides'>\n                <li style=\"display: block; width: 100%;\" class=\"slide-419 ms-image \" aria-roledescription=\"slide\" data-date=\"2016-12-20 20:57:15\"><img fetchpriority=\"high\" decoding=\"async\" src=\"https:\/\/www.moneyguard.es\/es\/wp-content\/uploads\/2016\/12\/money-guard-easydrop-slide1-1140x360.png\" height=\"360\" width=\"1140\" alt=\"\" class=\"slider-418 slide-419 msDefaultImage\" \/><\/li>\n                <li style=\"display: none; width: 100%;\" class=\"slide-420 ms-image \" aria-roledescription=\"slide\" data-date=\"2016-12-20 20:57:20\"><img decoding=\"async\" src=\"https:\/\/www.moneyguard.es\/es\/wp-content\/uploads\/2016\/12\/money-guard-easydrop-slide2-1140x360.png\" height=\"360\" width=\"1140\" alt=\"\" class=\"slider-418 slide-420 msDefaultImage\" \/><\/li>\n                <li style=\"display: none; width: 100%;\" class=\"slide-421 ms-image \" aria-roledescription=\"slide\" data-date=\"2016-12-20 20:57:37\"><img decoding=\"async\" src=\"https:\/\/www.moneyguard.es\/es\/wp-content\/uploads\/2016\/12\/money-guard-easydrop-slide3-1140x360.png\" height=\"360\" width=\"1140\" alt=\"\" class=\"slider-418 slide-421 msDefaultImage\" \/><\/li>\n                <li style=\"display: none; width: 100%;\" class=\"slide-422 ms-image \" aria-roledescription=\"slide\" data-date=\"2016-12-20 20:57:41\"><img loading=\"lazy\" decoding=\"async\" src=\"https:\/\/www.moneyguard.es\/es\/wp-content\/uploads\/2016\/12\/money-guard-easydrop-slide4-1140x360.png\" height=\"360\" width=\"1140\" alt=\"\" class=\"slider-418 slide-422 msDefaultImage\" \/><\/li>\n                <li style=\"display: none; width: 100%;\" class=\"slide-423 ms-image \" aria-roledescription=\"slide\" data-date=\"2016-12-20 20:57:47\"><img loading=\"lazy\" decoding=\"async\" src=\"https:\/\/www.moneyguard.es\/es\/wp-content\/uploads\/2016\/12\/money-guard-easydrop-slide5-1140x360.png\" height=\"360\" width=\"1140\" alt=\"\" class=\"slider-418 slide-423 msDefaultImage\" \/><\/li>\n                <li style=\"display: none; width: 100%;\" class=\"slide-424 ms-image \" aria-roledescription=\"slide\" data-date=\"2016-12-20 20:57:51\"><img loading=\"lazy\" decoding=\"async\" src=\"https:\/\/www.moneyguard.es\/es\/wp-content\/uploads\/2016\/12\/money-guard-easydrop-slide6-1140x360.png\" height=\"360\" width=\"1140\" alt=\"\" class=\"slider-418 slide-424 msDefaultImage\" \/><\/li>\n            <\/ul>\n        <\/div>\n        \n    <\/div>\n<\/div><\/center>Il <strong>MoneyGuard EasyDrop<\/strong> es un s\u00edstema que permite al croupier efectuar los ingresos por la compra de fichas en mesa, de una forma totalmente desatendida teniendo un absoluto control de la mesa de juego. Agilizando todo el proceso contable de los ingresos, aportando m\u00e1s seguridad y control.<\/p>\n<p>Il <strong>MoneyGuard EasyDrop<\/strong> es un s\u00edstema completo dise\u00f1ado para los Casinos, Patentado, principales caracter\u00edsticas:<\/p>\n<ul>\n<li><strong>PLANO:<\/strong> se integra en la mesa de juego totalmente &#8220;plano&#8221; con nuestro s\u00edstema de caida vertical patentado<\/li>\n<li><strong>ELEGANTE:<\/strong> la integraci\u00f3n con la mesa de juego es total, acabados de diseno<\/li>\n<li><strong>COMPLETO:<\/strong> el software pemite controlar &#8220;on line&#8221; todo el efectivo ingresado en todas las mesas del Casino<\/li>\n<li><strong>TITO:<\/strong> es el \u00fanico s\u00edstema del mercado que acepta, paga, controla y anula &#8220;TITOS&#8221;( opcional necesita integraci\u00f3n)<\/li>\n<li><strong>SEGURO:<\/strong> cada Cajet\u00edn tiene un c\u00f3digo \u00fanico controlado por &#8220;RFID&#8221; que permite su seguimiento hasta la sala de recuento<\/li>\n<li><strong>PATENTADO:<\/strong> el \u00fanico con caida vertical &#8220;Patentado&#8221;<\/li>\n<li><strong>NACIO EN UN CASINO:<\/strong> gracias a la colaboraci\u00f3n y experiencia de un Casino Europeo ya son muchos los que cuentan con nuestro s\u00edstema.<\/li>\n<\/ul>\n<div class=\"video-container\"><iframe src=\"https:\/\/www.youtube.com\/embed\/P9Ljrb8mZjc?rel=0\" width=\"560\" height=\"315\" frameborder=\"0\" allowfullscreen=\"allowfullscreen\"><\/iframe><\/div>\n<p><strong>MoneyGuard EasyDrop<\/strong> no es s\u00f3lo un maquina para mejorar gesti\u00f3n de efectivo de la mesa. Cuenta con un panel de control con 7 botones programables para:<\/p>\n<ul>\n<li>llamada al Servicio de Seguridad<\/li>\n<li>llamada al Servicio de Barra Bar<\/li>\n<li>llamada al Servicio de Mantenimiento<\/li>\n<li>seguimiento de un cliente<\/li>\n<li>y cualquier otra tarea que se desee programar<\/li>\n<\/ul>\n<p><!--\n\n\n<div style=\"float: right; margin-left: 10px;\"><a href=\"..\/..\/..\/documents\/brochureEasyDrop_ES.zip\" target=\"_blank\" rel=\"noopener\">\n<img decoding=\"async\" style=\"width: 60px; hight: 60px;\" src=\"..\/..\/..\/wp-content\/uploads\/2016\/11\/zip-icon.png\" \/>\n<\/a><\/div>\n\n\n\n\n<div style=\"float: right; margin-left: 10px;\"><a href=\"..\/..\/..\/documents\/brochureEasyDrop_ES.pdf\" target=\"_blank\" rel=\"noopener\">\n<img decoding=\"async\" style=\"width: 60px; hight: 60px;\" src=\"..\/..\/..\/wp-content\/uploads\/2016\/11\/pdf-icon.png\" \/>\n<\/a><\/div>\n\n\n--><\/p>\n<div style=\"clear: both; text-align: center;\">\n<h2>Brochures PDF<\/h2>\n<\/div>\n<div class=\"parent-banderas\" style=\"float: right; margin-left: 10px; text-align: center;\"><a href=\"..\/..\/..\/documents\/mg2020\/EasyDrop\/brochureEasyDrop_ES.pdf\" target=\"_blank\" rel=\"noopener\"><br \/>\n<img decoding=\"async\" class=\"image-externa-banderas\" style=\"width: 60px; height: 60px; border-radius: 50%;\" src=\"..\/..\/..\/wp-content\/uploads\/2020\/02\/spanish.png\" \/><br \/>\n<img decoding=\"async\" class=\"image-interna-banderas\" style=\"width: 40px; height: 40px; border-radius: 50%;\" src=\"..\/..\/..\/wp-content\/uploads\/2016\/11\/pdf-icon.png\" \/><br \/>\n<\/a><\/div>\n<div class=\"parent-banderas\" style=\"float: right; margin-left: 10px; text-align: center;\"><a href=\"..\/..\/..\/documents\/mg2020\/EasyDrop\/brochureEasyDrop_EN.pdf\" target=\"_blank\" rel=\"noopener\"><br \/>\n<img decoding=\"async\" class=\"image-externa-banderas\" style=\"width: 60px; height: 60px; border-radius: 50%;\" src=\"..\/..\/..\/wp-content\/uploads\/2020\/02\/english.png\" \/><br \/>\n<img decoding=\"async\" class=\"image-interna-banderas\" style=\"width: 40px; height: 40px; border-radius: 50%;\" src=\"..\/..\/..\/wp-content\/uploads\/2016\/11\/pdf-icon.png\" \/><br \/>\n<\/a><\/div>\n<div class=\"parent-banderas\" style=\"float: right; margin-left: 10px; text-align: center;\"><a href=\"..\/..\/..\/documents\/mg2020\/EasyDrop\/brochureEasyDrop_IT.pdf\" target=\"_blank\" rel=\"noopener\"><br \/>\n<img decoding=\"async\" class=\"image-externa-banderas\" style=\"width: 60px; height: 60px; border-radius: 50%;\" src=\"..\/..\/..\/wp-content\/uploads\/2020\/02\/italian.jpg\" \/><br \/>\n<img decoding=\"async\" class=\"image-interna-banderas\" style=\"width: 40px; height: 40px; border-radius: 50%;\" src=\"..\/..\/..\/wp-content\/uploads\/2016\/11\/pdf-icon.png\" \/><br \/>\n<\/a><\/div>\n<div class=\"parent-banderas\" style=\"float: right; margin-left: 10px; text-align: center;\"><a href=\"..\/..\/..\/documents\/mg2020\/EasyDrop\/brochureEasyDrop_RU.pdf\" target=\"_blank\" rel=\"noopener\"><br \/>\n<img decoding=\"async\" class=\"image-externa-banderas\" style=\"width: 60px; height: 60px; border-radius: 50%;\" src=\"..\/..\/..\/wp-content\/uploads\/2020\/02\/russian.png\" \/><br \/>\n<img decoding=\"async\" class=\"image-interna-banderas\" style=\"width: 40px; height: 40px; border-radius: 50%;\" src=\"..\/..\/..\/wp-content\/uploads\/2016\/11\/pdf-icon.png\" \/><br \/>\n<\/a><\/div>\n<div class=\"parent-banderas\" style=\"float: right; margin-left: 10px; text-align: center;\"><a href=\"..\/..\/..\/documents\/mg2020\/EasyDrop\/brochureEasyDrop_ZH.pdf\" target=\"_blank\" rel=\"noopener\"><br \/>\n<img decoding=\"async\" class=\"image-externa-banderas\" style=\"width: 60px; height: 60px; border-radius: 50%;\" src=\"..\/..\/..\/wp-content\/uploads\/2020\/02\/china.jpg\" \/><br \/>\n<img decoding=\"async\" class=\"image-interna-banderas\" style=\"width: 40px; height: 40px; border-radius: 50%;\" src=\"..\/..\/..\/wp-content\/uploads\/2016\/11\/pdf-icon.png\" \/><br \/>\n<\/a><\/div>\n<div class=\"parent-banderas\" style=\"float: right; margin-left: 10px; text-align: center;\"><a href=\"..\/..\/..\/documents\/mg2020\/EasyDrop\/brochureEasyDrop_FR.pdf\" target=\"_blank\" rel=\"noopener\"><br \/>\n<img decoding=\"async\" class=\"image-externa-banderas\" style=\"width: 60px; height: 60px; border-radius: 50%;\" src=\"..\/..\/..\/wp-content\/uploads\/2020\/02\/france.jpg\" \/><br \/>\n<img decoding=\"async\" class=\"image-interna-banderas\" style=\"width: 40px; height: 40px; border-radius: 50%;\" src=\"..\/..\/..\/wp-content\/uploads\/2016\/11\/pdf-icon.png\" \/><br \/>\n<\/a><\/div>\n<div class=\"parent-banderas\" style=\"float: right; margin-left: 10px; text-align: center;\"><a href=\"..\/..\/..\/documents\/mg2020\/EasyDrop\/brochureEasyDrop_DE.pdf\" target=\"_blank\" rel=\"noopener\"><br \/>\n<img decoding=\"async\" class=\"image-externa-banderas\" style=\"width: 60px; height: 60px; border-radius: 50%;\" src=\"..\/..\/..\/wp-content\/uploads\/2020\/02\/german.png\" \/><br \/>\n<img decoding=\"async\" class=\"image-interna-banderas\" style=\"width: 40px; height: 40px; border-radius: 50%;\" src=\"..\/..\/..\/wp-content\/uploads\/2016\/11\/pdf-icon.png\" \/><br \/>\n<\/a><\/div>\n<div class=\"parent-banderas\" style=\"float: right; margin-left: 10px; text-align: center;\"><a href=\"..\/..\/..\/es\/documents\/mg2020\/EasyDrop\/brochureEasyDrop_AR.pdf\" target=\"_blank\" rel=\"noopener\"><br \/>\n<img decoding=\"async\" class=\"image-externa-banderas\" style=\"width: 60px; height: 60px; border-radius: 50%;\" src=\"..\/..\/..\/wp-content\/uploads\/2020\/02\/arabic.png\" \/><br \/>\n<img decoding=\"async\" class=\"image-interna-banderas\" style=\"width: 40px; height: 40px; border-radius: 50%;\" src=\"..\/..\/..\/wp-content\/uploads\/2016\/11\/pdf-icon.png\" \/><br \/>\n<\/a><\/div>\n<p><!--\n\n\n\n<hr \/>\n\n\n\n\n\n<div style=\"clear: both; text-align: center;\">\n\n\n<h2>Brochures PDF<\/h2>\n\n\n<\/div>\n\n\n\n\n<div class=\"parent-banderas\" style=\"float: right; margin-left: 10px; text-align:center\"><a href=\"..\/..\/..\/documents\/mg2020\/FastDrop\/brochureFastDrop_ES.pdf\" target=\"_blank\" rel=\"noopener\">\n    <img decoding=\"async\" class=\"image-externa-banderas\" style=\"width: 60px; height: 60px;  border-radius: 50%;\" src=\"..\/..\/..\/wp-content\/uploads\/2020\/02\/spanish.png\" \/>\n    <img decoding=\"async\" class=\"image-interna-banderas\" style=\"width: 40px; height: 40px;border-radius: 50%;\" src=\"..\/..\/..\/wp-content\/uploads\/2016\/11\/pdf-icon.png\" \/>\n    <\/a><\/div>\n\n\n\n\n<div class=\"parent-banderas\" style=\"float: right; margin-left: 10px; text-align:center\"><a href=\"..\/..\/..\/documents\/mg2020\/FastDrop\/brochureFastDrop_EN.pdf\" target=\"_blank\" rel=\"noopener\">\n    <img decoding=\"async\" class=\"image-externa-banderas\" style=\"width: 60px; height: 60px;  border-radius: 50%;\" src=\"..\/..\/..\/wp-content\/uploads\/2020\/02\/english.png\" \/>\n    <img decoding=\"async\" class=\"image-interna-banderas\" style=\"width: 40px; height: 40px;border-radius: 50%;\" src=\"..\/..\/..\/wp-content\/uploads\/2016\/11\/pdf-icon.png\" \/>\n    <\/a><\/div>\n\n\n\n\n<div class=\"parent-banderas\" style=\"float: right; margin-left: 10px; text-align:center\"><a href=\"..\/..\/..\/documents\/mg2020\/FastDrop\/brochureFastDrop_IT.pdf\" target=\"_blank\" rel=\"noopener\">\n    <img decoding=\"async\" class=\"image-externa-banderas\" style=\"width: 60px; height: 60px;  border-radius: 50%;\" src=\"..\/..\/..\/wp-content\/uploads\/2020\/02\/italian.jpg\" \/>\n    <img decoding=\"async\" class=\"image-interna-banderas\" style=\"width: 40px; height: 40px;border-radius: 50%;\" src=\"..\/..\/..\/wp-content\/uploads\/2016\/11\/pdf-icon.png\" \/>\n    <\/a><\/div>\n\n\n\n\n<div class=\"parent-banderas\" style=\"float: right; margin-left: 10px; text-align:center\"><a href=\"..\/..\/..\/documents\/mg2020\/FastDrop\/brochureFastDrop_RU.pdf\" target=\"_blank\" rel=\"noopener\">\n    <img decoding=\"async\" class=\"image-externa-banderas\" style=\"width: 60px; height: 60px;  border-radius: 50%;\" src=\"..\/..\/..\/wp-content\/uploads\/2020\/02\/russian.png\" \/>\n    <img decoding=\"async\" class=\"image-interna-banderas\" style=\"width: 40px; height: 40px;border-radius: 50%;\" src=\"..\/..\/..\/wp-content\/uploads\/2016\/11\/pdf-icon.png\" \/>\n    <\/a><\/div>\n\n\n\n\n<div class=\"parent-banderas\" style=\"float: right; margin-left: 10px; text-align:center\"><a href=\"..\/..\/..\/documents\/mg2020\/FastDrop\/brochureFastDrop_ZH.pdf\" target=\"_blank\" rel=\"noopener\">\n    <img decoding=\"async\" class=\"image-externa-banderas\" style=\"width: 60px; height: 60px;  border-radius: 50%;\" src=\"..\/..\/..\/wp-content\/uploads\/2020\/02\/china.jpg\" \/>\n    <img decoding=\"async\" class=\"image-interna-banderas\" style=\"width: 40px; height: 40px;border-radius: 50%;\" src=\"..\/..\/..\/wp-content\/uploads\/2016\/11\/pdf-icon.png\" \/>\n    <\/a><\/div>\n\n\n\n\n<div class=\"parent-banderas\" style=\"float: right; margin-left: 10px; text-align:center\"><a href=\"..\/..\/..\/documents\/mg2020\/FastDrop\/brochureFastDrop_FR.pdf\" target=\"_blank\" rel=\"noopener\">\n    <img decoding=\"async\" class=\"image-externa-banderas\" style=\"width: 60px; height: 60px;  border-radius: 50%;\" src=\"..\/..\/..\/wp-content\/uploads\/2020\/02\/france.jpg\" \/>\n    <img decoding=\"async\" class=\"image-interna-banderas\" style=\"width: 40px; height: 40px;border-radius: 50%;\" src=\"..\/..\/..\/wp-content\/uploads\/2016\/11\/pdf-icon.png\" \/>\n    <\/a><\/div>\n\n\n\n\n<div class=\"parent-banderas\" style=\"float: right; margin-left: 10px; text-align:center\"><a href=\"..\/..\/..\/documents\/mg2020\/FastDrop\/brochureFastDrop_DE.pdf\" target=\"_blank\" rel=\"noopener\">\n    <img decoding=\"async\" class=\"image-externa-banderas\" style=\"width: 60px; height: 60px;  border-radius: 50%;\" src=\"..\/..\/..\/wp-content\/uploads\/2020\/02\/german.png\" \/>\n    <img decoding=\"async\" class=\"image-interna-banderas\" style=\"width: 40px; height: 40px;border-radius: 50%;\" src=\"..\/..\/..\/wp-content\/uploads\/2016\/11\/pdf-icon.png\" \/>\n    <\/a><\/div>\n\n\n\n\n<div class=\"parent-banderas\" style=\"float: right; margin-left: 10px; text-align:center\"><a href=\"..\/..\/..\/documents\/mg2020\/FastDrop\/brochureFastDrop_AR.pdf\" target=\"_blank\" rel=\"noopener\">\n    <img decoding=\"async\" class=\"image-externa-banderas\" style=\"width: 60px; height: 60px;  border-radius: 50%;\" src=\"..\/..\/..\/wp-content\/uploads\/2020\/02\/arabic.png\" \/>\n    <img decoding=\"async\" class=\"image-interna-banderas\" style=\"width: 40px; height: 40px;border-radius: 50%;\" src=\"..\/..\/..\/wp-content\/uploads\/2016\/11\/pdf-icon.png\" \/>\n    <\/a><\/div>\n\n\n--><\/p>\n","protected":false},"excerpt":{"rendered":"<p>Il MoneyGuard EasyDrop es un s\u00edstema que permite al croupier efectuar los ingresos por la compra de fichas en mesa, de una forma totalmente desatendida teniendo un absoluto control de la mesa de juego. Agilizando todo el proceso contable de los ingresos, aportando m\u00e1s seguridad y control. Il MoneyGuard EasyDrop es un s\u00edstema completo dise\u00f1ado&#8230;<\/p>\n","protected":false},"author":4,"featured_media":274,"parent":33,"menu_order":0,"comment_status":"closed","ping_status":"closed","template":"","meta":{"footnotes":""},"class_list":["post-93","page","type-page","status-publish","has-post-thumbnail","hentry"],"_links":{"self":[{"href":"https:\/\/www.moneyguard.es\/es\/index.php\/wp-json\/wp\/v2\/pages\/93","targetHints":{"allow":["GET"]}}],"collection":[{"href":"https:\/\/www.moneyguard.es\/es\/index.php\/wp-json\/wp\/v2\/pages"}],"about":[{"href":"https:\/\/www.moneyguard.es\/es\/index.php\/wp-json\/wp\/v2\/types\/page"}],"author":[{"embeddable":true,"href":"https:\/\/www.moneyguard.es\/es\/index.php\/wp-json\/wp\/v2\/users\/4"}],"replies":[{"embeddable":true,"href":"https:\/\/www.moneyguard.es\/es\/index.php\/wp-json\/wp\/v2\/comments?post=93"}],"version-history":[{"count":40,"href":"https:\/\/www.moneyguard.es\/es\/index.php\/wp-json\/wp\/v2\/pages\/93\/revisions"}],"predecessor-version":[{"id":914,"href":"https:\/\/www.moneyguard.es\/es\/index.php\/wp-json\/wp\/v2\/pages\/93\/revisions\/914"}],"up":[{"embeddable":true,"href":"https:\/\/www.moneyguard.es\/es\/index.php\/wp-json\/wp\/v2\/pages\/33"}],"wp:featuredmedia":[{"embeddable":true,"href":"https:\/\/www.moneyguard.es\/es\/index.php\/wp-json\/wp\/v2\/media\/274"}],"wp:attachment":[{"href":"https:\/\/www.moneyguard.es\/es\/index.php\/wp-json\/wp\/v2\/media?parent=93"}],"curies":[{"name":"wp","href":"https:\/\/api.w.org\/{rel}","templated":true}]}}