{"id":88,"date":"2016-11-12T10:16:24","date_gmt":"2016-11-12T10:16:24","guid":{"rendered":"http:\/\/www.moneyguard.es\/es\/?page_id=88"},"modified":"2018-07-19T09:57:14","modified_gmt":"2018-07-19T09:57:14","slug":"moneyguard-collectordrop","status":"publish","type":"page","link":"https:\/\/www.moneyguard.es\/es\/index.php\/productos\/moneyguard-collectordrop\/","title":{"rendered":"MoneyGuard CollectorDrop"},"content":{"rendered":"<p><center><img decoding=\"async\" class=\"size-full wp-image-13\" src=\"..\/..\/..\/wp-content\/uploads\/2016\/11\/mg-collectordrop.png\" alt=\"MoneyGuard CollectorDrop\" width=\"400\" height=\"103\" \/><\/center>El <strong>CollectorDrop<\/strong> es un dispositivo que permite la recogida segura de efectivo y\/o de sobres utilizando una Caja Fuerte equipado de s\u00edstema de marcado.<\/p>\n<p><img fetchpriority=\"high\" decoding=\"async\" class=\"aligncenter wp-image-382\" src=\"http:\/\/www.moneyguard.es\/es\/wp-content\/uploads\/2016\/11\/MoneyGuard-CollectorDrop-Foto-1.jpg\" alt=\"moneyguard-collectordrop-foto-1\" width=\"270\" height=\"442\" srcset=\"https:\/\/www.moneyguard.es\/es\/wp-content\/uploads\/2016\/11\/MoneyGuard-CollectorDrop-Foto-1.jpg 625w, https:\/\/www.moneyguard.es\/es\/wp-content\/uploads\/2016\/11\/MoneyGuard-CollectorDrop-Foto-1-183x300.jpg 183w\" sizes=\"(max-width: 270px) 100vw, 270px\" \/><\/p>\n<p>Dicho s\u00edstema se utiliza desde hace a\u00f1os en Eurpoa con \u00e9xito para la gesti\u00f3n segura del &#8220;Riesgo Acera&#8221; por las &#8220;CIT&#8221; Empresas de Transportes de Valores.<\/p>\n<p>El dispositivo permite el transporte de valores con total seguridad dando la posibilidad de utilizar incluso vehiculos ligeros, por consiguiente sin un blindaje particular y con un ahorro de personal.<\/p>\n<p>El collectorDrop mantiene en el interior del veh\u00edculo la protecci\u00f3n del efectivo por medio de strong box y de un s\u00edstema de marcado (disponible tambi\u00e9n para otros sistemas de tintado).<\/p>\n<p><img decoding=\"async\" class=\"aligncenter wp-image-383\" src=\"http:\/\/www.moneyguard.es\/es\/wp-content\/uploads\/2016\/11\/MoneyGuard-CollectorDrop-Foto-2.jpg\" alt=\"moneyguard-collectordrop-foto-2\" width=\"400\" height=\"142\" srcset=\"https:\/\/www.moneyguard.es\/es\/wp-content\/uploads\/2016\/11\/MoneyGuard-CollectorDrop-Foto-2.jpg 400w, https:\/\/www.moneyguard.es\/es\/wp-content\/uploads\/2016\/11\/MoneyGuard-CollectorDrop-Foto-2-300x107.jpg 300w\" sizes=\"(max-width: 400px) 100vw, 400px\" \/><\/p>\n<p>La capacidad m\u00e1xima del collectorDrop es de 20.000 billetes, para superiores capacidades es posible solicitar un CollectorDrop id\u00f3neo a sus exigencias de flota.<\/p>\n<p><strong>Motivo para elegir el CollectorDrop<\/strong><\/p>\n<ul>\n<li><em>Sencillo<\/em>: f\u00e1cil utilizaci\u00f3n, los usuarios est\u00e1n siempre guiados por el s\u00edstema durante todo el proceso<\/li>\n<li><em>Economico<\/em>: porque utiliza un \u00fanico cajet\u00edn para que el transporte sea 100% seguro<\/li>\n<li><em>Ahorro de costes<\/em>: Con un solo vigilante <em>armado<\/em> y con un veh\u00edculo ligero no-blindado, se puede efectuar el transporte, ademas de cumplir con la normativa Espa\u00f1ola<\/li>\n<li><em>Aumenta la Seguridad<\/em>: s\u00edstema de tintado de billetes HDS certificato<\/li>\n<\/ul>\n<div style=\"float: right; margin-left: 10px;\"><a href=\"..\/..\/..\/documents\/brochureCollectorDrop_ES.zip\" target=\"_blank\"><br \/>\n<img decoding=\"async\" style=\"width: 60px; hight: 60px;\" src=\"..\/..\/..\/wp-content\/uploads\/2016\/11\/zip-icon.png\" \/><br \/>\n<\/a><\/div>\n<div style=\"float: right; margin-left: 10px;\"><a href=\"..\/..\/..\/documents\/brochureCollectorDrop_ES.pdf\" target=\"_blank\"><br \/>\n<img decoding=\"async\" style=\"width: 60px; hight: 60px;\" src=\"..\/..\/..\/wp-content\/uploads\/2016\/11\/pdf-icon.png\" \/><br \/>\n<\/a><\/div>\n","protected":false},"excerpt":{"rendered":"<p>El CollectorDrop es un dispositivo que permite la recogida segura de efectivo y\/o de sobres utilizando una Caja Fuerte equipado de s\u00edstema de marcado. Dicho s\u00edstema se utiliza desde hace a\u00f1os en Eurpoa con \u00e9xito para la gesti\u00f3n segura del &#8220;Riesgo Acera&#8221; por las &#8220;CIT&#8221; Empresas de Transportes de Valores. El dispositivo permite el transporte&#8230;<\/p>\n","protected":false},"author":4,"featured_media":0,"parent":33,"menu_order":0,"comment_status":"closed","ping_status":"closed","template":"","meta":{"footnotes":""},"class_list":["post-88","page","type-page","status-publish","hentry"],"_links":{"self":[{"href":"https:\/\/www.moneyguard.es\/es\/index.php\/wp-json\/wp\/v2\/pages\/88","targetHints":{"allow":["GET"]}}],"collection":[{"href":"https:\/\/www.moneyguard.es\/es\/index.php\/wp-json\/wp\/v2\/pages"}],"about":[{"href":"https:\/\/www.moneyguard.es\/es\/index.php\/wp-json\/wp\/v2\/types\/page"}],"author":[{"embeddable":true,"href":"https:\/\/www.moneyguard.es\/es\/index.php\/wp-json\/wp\/v2\/users\/4"}],"replies":[{"embeddable":true,"href":"https:\/\/www.moneyguard.es\/es\/index.php\/wp-json\/wp\/v2\/comments?post=88"}],"version-history":[{"count":10,"href":"https:\/\/www.moneyguard.es\/es\/index.php\/wp-json\/wp\/v2\/pages\/88\/revisions"}],"predecessor-version":[{"id":583,"href":"https:\/\/www.moneyguard.es\/es\/index.php\/wp-json\/wp\/v2\/pages\/88\/revisions\/583"}],"up":[{"embeddable":true,"href":"https:\/\/www.moneyguard.es\/es\/index.php\/wp-json\/wp\/v2\/pages\/33"}],"wp:attachment":[{"href":"https:\/\/www.moneyguard.es\/es\/index.php\/wp-json\/wp\/v2\/media?parent=88"}],"curies":[{"name":"wp","href":"https:\/\/api.w.org\/{rel}","templated":true}]}}