{"id":85,"date":"2016-11-12T10:12:18","date_gmt":"2016-11-12T10:12:18","guid":{"rendered":"http:\/\/www.moneyguard.es\/es\/?page_id=85"},"modified":"2017-05-24T17:00:26","modified_gmt":"2017-05-24T17:00:26","slug":"moneyguard-atm","status":"publish","type":"page","link":"https:\/\/www.moneyguard.es\/es\/index.php\/productos\/moneyguard-atm\/","title":{"rendered":"MoneyGuard ATM"},"content":{"rendered":"<p><center><div id=\"metaslider-id-410\" style=\"max-width: 1140px;\" class=\"ml-slider-3-99-0 metaslider metaslider-flex metaslider-410 ml-slider ms-theme-default\" role=\"region\" aria-label=\"ATM\" data-width=\"1140\">\n    <div id=\"metaslider_container_410\">\n        <div id=\"metaslider_410\">\n            <ul class='slides'>\n                <li style=\"display: block; width: 100%;\" class=\"slide-411 ms-image \" aria-roledescription=\"slide\" data-date=\"2016-12-20 20:09:07\"><img fetchpriority=\"high\" decoding=\"async\" src=\"https:\/\/www.moneyguard.es\/es\/wp-content\/uploads\/2016\/12\/money-guard-atm-slide1-1140x360.png\" height=\"360\" width=\"1140\" alt=\"\" class=\"slider-410 slide-411 msDefaultImage\" \/><\/li>\n                <li style=\"display: none; width: 100%;\" class=\"slide-412 ms-image \" aria-roledescription=\"slide\" data-date=\"2016-12-20 20:09:17\"><img decoding=\"async\" src=\"https:\/\/www.moneyguard.es\/es\/wp-content\/uploads\/2016\/12\/money-guard-atm-slide2-1140x360.png\" height=\"360\" width=\"1140\" alt=\"\" class=\"slider-410 slide-412 msDefaultImage\" \/><\/li>\n                <li style=\"display: none; width: 100%;\" class=\"slide-413 ms-image \" aria-roledescription=\"slide\" data-date=\"2016-12-20 20:09:21\"><img decoding=\"async\" src=\"https:\/\/www.moneyguard.es\/es\/wp-content\/uploads\/2016\/12\/money-guard-atm-slide3-1140x360.png\" height=\"360\" width=\"1140\" alt=\"\" class=\"slider-410 slide-413 msDefaultImage\" \/><\/li>\n                <li style=\"display: none; width: 100%;\" class=\"slide-414 ms-image \" aria-roledescription=\"slide\" data-date=\"2016-12-20 20:09:25\"><img loading=\"lazy\" decoding=\"async\" src=\"https:\/\/www.moneyguard.es\/es\/wp-content\/uploads\/2016\/12\/money-guard-atm-slide4-1140x360.png\" height=\"360\" width=\"1140\" alt=\"\" class=\"slider-410 slide-414 msDefaultImage\" \/><\/li>\n                <li style=\"display: none; width: 100%;\" class=\"slide-415 ms-image \" aria-roledescription=\"slide\" data-date=\"2016-12-20 20:09:29\"><img loading=\"lazy\" decoding=\"async\" src=\"https:\/\/www.moneyguard.es\/es\/wp-content\/uploads\/2016\/12\/money-guard-atm-slide5-1140x360.png\" height=\"360\" width=\"1140\" alt=\"\" class=\"slider-410 slide-415 msDefaultImage\" \/><\/li>\n                <li style=\"display: none; width: 100%;\" class=\"slide-416 ms-image \" aria-roledescription=\"slide\" data-date=\"2016-12-20 20:09:33\"><img loading=\"lazy\" decoding=\"async\" src=\"https:\/\/www.moneyguard.es\/es\/wp-content\/uploads\/2016\/12\/money-guard-atm-slide6-1140x360.png\" height=\"360\" width=\"1140\" alt=\"\" class=\"slider-410 slide-416 msDefaultImage\" \/><\/li>\n            <\/ul>\n        <\/div>\n        \n    <\/div>\n<\/div><\/center>&nbsp;<\/p>\n<p><strong>MoneyGuard ATM<\/strong> es un s\u00edstema que permite al usuario efectuar ingresos en efectivo, monedas, cheques restaurant o cualquier otro documento(opcional) acelera el proceso de ingresos en cuenta sin necesidad de hacer largas colas con la correspondiente perdida de tiempo y productividad.<\/p>\n<p>En cualquier momento el ingreso se puede ver en nuestro WebService a trav\u00e9s de Internet por personas autorizadas a trav\u00e9s de la autenticaci\u00f3n de usuario y contrase\u00f1a. Todas las transacciones estan totalmente controladas y los billetes y monedas son comprobados cuando se se realiza un ingreso a trav\u00e9s del aceptador de billetes que esta debidamente certificadas por el BCE.<\/p>\n<p>Para lograr el &#8220;objetivo&#8221; todo el dinero en efectivo que hay dentro de la caja fuerte y acordado con el cliente, se notifica a la &#8220;CIT&#8221; Empresa de Transportes de fondos la notificaci\u00f3n para una retirada del efectivo en los cajetines con la emisi\u00f3n de un recibo por el importe retirado.<\/p>\n<p>El proceso y cuadre del efectivo retirado sera certificado al cliente o banco, alivia al cliente de todas estas operaciones que normalmente implican una p\u00e9rdida considerable de tiempo y el riesgo en el transporte particular al efectuar un traslado a una entidad finaciera.<\/p>\n<p><strong>Otros sectores aplicables<\/strong><\/p>\n<p><em>Retail, Ayuntamientos, Estamentos Publicos, Transporte de Viajeros, Venta de Entradas, Auto Pago, etc.<\/em><\/p>\n<div style=\"float: right; margin-left: 10px;\"><a href=\"..\/..\/..\/documents\/brochureATM_ES.zip\" target=\"_blank\"><br \/>\n<img decoding=\"async\" style=\"width: 60px; hight: 60px;\" src=\"..\/..\/..\/wp-content\/uploads\/2016\/11\/zip-icon.png\" \/><br \/>\n<\/a><\/div>\n<div style=\"float: right; margin-left: 10px;\"><a href=\"..\/..\/..\/documents\/brochureATM_ES.pdf\" target=\"_blank\"><br \/>\n<img decoding=\"async\" style=\"width: 60px; hight: 60px;\" src=\"..\/..\/..\/wp-content\/uploads\/2016\/11\/pdf-icon.png\" \/><br \/>\n<\/a><\/div>\n","protected":false},"excerpt":{"rendered":"<p>&nbsp; MoneyGuard ATM es un s\u00edstema que permite al usuario efectuar ingresos en efectivo, monedas, cheques restaurant o cualquier otro documento(opcional) acelera el proceso de ingresos en cuenta sin necesidad de hacer largas colas con la correspondiente perdida de tiempo y productividad. En cualquier momento el ingreso se puede ver en nuestro WebService a trav\u00e9s&#8230;<\/p>\n","protected":false},"author":4,"featured_media":449,"parent":33,"menu_order":0,"comment_status":"closed","ping_status":"closed","template":"","meta":{"footnotes":""},"class_list":["post-85","page","type-page","status-publish","has-post-thumbnail","hentry"],"_links":{"self":[{"href":"https:\/\/www.moneyguard.es\/es\/index.php\/wp-json\/wp\/v2\/pages\/85","targetHints":{"allow":["GET"]}}],"collection":[{"href":"https:\/\/www.moneyguard.es\/es\/index.php\/wp-json\/wp\/v2\/pages"}],"about":[{"href":"https:\/\/www.moneyguard.es\/es\/index.php\/wp-json\/wp\/v2\/types\/page"}],"author":[{"embeddable":true,"href":"https:\/\/www.moneyguard.es\/es\/index.php\/wp-json\/wp\/v2\/users\/4"}],"replies":[{"embeddable":true,"href":"https:\/\/www.moneyguard.es\/es\/index.php\/wp-json\/wp\/v2\/comments?post=85"}],"version-history":[{"count":11,"href":"https:\/\/www.moneyguard.es\/es\/index.php\/wp-json\/wp\/v2\/pages\/85\/revisions"}],"predecessor-version":[{"id":517,"href":"https:\/\/www.moneyguard.es\/es\/index.php\/wp-json\/wp\/v2\/pages\/85\/revisions\/517"}],"up":[{"embeddable":true,"href":"https:\/\/www.moneyguard.es\/es\/index.php\/wp-json\/wp\/v2\/pages\/33"}],"wp:featuredmedia":[{"embeddable":true,"href":"https:\/\/www.moneyguard.es\/es\/index.php\/wp-json\/wp\/v2\/media\/449"}],"wp:attachment":[{"href":"https:\/\/www.moneyguard.es\/es\/index.php\/wp-json\/wp\/v2\/media?parent=85"}],"curies":[{"name":"wp","href":"https:\/\/api.w.org\/{rel}","templated":true}]}}