{"id":75,"date":"2016-11-12T09:54:09","date_gmt":"2016-11-12T09:54:09","guid":{"rendered":"http:\/\/www.moneyguard.es\/es\/?page_id=75"},"modified":"2020-03-02T10:41:34","modified_gmt":"2020-03-02T10:41:34","slug":"moneyguard-serie-x","status":"publish","type":"page","link":"https:\/\/www.moneyguard.es\/es\/index.php\/productos\/moneyguard-serie-x\/","title":{"rendered":"MoneyGuard Serie X"},"content":{"rendered":"<p><center><div id=\"metaslider-id-399\" style=\"max-width: 1140px;\" class=\"ml-slider-3-99-0 metaslider metaslider-flex metaslider-399 ml-slider ms-theme-default\" role=\"region\" aria-label=\"SerieX\" data-width=\"1140\">\n    <div id=\"metaslider_container_399\">\n        <div id=\"metaslider_399\">\n            <ul class='slides'>\n                <li style=\"display: block; width: 100%;\" class=\"slide-395 ms-image \" aria-roledescription=\"slide\" data-date=\"2016-12-20 17:32:47\"><img fetchpriority=\"high\" decoding=\"async\" src=\"https:\/\/www.moneyguard.es\/es\/wp-content\/uploads\/2016\/12\/moneyguard-seriex-slide1-1140x360.png\" height=\"360\" width=\"1140\" alt=\"\" class=\"slider-399 slide-395 msDefaultImage\" \/><\/li>\n                <li style=\"display: none; width: 100%;\" class=\"slide-396 ms-image \" aria-roledescription=\"slide\" data-date=\"2016-12-20 17:32:52\"><img decoding=\"async\" src=\"https:\/\/www.moneyguard.es\/es\/wp-content\/uploads\/2016\/12\/moneyguard-seriex-slide2-1140x360.png\" height=\"360\" width=\"1140\" alt=\"\" class=\"slider-399 slide-396 msDefaultImage\" \/><\/li>\n                <li style=\"display: none; width: 100%;\" class=\"slide-397 ms-image \" aria-roledescription=\"slide\" data-date=\"2016-12-20 17:32:56\"><img decoding=\"async\" src=\"https:\/\/www.moneyguard.es\/es\/wp-content\/uploads\/2016\/12\/moneyguard-seriex-slide3-1140x360.png\" height=\"360\" width=\"1140\" alt=\"\" class=\"slider-399 slide-397 msDefaultImage\" \/><\/li>\n                <li style=\"display: none; width: 100%;\" class=\"slide-398 ms-image \" aria-roledescription=\"slide\" data-date=\"2016-12-20 17:33:00\"><img loading=\"lazy\" decoding=\"async\" src=\"https:\/\/www.moneyguard.es\/es\/wp-content\/uploads\/2016\/12\/moneyguard-seriex-slide4-1140x360.png\" height=\"360\" width=\"1140\" alt=\"\" class=\"slider-399 slide-398 msDefaultImage\" \/><\/li>\n            <\/ul>\n        <\/div>\n        \n    <\/div>\n<\/div><\/center>&nbsp;<\/p>\n<p>El <strong>MoneyGuard Serie X<\/strong> (modelos X1, X2 e X3) es un s\u00edstema de depositos de efectivo en autom\u00e1tico, que permite al usuario realizar los ingresos de dinero en efectivo, agiliza los tiempos y procedimientos de contar manualmente el dinero recibido sin necesidad de utilizar el contaje tradicional con todas las implicaciones que esta acci\u00f3n implica.<\/p>\n<p>El s\u00edstema consiste en un aceptador de billetes integrado dentro de una caja fuerte, con posibilidad de anclaje al suelo, consta adem\u00e1s de una cerradura electr\u00f3nica con combinaci\u00f3n de apertura y retardo, una impresora para la emisi\u00f3n de recibos, una pantalla retroiluminada en la que aparece toda la informaci\u00f3n de las operaciones que hemos realizado, El aceptador esta certificado por BCE cumpliendo con la normativa Europea, tambien con el correspondiente certificado HDS, con conexi\u00f3n internet para transmitir todos los movimientos a nuestros servidores centrales. Todo controlado por un software propietario que controla toda la gesti\u00f3n.<\/p>\n<p>Al ser un producto modular, cualquier ampliaci\u00f3n futura de la gama, mantiene sin cambios las caracter\u00edsticas principales del s\u00edstema, gestionando independientemente a los diferentes grupos de usuarios.<\/p>\n<p><center><iframe src=\"https:\/\/www.youtube.com\/embed\/nsdVkaH1i0A?rel=0\" width=\"560\" height=\"315\" frameborder=\"0\" allowfullscreen=\"allowfullscreen\"><\/iframe><\/center><\/p>\n<p><strong>Ventajas<\/strong><\/p>\n<p>En comparaci\u00f3n con otros productos existentes en el mercado que ofrecen una soluci\u00f3n parecida, MoneyGuard tiene las siguientes ventajas:<\/p>\n<ul type=\"circle\">\n<li>Ergon\u00f3mia gracias a un dise\u00f1o innovador con todos los controles en una posici\u00f3n visible y accesible<\/li>\n<li>Acceso a Internet, controlado y autorizado mediante usuario y contrase\u00f1a, para ver los movimientos de ingresos de sus empleados desde cualquier parte<\/li>\n<li>Partners de las Entidades Financieras y de las Empresas CIT &#8211; Transportes de Fondos<\/li>\n<li>Nuestro s\u00edstema permite el abono en cuenta corriente de los ingresos efectuados en el s\u00edstema al dia siguiente del ingreso D+1, independientemente del d\u00eda que la CIT Compa\u00f1ia de Transportes de Fondos efect\u00fae la recaudaci\u00f3n<\/li>\n<\/ul>\n<p><!--\n\n<div style=\"float: right; margin-left: 10px;\"><a href=\"..\/..\/..\/documents\/brochureX_ES.zip\" target=\"_blank\">\n<img decoding=\"async\" style=\"width: 60px; hight: 60px;\" src=\"..\/..\/..\/wp-content\/uploads\/2016\/11\/zip-icon.png\" \/>\n<\/a><\/div>\n\n\n\n\n<div style=\"float: right; margin-left: 10px;\"><a href=\"..\/..\/..\/documents\/brochureX_ES.pdf\" target=\"_blank\">\n<img decoding=\"async\" style=\"width: 60px; hight: 60px;\" src=\"..\/..\/..\/wp-content\/uploads\/2016\/11\/pdf-icon.png\" \/>\n<\/a><\/div>\n\n--><\/p>\n<div style=\"clear: both; text-align: center;\">\n<h2>Brochures PDF<\/h2>\n<\/p><\/div>\n<div class=\"parent-banderas\" style=\"float: right; margin-left: 10px; text-align:center\"><a href=\"..\/..\/..\/documents\/mg2020\/X\/brochureX_ES.pdf\" target=\"_blank\"><br \/>\n    <img decoding=\"async\" class=\"image-externa-banderas\" style=\"width: 60px; height: 60px;  border-radius: 50%;\" src=\"..\/..\/..\/wp-content\/uploads\/2020\/02\/spanish.png\" \/><br \/>\n    <img decoding=\"async\" class=\"image-interna-banderas\" style=\"width: 40px; height: 40px;border-radius: 50%;\" src=\"..\/..\/..\/wp-content\/uploads\/2016\/11\/pdf-icon.png\" \/><br \/>\n    <\/a><\/div>\n<div class=\"parent-banderas\" style=\"float: right; margin-left: 10px; text-align:center\"><a href=\"..\/..\/..\/documents\/mg2020\/X\/brochureX_EN.pdf\" target=\"_blank\"><br \/>\n    <img decoding=\"async\" class=\"image-externa-banderas\" style=\"width: 60px; height: 60px;  border-radius: 50%;\" src=\"..\/..\/..\/wp-content\/uploads\/2020\/02\/english.png\" \/><br \/>\n    <img decoding=\"async\" class=\"image-interna-banderas\" style=\"width: 40px; height: 40px;border-radius: 50%;\" src=\"..\/..\/..\/wp-content\/uploads\/2016\/11\/pdf-icon.png\" \/><br \/>\n    <\/a><\/div>\n<div class=\"parent-banderas\" style=\"float: right; margin-left: 10px; text-align:center\"><a href=\"..\/..\/..\/documents\/mg2020\/X\/brochureX_IT.pdf\" target=\"_blank\"><br \/>\n    <img decoding=\"async\" class=\"image-externa-banderas\" style=\"width: 60px; height: 60px;  border-radius: 50%;\" src=\"..\/..\/..\/wp-content\/uploads\/2020\/02\/italian.jpg\" \/><br \/>\n    <img decoding=\"async\" class=\"image-interna-banderas\" style=\"width: 40px; height: 40px;border-radius: 50%;\" src=\"..\/..\/..\/wp-content\/uploads\/2016\/11\/pdf-icon.png\" \/><br \/>\n    <\/a><\/div>\n<div class=\"parent-banderas\" style=\"float: right; margin-left: 10px; text-align:center\"><a href=\"..\/..\/..\/documents\/mg2020\/X\/brochureX_RU.pdf\" target=\"_blank\"><br \/>\n    <img decoding=\"async\" class=\"image-externa-banderas\" style=\"width: 60px; height: 60px;  border-radius: 50%;\" src=\"..\/..\/..\/wp-content\/uploads\/2020\/02\/russian.png\" \/><br \/>\n    <img decoding=\"async\" class=\"image-interna-banderas\" style=\"width: 40px; height: 40px;border-radius: 50%;\" src=\"..\/..\/..\/wp-content\/uploads\/2016\/11\/pdf-icon.png\" \/><br \/>\n    <\/a><\/div>\n<div class=\"parent-banderas\" style=\"float: right; margin-left: 10px; text-align:center\"><a href=\"..\/..\/..\/documents\/mg2020\/X\/brochureX_ZH.pdf\" target=\"_blank\"><br \/>\n    <img decoding=\"async\" class=\"image-externa-banderas\" style=\"width: 60px; height: 60px;  border-radius: 50%;\" src=\"..\/..\/..\/wp-content\/uploads\/2020\/02\/china.jpg\" \/><br \/>\n    <img decoding=\"async\" class=\"image-interna-banderas\" style=\"width: 40px; height: 40px;border-radius: 50%;\" src=\"..\/..\/..\/wp-content\/uploads\/2016\/11\/pdf-icon.png\" \/><br \/>\n    <\/a><\/div>\n<div class=\"parent-banderas\" style=\"float: right; margin-left: 10px; text-align:center\"><a href=\"..\/..\/..\/documents\/mg2020\/X\/brochureX_FR.pdf\" target=\"_blank\"><br \/>\n    <img decoding=\"async\" class=\"image-externa-banderas\" style=\"width: 60px; height: 60px;  border-radius: 50%;\" src=\"..\/..\/..\/wp-content\/uploads\/2020\/02\/france.jpg\" \/><br \/>\n    <img decoding=\"async\" class=\"image-interna-banderas\" style=\"width: 40px; height: 40px;border-radius: 50%;\" src=\"..\/..\/..\/wp-content\/uploads\/2016\/11\/pdf-icon.png\" \/><br \/>\n    <\/a><\/div>\n<div class=\"parent-banderas\" style=\"float: right; margin-left: 10px; text-align:center\"><a href=\"..\/..\/..\/documents\/mg2020\/X\/brochureX_DE.pdf\" target=\"_blank\"><br \/>\n    <img decoding=\"async\" class=\"image-externa-banderas\" style=\"width: 60px; height: 60px;  border-radius: 50%;\" src=\"..\/..\/..\/wp-content\/uploads\/2020\/02\/german.png\" \/><br \/>\n    <img decoding=\"async\" class=\"image-interna-banderas\" style=\"width: 40px; height: 40px;border-radius: 50%;\" src=\"..\/..\/..\/wp-content\/uploads\/2016\/11\/pdf-icon.png\" \/><br \/>\n    <\/a><\/div>\n<div class=\"parent-banderas\" style=\"float: right; margin-left: 10px; text-align:center\"><a href=\"..\/..\/..\/documents\/mg2020\/X\/brochureX_AR.pdf\" target=\"_blank\"><br \/>\n    <img decoding=\"async\" class=\"image-externa-banderas\" style=\"width: 60px; height: 60px;  border-radius: 50%;\" src=\"..\/..\/..\/wp-content\/uploads\/2020\/02\/arabic.png\" \/><br \/>\n    <img decoding=\"async\" class=\"image-interna-banderas\" style=\"width: 40px; height: 40px;border-radius: 50%;\" src=\"..\/..\/..\/wp-content\/uploads\/2016\/11\/pdf-icon.png\" \/><br \/>\n    <\/a><\/div>\n","protected":false},"excerpt":{"rendered":"<p>&nbsp; El MoneyGuard Serie X (modelos X1, X2 e X3) es un s\u00edstema de depositos de efectivo en autom\u00e1tico, que permite al usuario realizar los ingresos de dinero en efectivo, agiliza los tiempos y procedimientos de contar manualmente el dinero recibido sin necesidad de utilizar el contaje tradicional con todas las implicaciones que esta acci\u00f3n&#8230;<\/p>\n","protected":false},"author":4,"featured_media":271,"parent":33,"menu_order":0,"comment_status":"closed","ping_status":"closed","template":"","meta":{"footnotes":""},"class_list":["post-75","page","type-page","status-publish","has-post-thumbnail","hentry"],"_links":{"self":[{"href":"https:\/\/www.moneyguard.es\/es\/index.php\/wp-json\/wp\/v2\/pages\/75","targetHints":{"allow":["GET"]}}],"collection":[{"href":"https:\/\/www.moneyguard.es\/es\/index.php\/wp-json\/wp\/v2\/pages"}],"about":[{"href":"https:\/\/www.moneyguard.es\/es\/index.php\/wp-json\/wp\/v2\/types\/page"}],"author":[{"embeddable":true,"href":"https:\/\/www.moneyguard.es\/es\/index.php\/wp-json\/wp\/v2\/users\/4"}],"replies":[{"embeddable":true,"href":"https:\/\/www.moneyguard.es\/es\/index.php\/wp-json\/wp\/v2\/comments?post=75"}],"version-history":[{"count":50,"href":"https:\/\/www.moneyguard.es\/es\/index.php\/wp-json\/wp\/v2\/pages\/75\/revisions"}],"predecessor-version":[{"id":683,"href":"https:\/\/www.moneyguard.es\/es\/index.php\/wp-json\/wp\/v2\/pages\/75\/revisions\/683"}],"up":[{"embeddable":true,"href":"https:\/\/www.moneyguard.es\/es\/index.php\/wp-json\/wp\/v2\/pages\/33"}],"wp:featuredmedia":[{"embeddable":true,"href":"https:\/\/www.moneyguard.es\/es\/index.php\/wp-json\/wp\/v2\/media\/271"}],"wp:attachment":[{"href":"https:\/\/www.moneyguard.es\/es\/index.php\/wp-json\/wp\/v2\/media?parent=75"}],"curies":[{"name":"wp","href":"https:\/\/api.w.org\/{rel}","templated":true}]}}