{"id":66,"date":"2016-11-09T20:00:06","date_gmt":"2016-11-09T20:00:06","guid":{"rendered":"http:\/\/www.moneyguard.es\/es\/?page_id=66"},"modified":"2016-12-01T18:27:45","modified_gmt":"2016-12-01T18:27:45","slug":"entidades-finacieras","status":"publish","type":"page","link":"https:\/\/www.moneyguard.es\/es\/index.php\/sector\/entidades-finacieras\/","title":{"rendered":"Entidades Finacieras"},"content":{"rendered":"<p><img fetchpriority=\"high\" decoding=\"async\" class=\"size-full wp-image-18 aligncenter\" src=\"http:\/\/www.moneyguard.es\/es\/wp-content\/uploads\/2016\/11\/slider02.jpg\" width=\"1900\" height=\"600\" srcset=\"https:\/\/www.moneyguard.es\/es\/wp-content\/uploads\/2016\/11\/slider02.jpg 1900w, https:\/\/www.moneyguard.es\/es\/wp-content\/uploads\/2016\/11\/slider02-300x95.jpg 300w, https:\/\/www.moneyguard.es\/es\/wp-content\/uploads\/2016\/11\/slider02-768x243.jpg 768w, https:\/\/www.moneyguard.es\/es\/wp-content\/uploads\/2016\/11\/slider02-1024x323.jpg 1024w\" sizes=\"(max-width: 1900px) 100vw, 1900px\" \/><\/p>\n<p><strong>Entidades Finacieras<\/strong><\/p>\n<p>Para el sector financiero MoneyGuard Cobra, TARM m\u00e1s que un Cajero Autom\u00e1tico ATM, superando los est\u00e1ndares m\u00e1s altos de calidad y seguridad que exije la normativa, lo \u00faltimo en tecnol\u00f3gica, adelantandonos al futuro de los lobbys de las oficinas bancarias, optimizando los recursos de gesti\u00f3n del efectivo.<\/p>\n<p>La oferta se completa con otros productos de inter\u00e9s para el sector bancario y para gesti\u00f3n desatendida de los clientes.<\/p>\n<p><strong>Art\u00edculos relacionados<\/strong><\/p>\n<p><a href=\"http:\/\/www.moneyguard.es\/es\/index.php\/prodotti\/moneyguard-cobra\/\">MoneyGuard Cobra<\/a><\/p>\n<p><a href=\"http:\/\/www.moneyguard.es\/es\/index.php\/prodotti\/moneyguard-atm\/\">MoneyGuard ATM<\/a><\/p>\n<p><a href=\"http:\/\/www.moneyguard.es\/es\/index.php\/prodotti\/hotwifi-security\/\">HotWiFi Security<\/a><\/p>\n","protected":false},"excerpt":{"rendered":"<p>Entidades Finacieras Para el sector financiero MoneyGuard Cobra, TARM m\u00e1s que un Cajero Autom\u00e1tico ATM, superando los est\u00e1ndares m\u00e1s altos de calidad y seguridad que exije la normativa, lo \u00faltimo en tecnol\u00f3gica, adelantandonos al futuro de los lobbys de las oficinas bancarias, optimizando los recursos de gesti\u00f3n del efectivo. La oferta se completa con otros&#8230;<\/p>\n","protected":false},"author":4,"featured_media":18,"parent":36,"menu_order":0,"comment_status":"closed","ping_status":"closed","template":"","meta":{"footnotes":""},"class_list":["post-66","page","type-page","status-publish","has-post-thumbnail","hentry"],"_links":{"self":[{"href":"https:\/\/www.moneyguard.es\/es\/index.php\/wp-json\/wp\/v2\/pages\/66","targetHints":{"allow":["GET"]}}],"collection":[{"href":"https:\/\/www.moneyguard.es\/es\/index.php\/wp-json\/wp\/v2\/pages"}],"about":[{"href":"https:\/\/www.moneyguard.es\/es\/index.php\/wp-json\/wp\/v2\/types\/page"}],"author":[{"embeddable":true,"href":"https:\/\/www.moneyguard.es\/es\/index.php\/wp-json\/wp\/v2\/users\/4"}],"replies":[{"embeddable":true,"href":"https:\/\/www.moneyguard.es\/es\/index.php\/wp-json\/wp\/v2\/comments?post=66"}],"version-history":[{"count":8,"href":"https:\/\/www.moneyguard.es\/es\/index.php\/wp-json\/wp\/v2\/pages\/66\/revisions"}],"predecessor-version":[{"id":367,"href":"https:\/\/www.moneyguard.es\/es\/index.php\/wp-json\/wp\/v2\/pages\/66\/revisions\/367"}],"up":[{"embeddable":true,"href":"https:\/\/www.moneyguard.es\/es\/index.php\/wp-json\/wp\/v2\/pages\/36"}],"wp:featuredmedia":[{"embeddable":true,"href":"https:\/\/www.moneyguard.es\/es\/index.php\/wp-json\/wp\/v2\/media\/18"}],"wp:attachment":[{"href":"https:\/\/www.moneyguard.es\/es\/index.php\/wp-json\/wp\/v2\/media?parent=66"}],"curies":[{"name":"wp","href":"https:\/\/api.w.org\/{rel}","templated":true}]}}