{"id":624,"date":"2020-02-05T14:52:34","date_gmt":"2020-02-05T14:52:34","guid":{"rendered":"https:\/\/www.moneyguard.es\/es\/?page_id=624"},"modified":"2020-03-02T10:39:45","modified_gmt":"2020-03-02T10:39:45","slug":"cash4vip","status":"publish","type":"page","link":"https:\/\/www.moneyguard.es\/es\/index.php\/productos\/cash4vip\/","title":{"rendered":"MoneyGuard Cash4VIP"},"content":{"rendered":"<p><center><div id=\"metaslider-id-630\" style=\"max-width: 157px;\" class=\"ml-slider-3-99-0 metaslider metaslider-flex metaslider-630 ml-slider ms-theme-default\" role=\"region\" aria-label=\"Cash4Vip\" data-width=\"157\">\n    <div id=\"metaslider_container_630\">\n        <div id=\"metaslider_630\">\n            <ul class='slides'>\n                <li style=\"display: block; width: 100%;\" class=\"slide-633 ms-image \" aria-roledescription=\"slide\" data-date=\"2020-02-05 14:57:19\"><img fetchpriority=\"high\" decoding=\"async\" src=\"https:\/\/www.moneyguard.es\/es\/wp-content\/uploads\/2020\/02\/Asset-1-102x220.png\" height=\"340\" width=\"157\" alt=\"\" class=\"slider-630 slide-633 msDefaultImage\" title=\"Asset 1\" \/><\/li>\n                <li style=\"display: none; width: 100%;\" class=\"slide-634 ms-image \" aria-roledescription=\"slide\" data-date=\"2020-02-05 14:57:19\"><img decoding=\"async\" src=\"https:\/\/www.moneyguard.es\/es\/wp-content\/uploads\/2020\/02\/Asset-3.png\" height=\"340\" width=\"157\" alt=\"\" class=\"slider-630 slide-634 msDefaultImage\" title=\"Asset 3\" \/><\/li>\n            <\/ul>\n        <\/div>\n        \n    <\/div>\n<\/div><\/center>&nbsp;<\/p>\n<p><strong>MoneyGuard Cash4VIP<\/strong> Esta m\u00e1quina fue especialmente dise\u00f1ada para su uso en casinos, salas de bingo y grandes locales de juego que manejan vol\u00famenes medianos\/grandes de efectivo y que requieren un sistema de efectivo eficiente y din\u00e1mico.<\/p>\n<p>Hemos pensado en todo: incluso tiene una pantalla curva de 32 &#8220;que permite a los usuarios mostrar su propios v\u00eddeos corporativos.<\/p>\n<p>Se ha creado para adaptarse a cualquier entorno en el que est\u00e9 configurado y se puede pedir con 35 texturas diferentes de alta calidad.<\/p>\n<p><!--\n\n<div style=\"float: right; margin-left: 10px;\"><a href=\"..\/..\/..\/documents\/brochureCobraP_ES.zip\" target=\"_blank\">\n<img decoding=\"async\" style=\"width: 60px; hight: 60px;\" src=\"..\/..\/..\/wp-content\/uploads\/2016\/11\/zip-icon.png\" \/>\n<\/a><\/div>\n\n\n\n\n<div style=\"float: right; margin-left: 10px;\"><a href=\"..\/..\/..\/documents\/brochureCobraP_ES.pdf\" target=\"_blank\">\n<img decoding=\"async\" style=\"width: 60px; hight: 60px;\" src=\"..\/..\/..\/wp-content\/uploads\/2016\/11\/pdf-icon.png\" \/>\n<\/a><\/div>\n\n--><\/p>\n<div style=\"clear: both; text-align: center;\">\n<h2>Brochures PDF<\/h2>\n<\/p><\/div>\n<div class=\"parent-banderas\" style=\"float: right; margin-left: 10px; text-align:center\"><a href=\"..\/..\/..\/documents\/mg2020\/Cash4Vip\/brochureCash4Vip_ES.pdf\" target=\"_blank\"><br \/>\n    <img decoding=\"async\" class=\"image-externa-banderas\" style=\"width: 60px; height: 60px;  border-radius: 50%;\" src=\"..\/..\/..\/wp-content\/uploads\/2020\/02\/spanish.png\" \/><br \/>\n    <img decoding=\"async\" class=\"image-interna-banderas\" style=\"width: 40px; height: 40px;border-radius: 50%;\" src=\"..\/..\/..\/wp-content\/uploads\/2016\/11\/pdf-icon.png\" \/><br \/>\n    <\/a><\/div>\n<div class=\"parent-banderas\" style=\"float: right; margin-left: 10px; text-align:center\"><a href=\"..\/..\/..\/documents\/mg2020\/Cash4Vip\/brochureCash4Vip_EN.pdf\" target=\"_blank\"><br \/>\n    <img decoding=\"async\" class=\"image-externa-banderas\" style=\"width: 60px; height: 60px;  border-radius: 50%;\" src=\"..\/..\/..\/wp-content\/uploads\/2020\/02\/english.png\" \/><br \/>\n    <img decoding=\"async\" class=\"image-interna-banderas\" style=\"width: 40px; height: 40px;border-radius: 50%;\" src=\"..\/..\/..\/wp-content\/uploads\/2016\/11\/pdf-icon.png\" \/><br \/>\n    <\/a><\/div>\n<div class=\"parent-banderas\" style=\"float: right; margin-left: 10px; text-align:center\"><a href=\"..\/..\/..\/documents\/mg2020\/Cash4Vip\/brochureCash4Vip_IT.pdf\" target=\"_blank\"><br \/>\n    <img decoding=\"async\" class=\"image-externa-banderas\" style=\"width: 60px; height: 60px;  border-radius: 50%;\" src=\"..\/..\/..\/wp-content\/uploads\/2020\/02\/italian.jpg\" \/><br \/>\n    <img decoding=\"async\" class=\"image-interna-banderas\" style=\"width: 40px; height: 40px;border-radius: 50%;\" src=\"..\/..\/..\/wp-content\/uploads\/2016\/11\/pdf-icon.png\" \/><br \/>\n    <\/a><\/div>\n<div class=\"parent-banderas\" style=\"float: right; margin-left: 10px; text-align:center\"><a href=\"..\/..\/..\/documents\/mg2020\/Cash4Vip\/brochureCash4Vip_RU.pdf\" target=\"_blank\"><br \/>\n    <img decoding=\"async\" class=\"image-externa-banderas\" style=\"width: 60px; height: 60px;  border-radius: 50%;\" src=\"..\/..\/..\/wp-content\/uploads\/2020\/02\/russian.png\" \/><br \/>\n    <img decoding=\"async\" class=\"image-interna-banderas\" style=\"width: 40px; height: 40px;border-radius: 50%;\" src=\"..\/..\/..\/wp-content\/uploads\/2016\/11\/pdf-icon.png\" \/><br \/>\n    <\/a><\/div>\n<div class=\"parent-banderas\" style=\"float: right; margin-left: 10px; text-align:center\"><a href=\"..\/..\/..\/documents\/mg2020\/Cash4Vip\/brochureCash4Vip_ZH.pdf\" target=\"_blank\"><br \/>\n    <img decoding=\"async\" class=\"image-externa-banderas\" style=\"width: 60px; height: 60px;  border-radius: 50%;\" src=\"..\/..\/..\/wp-content\/uploads\/2020\/02\/china.jpg\" \/><br \/>\n    <img decoding=\"async\" class=\"image-interna-banderas\" style=\"width: 40px; height: 40px;border-radius: 50%;\" src=\"..\/..\/..\/wp-content\/uploads\/2016\/11\/pdf-icon.png\" \/><br \/>\n    <\/a><\/div>\n<div class=\"parent-banderas\" style=\"float: right; margin-left: 10px; text-align:center\"><a href=\"..\/..\/..\/documents\/mg2020\/Cash4Vip\/brochureCash4Vip_FR.pdf\" target=\"_blank\"><br \/>\n    <img decoding=\"async\" class=\"image-externa-banderas\" style=\"width: 60px; height: 60px;  border-radius: 50%;\" src=\"..\/..\/..\/wp-content\/uploads\/2020\/02\/france.jpg\" \/><br \/>\n    <img decoding=\"async\" class=\"image-interna-banderas\" style=\"width: 40px; height: 40px;border-radius: 50%;\" src=\"..\/..\/..\/wp-content\/uploads\/2016\/11\/pdf-icon.png\" \/><br \/>\n    <\/a><\/div>\n<div class=\"parent-banderas\" style=\"float: right; margin-left: 10px; text-align:center\"><a href=\"..\/..\/..\/documents\/mg2020\/Cash4Vip\/brochureCash4Vip_DE.pdf\" target=\"_blank\"><br \/>\n    <img decoding=\"async\" class=\"image-externa-banderas\" style=\"width: 60px; height: 60px;  border-radius: 50%;\" src=\"..\/..\/..\/wp-content\/uploads\/2020\/02\/german.png\" \/><br \/>\n    <img decoding=\"async\" class=\"image-interna-banderas\" style=\"width: 40px; height: 40px;border-radius: 50%;\" src=\"..\/..\/..\/wp-content\/uploads\/2016\/11\/pdf-icon.png\" \/><br \/>\n    <\/a><\/div>\n<div class=\"parent-banderas\" style=\"float: right; margin-left: 10px; text-align:center\"><a href=\"..\/..\/..\/documents\/mg2020\/Cash4Vip\/brochureCash4Vip_AR.pdf\" target=\"_blank\"><br \/>\n    <img decoding=\"async\" class=\"image-externa-banderas\" style=\"width: 60px; height: 60px;  border-radius: 50%;\" src=\"..\/..\/..\/wp-content\/uploads\/2020\/02\/arabic.png\" \/><br \/>\n    <img decoding=\"async\" class=\"image-interna-banderas\" style=\"width: 40px; height: 40px;border-radius: 50%;\" src=\"..\/..\/..\/wp-content\/uploads\/2016\/11\/pdf-icon.png\" \/><br \/>\n    <\/a><\/div>\n","protected":false},"excerpt":{"rendered":"<p>&nbsp; MoneyGuard Cash4VIP Esta m\u00e1quina fue especialmente dise\u00f1ada para su uso en casinos, salas de bingo y grandes locales de juego que manejan vol\u00famenes medianos\/grandes de efectivo y que requieren un sistema de efectivo eficiente y din\u00e1mico. Hemos pensado en todo: incluso tiene una pantalla curva de 32 &#8220;que permite a los usuarios mostrar su&#8230;<\/p>\n","protected":false},"author":4,"featured_media":0,"parent":33,"menu_order":0,"comment_status":"closed","ping_status":"closed","template":"","meta":{"footnotes":""},"class_list":["post-624","page","type-page","status-publish","hentry"],"_links":{"self":[{"href":"https:\/\/www.moneyguard.es\/es\/index.php\/wp-json\/wp\/v2\/pages\/624","targetHints":{"allow":["GET"]}}],"collection":[{"href":"https:\/\/www.moneyguard.es\/es\/index.php\/wp-json\/wp\/v2\/pages"}],"about":[{"href":"https:\/\/www.moneyguard.es\/es\/index.php\/wp-json\/wp\/v2\/types\/page"}],"author":[{"embeddable":true,"href":"https:\/\/www.moneyguard.es\/es\/index.php\/wp-json\/wp\/v2\/users\/4"}],"replies":[{"embeddable":true,"href":"https:\/\/www.moneyguard.es\/es\/index.php\/wp-json\/wp\/v2\/comments?post=624"}],"version-history":[{"count":11,"href":"https:\/\/www.moneyguard.es\/es\/index.php\/wp-json\/wp\/v2\/pages\/624\/revisions"}],"predecessor-version":[{"id":682,"href":"https:\/\/www.moneyguard.es\/es\/index.php\/wp-json\/wp\/v2\/pages\/624\/revisions\/682"}],"up":[{"embeddable":true,"href":"https:\/\/www.moneyguard.es\/es\/index.php\/wp-json\/wp\/v2\/pages\/33"}],"wp:attachment":[{"href":"https:\/\/www.moneyguard.es\/es\/index.php\/wp-json\/wp\/v2\/media?parent=624"}],"curies":[{"name":"wp","href":"https:\/\/api.w.org\/{rel}","templated":true}]}}