{"id":60,"date":"2016-11-09T19:57:40","date_gmt":"2016-11-09T19:57:40","guid":{"rendered":"http:\/\/www.moneyguard.es\/es\/?page_id=60"},"modified":"2017-04-26T07:23:38","modified_gmt":"2017-04-26T07:23:38","slug":"retail-y-trasporte","status":"publish","type":"page","link":"https:\/\/www.moneyguard.es\/es\/index.php\/sector\/retail-y-trasporte\/","title":{"rendered":"Retail y trasporte"},"content":{"rendered":"<p><img fetchpriority=\"high\" decoding=\"async\" class=\"size-full wp-image-18 aligncenter\" src=\"http:\/\/www.moneyguard.es\/es\/wp-content\/uploads\/2016\/11\/slider07.jpg\" width=\"1900\" height=\"600\" \/><\/p>\n<p><strong>Retail y trasporte<\/strong><\/p>\n<p>Los Sectores Retail y Transportes son dos \u00e1reas que a trav\u00e9s de nuestra experiencia, exploramos y estudiamos con nuestros Ingenieros para obtener las mejores soluciones en m\u00e1quinas utilizando para ello la mejor tecnolog\u00eda existente en el mercado, con una mejora continua de nuestro producto final.<\/p>\n<p>Los productos que nosostros fabricamos e integramos, son una de las gamas mas completas del mercado, reconocida por cientos de clientes en toda Europa.<\/p>\n<p><strong>Art\u00edculos relacionados<\/strong><\/p>\n<p><a href=\"http:\/\/www.moneyguard.es\/es\/index.php\/prodotti\/moneyguard-serie-x\/\">MoneyGuard Serie X<\/a><\/p>\n<p><a href=\"http:\/\/www.moneyguard.es\/es\/index.php\/prodotti\/moneyguard-cobra\/\">MoneyGuard Cobra<\/a><\/p>\n<p><a href=\"http:\/\/www.moneyguard.es\/es\/index.php\/prodotti\/moneyguard-atm\/\">MoneyGuard ATM<\/a><\/p>\n<p><a href=\"http:\/\/www.moneyguard.es\/es\/index.php\/prodotti\/hotwifi-security\/\">HotWiFi Security<\/a><\/p>\n","protected":false},"excerpt":{"rendered":"<p>Retail y trasporte Los Sectores Retail y Transportes son dos \u00e1reas que a trav\u00e9s de nuestra experiencia, exploramos y estudiamos con nuestros Ingenieros para obtener las mejores soluciones en m\u00e1quinas utilizando para ello la mejor tecnolog\u00eda existente en el mercado, con una mejora continua de nuestro producto final. Los productos que nosostros fabricamos e integramos,&#8230;<\/p>\n","protected":false},"author":4,"featured_media":23,"parent":36,"menu_order":0,"comment_status":"closed","ping_status":"closed","template":"","meta":{"footnotes":""},"class_list":["post-60","page","type-page","status-publish","has-post-thumbnail","hentry"],"_links":{"self":[{"href":"https:\/\/www.moneyguard.es\/es\/index.php\/wp-json\/wp\/v2\/pages\/60","targetHints":{"allow":["GET"]}}],"collection":[{"href":"https:\/\/www.moneyguard.es\/es\/index.php\/wp-json\/wp\/v2\/pages"}],"about":[{"href":"https:\/\/www.moneyguard.es\/es\/index.php\/wp-json\/wp\/v2\/types\/page"}],"author":[{"embeddable":true,"href":"https:\/\/www.moneyguard.es\/es\/index.php\/wp-json\/wp\/v2\/users\/4"}],"replies":[{"embeddable":true,"href":"https:\/\/www.moneyguard.es\/es\/index.php\/wp-json\/wp\/v2\/comments?post=60"}],"version-history":[{"count":13,"href":"https:\/\/www.moneyguard.es\/es\/index.php\/wp-json\/wp\/v2\/pages\/60\/revisions"}],"predecessor-version":[{"id":364,"href":"https:\/\/www.moneyguard.es\/es\/index.php\/wp-json\/wp\/v2\/pages\/60\/revisions\/364"}],"up":[{"embeddable":true,"href":"https:\/\/www.moneyguard.es\/es\/index.php\/wp-json\/wp\/v2\/pages\/36"}],"wp:featuredmedia":[{"embeddable":true,"href":"https:\/\/www.moneyguard.es\/es\/index.php\/wp-json\/wp\/v2\/media\/23"}],"wp:attachment":[{"href":"https:\/\/www.moneyguard.es\/es\/index.php\/wp-json\/wp\/v2\/media?parent=60"}],"curies":[{"name":"wp","href":"https:\/\/api.w.org\/{rel}","templated":true}]}}