{"id":590,"date":"2019-07-25T10:13:10","date_gmt":"2019-07-25T10:13:10","guid":{"rendered":"http:\/\/www.moneyguard.es\/es\/?page_id=590"},"modified":"2020-03-02T10:47:29","modified_gmt":"2020-03-02T10:47:29","slug":"moneyguard-easypay","status":"publish","type":"page","link":"https:\/\/www.moneyguard.es\/es\/index.php\/productos\/moneyguard-easypay\/","title":{"rendered":"MoneyGuard EasyPay"},"content":{"rendered":"<p><strong>MoneyGuard EasyPay<\/strong>\u00a0es una estaci\u00f3n de pago automatizado para puntos de Venta (PV).<br \/>\nM\u00e1s de 30 estilos, gran capacidad de pago, m\u00e1s de 1.200 billetes, tama\u00f1o reducido.<\/p>\n<div class=\"video-container\"><iframe src=\"https:\/\/www.youtube.com\/embed\/y5-9mFwmiCM?rel=0\" width=\"560\" height=\"315\" frameborder=\"0\" allowfullscreen=\"allowfullscreen\"><\/iframe><\/div>\n<p><!--\n\n\n<div style=\"float: right; margin-left: 10px;\"><a href=\"..\/..\/..\/documents\/brochureEasyPay_ES.zip\" target=\"_blank\">\n<img decoding=\"async\" style=\"width: 60px; hight: 60px;\" src=\"..\/..\/..\/wp-content\/uploads\/2016\/11\/zip-icon.png\" \/>\n<\/a><\/div>\n\n\n\n\n<div style=\"float: right; margin-left: 10px;\"><a href=\"..\/..\/..\/documents\/brochureEasyPay_ES.pdf\" target=\"_blank\">\n<img decoding=\"async\" style=\"width: 60px; hight: 60px;\" src=\"..\/..\/..\/wp-content\/uploads\/2016\/11\/pdf-icon.png\" \/>\n<\/a><\/div>\n\n\n--><\/p>\n<div style=\"clear: both; text-align: center;\">\n<h2>Brochures PDF<\/h2>\n<\/p><\/div>\n<div class=\"parent-banderas\" style=\"float: right; margin-left: 10px; text-align:center\"><a href=\"..\/..\/..\/documents\/mg2020\/EasyPay\/brochureEasyPay_ES.pdf\" target=\"_blank\"><br \/>\n    <img decoding=\"async\" class=\"image-externa-banderas\" style=\"width: 60px; height: 60px;  border-radius: 50%;\" src=\"..\/..\/..\/wp-content\/uploads\/2020\/02\/spanish.png\" \/><br \/>\n    <img decoding=\"async\" class=\"image-interna-banderas\" style=\"width: 40px; height: 40px;border-radius: 50%;\" src=\"..\/..\/..\/wp-content\/uploads\/2016\/11\/pdf-icon.png\" \/><br \/>\n    <\/a><\/div>\n<div class=\"parent-banderas\" style=\"float: right; margin-left: 10px; text-align:center\"><a href=\"..\/..\/..\/documents\/mg2020\/EasyPay\/brochureEasyPay_EN.pdf\" target=\"_blank\"><br \/>\n    <img decoding=\"async\" class=\"image-externa-banderas\" style=\"width: 60px; height: 60px;  border-radius: 50%;\" src=\"..\/..\/..\/wp-content\/uploads\/2020\/02\/english.png\" \/><br \/>\n    <img decoding=\"async\" class=\"image-interna-banderas\" style=\"width: 40px; height: 40px;border-radius: 50%;\" src=\"..\/..\/..\/wp-content\/uploads\/2016\/11\/pdf-icon.png\" \/><br \/>\n    <\/a><\/div>\n<div class=\"parent-banderas\" style=\"float: right; margin-left: 10px; text-align:center\"><a href=\"..\/..\/..\/documents\/mg2020\/EasyPay\/brochureEasyPay_IT.pdf\" target=\"_blank\"><br \/>\n    <img decoding=\"async\" class=\"image-externa-banderas\" style=\"width: 60px; height: 60px;  border-radius: 50%;\" src=\"..\/..\/..\/wp-content\/uploads\/2020\/02\/italian.jpg\" \/><br \/>\n    <img decoding=\"async\" class=\"image-interna-banderas\" style=\"width: 40px; height: 40px;border-radius: 50%;\" src=\"..\/..\/..\/wp-content\/uploads\/2016\/11\/pdf-icon.png\" \/><br \/>\n    <\/a><\/div>\n<div class=\"parent-banderas\" style=\"float: right; margin-left: 10px; text-align:center\"><a href=\"..\/..\/..\/documents\/mg2020\/EasyPay\/brochureEasyPay_RU.pdf\" target=\"_blank\"><br \/>\n    <img decoding=\"async\" class=\"image-externa-banderas\" style=\"width: 60px; height: 60px;  border-radius: 50%;\" src=\"..\/..\/..\/wp-content\/uploads\/2020\/02\/russian.png\" \/><br \/>\n    <img decoding=\"async\" class=\"image-interna-banderas\" style=\"width: 40px; height: 40px;border-radius: 50%;\" src=\"..\/..\/..\/wp-content\/uploads\/2016\/11\/pdf-icon.png\" \/><br \/>\n    <\/a><\/div>\n<div class=\"parent-banderas\" style=\"float: right; margin-left: 10px; text-align:center\"><a href=\"..\/..\/..\/documents\/mg2020\/EasyPay\/brochureEasyPay_ZH.pdf\" target=\"_blank\"><br \/>\n    <img decoding=\"async\" class=\"image-externa-banderas\" style=\"width: 60px; height: 60px;  border-radius: 50%;\" src=\"..\/..\/..\/wp-content\/uploads\/2020\/02\/china.jpg\" \/><br \/>\n    <img decoding=\"async\" class=\"image-interna-banderas\" style=\"width: 40px; height: 40px;border-radius: 50%;\" src=\"..\/..\/..\/wp-content\/uploads\/2016\/11\/pdf-icon.png\" \/><br \/>\n    <\/a><\/div>\n<div class=\"parent-banderas\" style=\"float: right; margin-left: 10px; text-align:center\"><a href=\"..\/..\/..\/documents\/mg2020\/EasyPay\/brochureEasyPay_FR.pdf\" target=\"_blank\"><br \/>\n    <img decoding=\"async\" class=\"image-externa-banderas\" style=\"width: 60px; height: 60px;  border-radius: 50%;\" src=\"..\/..\/..\/wp-content\/uploads\/2020\/02\/france.jpg\" \/><br \/>\n    <img decoding=\"async\" class=\"image-interna-banderas\" style=\"width: 40px; height: 40px;border-radius: 50%;\" src=\"..\/..\/..\/wp-content\/uploads\/2016\/11\/pdf-icon.png\" \/><br \/>\n    <\/a><\/div>\n<div class=\"parent-banderas\" style=\"float: right; margin-left: 10px; text-align:center\"><a href=\"..\/..\/..\/documents\/mg2020\/EasyPay\/brochureEasyPay_DE.pdf\" target=\"_blank\"><br \/>\n    <img decoding=\"async\" class=\"image-externa-banderas\" style=\"width: 60px; height: 60px;  border-radius: 50%;\" src=\"..\/..\/..\/wp-content\/uploads\/2020\/02\/german.png\" \/><br \/>\n    <img decoding=\"async\" class=\"image-interna-banderas\" style=\"width: 40px; height: 40px;border-radius: 50%;\" src=\"..\/..\/..\/wp-content\/uploads\/2016\/11\/pdf-icon.png\" \/><br \/>\n    <\/a><\/div>\n<div class=\"parent-banderas\" style=\"float: right; margin-left: 10px; text-align:center\"><a href=\"..\/..\/..\/documents\/mg2020\/EasyPay\/brochureEasyPay_AR.pdf\" target=\"_blank\"><br \/>\n    <img decoding=\"async\" class=\"image-externa-banderas\" style=\"width: 60px; height: 60px;  border-radius: 50%;\" src=\"..\/..\/..\/wp-content\/uploads\/2020\/02\/arabic.png\" \/><br \/>\n    <img decoding=\"async\" class=\"image-interna-banderas\" style=\"width: 40px; height: 40px;border-radius: 50%;\" src=\"..\/..\/..\/wp-content\/uploads\/2016\/11\/pdf-icon.png\" \/><br \/>\n    <\/a><\/div>\n","protected":false},"excerpt":{"rendered":"<p>MoneyGuard EasyPay\u00a0es una estaci\u00f3n de pago automatizado para puntos de Venta (PV). M\u00e1s de 30 estilos, gran capacidad de pago, m\u00e1s de 1.200 billetes, tama\u00f1o reducido. Brochures PDF<\/p>\n","protected":false},"author":4,"featured_media":274,"parent":33,"menu_order":0,"comment_status":"closed","ping_status":"closed","template":"","meta":{"footnotes":""},"class_list":["post-590","page","type-page","status-publish","has-post-thumbnail","hentry"],"_links":{"self":[{"href":"https:\/\/www.moneyguard.es\/es\/index.php\/wp-json\/wp\/v2\/pages\/590","targetHints":{"allow":["GET"]}}],"collection":[{"href":"https:\/\/www.moneyguard.es\/es\/index.php\/wp-json\/wp\/v2\/pages"}],"about":[{"href":"https:\/\/www.moneyguard.es\/es\/index.php\/wp-json\/wp\/v2\/types\/page"}],"author":[{"embeddable":true,"href":"https:\/\/www.moneyguard.es\/es\/index.php\/wp-json\/wp\/v2\/users\/4"}],"replies":[{"embeddable":true,"href":"https:\/\/www.moneyguard.es\/es\/index.php\/wp-json\/wp\/v2\/comments?post=590"}],"version-history":[{"count":8,"href":"https:\/\/www.moneyguard.es\/es\/index.php\/wp-json\/wp\/v2\/pages\/590\/revisions"}],"predecessor-version":[{"id":687,"href":"https:\/\/www.moneyguard.es\/es\/index.php\/wp-json\/wp\/v2\/pages\/590\/revisions\/687"}],"up":[{"embeddable":true,"href":"https:\/\/www.moneyguard.es\/es\/index.php\/wp-json\/wp\/v2\/pages\/33"}],"wp:featuredmedia":[{"embeddable":true,"href":"https:\/\/www.moneyguard.es\/es\/index.php\/wp-json\/wp\/v2\/media\/274"}],"wp:attachment":[{"href":"https:\/\/www.moneyguard.es\/es\/index.php\/wp-json\/wp\/v2\/media?parent=590"}],"curies":[{"name":"wp","href":"https:\/\/api.w.org\/{rel}","templated":true}]}}