{"id":483,"date":"2017-05-22T06:39:46","date_gmt":"2017-05-22T06:39:46","guid":{"rendered":"http:\/\/www.moneyguard.es\/es\/?page_id=483"},"modified":"2020-03-02T10:45:39","modified_gmt":"2020-03-02T10:45:39","slug":"moneyguard-satm","status":"publish","type":"page","link":"https:\/\/www.moneyguard.es\/es\/index.php\/productos\/moneyguard-satm\/","title":{"rendered":"MoneyGuard S ATM"},"content":{"rendered":"<p><center><div id=\"metaslider-id-499\" style=\"max-width: 1140px;\" class=\"ml-slider-3-99-0 metaslider metaslider-flex metaslider-499 ml-slider ms-theme-default\" role=\"region\" aria-label=\"S ATM\" data-width=\"1140\">\n    <div id=\"metaslider_container_499\">\n        <div id=\"metaslider_499\">\n            <ul class='slides'>\n                <li style=\"display: block; width: 100%;\" class=\"slide-528 ms-image \" aria-roledescription=\"slide\" data-date=\"2017-06-19 11:23:36\"><img fetchpriority=\"high\" decoding=\"async\" src=\"https:\/\/www.moneyguard.es\/es\/wp-content\/uploads\/2017\/06\/S-ATM_front-1140x360.png\" height=\"360\" width=\"1140\" alt=\"\" class=\"slider-499 slide-528 msDefaultImage\" \/><\/li>\n                <li style=\"display: none; width: 100%;\" class=\"slide-530 ms-image \" aria-roledescription=\"slide\" data-date=\"2017-06-19 14:48:21\"><img decoding=\"async\" src=\"https:\/\/www.moneyguard.es\/es\/wp-content\/uploads\/2017\/06\/S-ATM_accettazione-1140x360.png\" height=\"360\" width=\"1140\" alt=\"\" class=\"slider-499 slide-530 msDefaultImage\" \/><\/li>\n                <li style=\"display: none; width: 100%;\" class=\"slide-531 ms-image \" aria-roledescription=\"slide\" data-date=\"2017-06-19 14:53:25\"><img decoding=\"async\" src=\"https:\/\/www.moneyguard.es\/es\/wp-content\/uploads\/2017\/06\/S-ATM_maintenance1-1140x360.png\" height=\"360\" width=\"1140\" alt=\"\" class=\"slider-499 slide-531 msDefaultImage\" \/><\/li>\n                <li style=\"display: none; width: 100%;\" class=\"slide-532 ms-image \" aria-roledescription=\"slide\" data-date=\"2017-06-19 14:53:28\"><img loading=\"lazy\" decoding=\"async\" src=\"https:\/\/www.moneyguard.es\/es\/wp-content\/uploads\/2017\/06\/S-ATM_side-1140x360.png\" height=\"360\" width=\"1140\" alt=\"\" class=\"slider-499 slide-532 msDefaultImage\" \/><\/li>\n                <li style=\"display: none; width: 100%;\" class=\"slide-533 ms-image \" aria-roledescription=\"slide\" data-date=\"2017-06-19 14:56:23\"><img loading=\"lazy\" decoding=\"async\" src=\"https:\/\/www.moneyguard.es\/es\/wp-content\/uploads\/2017\/06\/S-ATM_maintenance2-1140x360.png\" height=\"360\" width=\"1140\" alt=\"\" class=\"slider-499 slide-533 msDefaultImage\" \/><\/li>\n            <\/ul>\n        <\/div>\n        \n    <\/div>\n<\/div><\/center>&nbsp;<\/p>\n<p><strong>MoneyGuard S ATM<\/strong> es un s\u00edstema que permite al usuario efectuar ingresos en efectivo, monedas, cheques restaurant o cualquier otro documento (opcional) acelera el proceso de ingresos en cuenta sin necesidad de hacer largas colas con la correspondiente perdida de tiempo y productividad.<\/p>\n<p>En cualquier momento el ingreso se puede ver en nuestro WebService a trav\u00e9s de Internet por personas autorizadas a trav\u00e9s de la autenticaci\u00f3n de usuario y contrase\u00f1a. Todas las transacciones estan totalmente controladas y los billetes y monedas son comprobados cuando se realiza un ingreso a trav\u00e9s del aceptador de billetes que esta debidamente certificadas por el BCE.<\/p>\n<p>Para lograr el &#8220;objetivo&#8221; todo el dinero en efectivo que hay dentro de la caja fuerte y acordado con el cliente, se notifica a la &#8220;CIT&#8221; Empresa de Transportes de fondos la notificaci\u00f3n para una retirada del efectivo en los cajetines con la emisi\u00f3n de un recibo por el importe retirado.<\/p>\n<p>El proceso y cuadre del efectivo retirado sera certificado al cliente o banco, alivia al cliente de todas estas operaciones que normalmente implican una p\u00e9rdida considerable de tiempo y el riesgo en el transporte particular al efectuar un traslado a una entidad finaciera.<\/p>\n<p><strong>Otros sectores aplicables<\/strong><\/p>\n<p><em>Retail, Ayuntamientos, Estamentos Publicos, Transporte de Viajeros, Venta de Entradas, Auto Pago, etc.<\/em><br \/>\n<!--\n\n<div style=\"float: right; margin-left: 10px;\"><a href=\"..\/..\/..\/documents\/brochureSATM_ES.zip\" target=\"_blank\">\n<img decoding=\"async\" style=\"width: 60px; hight: 60px;\" src=\"..\/..\/..\/wp-content\/uploads\/2016\/11\/zip-icon.png\" \/>\n<\/a><\/div>\n\n\n\n\n<div style=\"float: right; margin-left: 10px;\"><a href=\"..\/..\/..\/documents\/brochureSATM_ES.pdf\" target=\"_blank\">\n<img decoding=\"async\" style=\"width: 60px; hight: 60px;\" src=\"..\/..\/..\/wp-content\/uploads\/2016\/11\/pdf-icon.png\" \/>\n<\/a><\/div>\n\n--><\/p>\n<div style=\"clear: both; text-align: center;\">\n<h2>Brochures PDF<\/h2>\n<\/p><\/div>\n<div class=\"parent-banderas\" style=\"float: right; margin-left: 10px; text-align:center\"><a href=\"..\/..\/..\/documents\/mg2020\/S-ATM\/brochureS-ATM_ES.pdf\" target=\"_blank\"><br \/>\n    <img decoding=\"async\" class=\"image-externa-banderas\" style=\"width: 60px; height: 60px;  border-radius: 50%;\" src=\"..\/..\/..\/wp-content\/uploads\/2020\/02\/spanish.png\" \/><br \/>\n    <img decoding=\"async\" class=\"image-interna-banderas\" style=\"width: 40px; height: 40px;border-radius: 50%;\" src=\"..\/..\/..\/wp-content\/uploads\/2016\/11\/pdf-icon.png\" \/><br \/>\n    <\/a><\/div>\n<div class=\"parent-banderas\" style=\"float: right; margin-left: 10px; text-align:center\"><a href=\"..\/..\/..\/documents\/mg2020\/S-ATM\/brochureS-ATM_EN.pdf\" target=\"_blank\"><br \/>\n    <img decoding=\"async\" class=\"image-externa-banderas\" style=\"width: 60px; height: 60px;  border-radius: 50%;\" src=\"..\/..\/..\/wp-content\/uploads\/2020\/02\/english.png\" \/><br \/>\n    <img decoding=\"async\" class=\"image-interna-banderas\" style=\"width: 40px; height: 40px;border-radius: 50%;\" src=\"..\/..\/..\/wp-content\/uploads\/2016\/11\/pdf-icon.png\" \/><br \/>\n    <\/a><\/div>\n<div class=\"parent-banderas\" style=\"float: right; margin-left: 10px; text-align:center\"><a href=\"..\/..\/..\/documents\/mg2020\/S-ATM\/brochureS-ATM_IT.pdf\" target=\"_blank\"><br \/>\n    <img decoding=\"async\" class=\"image-externa-banderas\" style=\"width: 60px; height: 60px;  border-radius: 50%;\" src=\"..\/..\/..\/wp-content\/uploads\/2020\/02\/italian.jpg\" \/><br \/>\n    <img decoding=\"async\" class=\"image-interna-banderas\" style=\"width: 40px; height: 40px;border-radius: 50%;\" src=\"..\/..\/..\/wp-content\/uploads\/2016\/11\/pdf-icon.png\" \/><br \/>\n    <\/a><\/div>\n<div class=\"parent-banderas\" style=\"float: right; margin-left: 10px; text-align:center\"><a href=\"..\/..\/..\/documents\/mg2020\/S-ATM\/brochureS-ATM_RU.pdf\" target=\"_blank\"><br \/>\n    <img decoding=\"async\" class=\"image-externa-banderas\" style=\"width: 60px; height: 60px;  border-radius: 50%;\" src=\"..\/..\/..\/wp-content\/uploads\/2020\/02\/russian.png\" \/><br \/>\n    <img decoding=\"async\" class=\"image-interna-banderas\" style=\"width: 40px; height: 40px;border-radius: 50%;\" src=\"..\/..\/..\/wp-content\/uploads\/2016\/11\/pdf-icon.png\" \/><br \/>\n    <\/a><\/div>\n<div class=\"parent-banderas\" style=\"float: right; margin-left: 10px; text-align:center\"><a href=\"..\/..\/..\/documents\/mg2020\/S-ATM\/brochureS-ATM_ZH.pdf\" target=\"_blank\"><br \/>\n    <img decoding=\"async\" class=\"image-externa-banderas\" style=\"width: 60px; height: 60px;  border-radius: 50%;\" src=\"..\/..\/..\/wp-content\/uploads\/2020\/02\/china.jpg\" \/><br \/>\n    <img decoding=\"async\" class=\"image-interna-banderas\" style=\"width: 40px; height: 40px;border-radius: 50%;\" src=\"..\/..\/..\/wp-content\/uploads\/2016\/11\/pdf-icon.png\" \/><br \/>\n    <\/a><\/div>\n<div class=\"parent-banderas\" style=\"float: right; margin-left: 10px; text-align:center\"><a href=\"..\/..\/..\/documents\/mg2020\/S-ATM\/brochureS-ATM_FR.pdf\" target=\"_blank\"><br \/>\n    <img decoding=\"async\" class=\"image-externa-banderas\" style=\"width: 60px; height: 60px;  border-radius: 50%;\" src=\"..\/..\/..\/wp-content\/uploads\/2020\/02\/france.jpg\" \/><br \/>\n    <img decoding=\"async\" class=\"image-interna-banderas\" style=\"width: 40px; height: 40px;border-radius: 50%;\" src=\"..\/..\/..\/wp-content\/uploads\/2016\/11\/pdf-icon.png\" \/><br \/>\n    <\/a><\/div>\n<div class=\"parent-banderas\" style=\"float: right; margin-left: 10px; text-align:center\"><a href=\"..\/..\/..\/documents\/mg2020\/S-ATM\/brochureS-ATM_DE.pdf\" target=\"_blank\"><br \/>\n    <img decoding=\"async\" class=\"image-externa-banderas\" style=\"width: 60px; height: 60px;  border-radius: 50%;\" src=\"..\/..\/..\/wp-content\/uploads\/2020\/02\/german.png\" \/><br \/>\n    <img decoding=\"async\" class=\"image-interna-banderas\" style=\"width: 40px; height: 40px;border-radius: 50%;\" src=\"..\/..\/..\/wp-content\/uploads\/2016\/11\/pdf-icon.png\" \/><br \/>\n    <\/a><\/div>\n<div class=\"parent-banderas\" style=\"float: right; margin-left: 10px; text-align:center\"><a href=\"..\/..\/..\/documents\/mg2020\/S-ATM\/brochureS-ATM_AR.pdf\" target=\"_blank\"><br \/>\n    <img decoding=\"async\" class=\"image-externa-banderas\" style=\"width: 60px; height: 60px;  border-radius: 50%;\" src=\"..\/..\/..\/wp-content\/uploads\/2020\/02\/arabic.png\" \/><br \/>\n    <img decoding=\"async\" class=\"image-interna-banderas\" style=\"width: 40px; height: 40px;border-radius: 50%;\" src=\"..\/..\/..\/wp-content\/uploads\/2016\/11\/pdf-icon.png\" \/><br \/>\n    <\/a><\/div>\n","protected":false},"excerpt":{"rendered":"<p>&nbsp; MoneyGuard S ATM es un s\u00edstema que permite al usuario efectuar ingresos en efectivo, monedas, cheques restaurant o cualquier otro documento (opcional) acelera el proceso de ingresos en cuenta sin necesidad de hacer largas colas con la correspondiente perdida de tiempo y productividad. En cualquier momento el ingreso se puede ver en nuestro WebService&#8230;<\/p>\n","protected":false},"author":4,"featured_media":0,"parent":33,"menu_order":0,"comment_status":"closed","ping_status":"closed","template":"","meta":{"footnotes":""},"class_list":["post-483","page","type-page","status-publish","hentry"],"_links":{"self":[{"href":"https:\/\/www.moneyguard.es\/es\/index.php\/wp-json\/wp\/v2\/pages\/483","targetHints":{"allow":["GET"]}}],"collection":[{"href":"https:\/\/www.moneyguard.es\/es\/index.php\/wp-json\/wp\/v2\/pages"}],"about":[{"href":"https:\/\/www.moneyguard.es\/es\/index.php\/wp-json\/wp\/v2\/types\/page"}],"author":[{"embeddable":true,"href":"https:\/\/www.moneyguard.es\/es\/index.php\/wp-json\/wp\/v2\/users\/4"}],"replies":[{"embeddable":true,"href":"https:\/\/www.moneyguard.es\/es\/index.php\/wp-json\/wp\/v2\/comments?post=483"}],"version-history":[{"count":20,"href":"https:\/\/www.moneyguard.es\/es\/index.php\/wp-json\/wp\/v2\/pages\/483\/revisions"}],"predecessor-version":[{"id":686,"href":"https:\/\/www.moneyguard.es\/es\/index.php\/wp-json\/wp\/v2\/pages\/483\/revisions\/686"}],"up":[{"embeddable":true,"href":"https:\/\/www.moneyguard.es\/es\/index.php\/wp-json\/wp\/v2\/pages\/33"}],"wp:attachment":[{"href":"https:\/\/www.moneyguard.es\/es\/index.php\/wp-json\/wp\/v2\/media?parent=483"}],"curies":[{"name":"wp","href":"https:\/\/api.w.org\/{rel}","templated":true}]}}