{"id":48,"date":"2016-11-09T18:59:21","date_gmt":"2016-11-09T18:59:21","guid":{"rendered":"http:\/\/www.moneyguard.es\/es\/?page_id=48"},"modified":"2016-11-25T14:32:45","modified_gmt":"2016-11-25T14:32:45","slug":"multimedia","status":"publish","type":"page","link":"https:\/\/www.moneyguard.es\/es\/index.php\/sector\/antifraude\/multimedia\/","title":{"rendered":"Multimedia"},"content":{"rendered":"<p><img decoding=\"async\" class=\"aligncenter\" src=\"http:\/\/www.moneyguard.es\/img\/marketplace\/bigOC.png\" \/><\/p>\n<p><strong>Multimedia<\/strong><\/p>\n<p>Original Check la soluci\u00f3n m\u00e1s innovadora del mercado, Anti Falsificaci\u00f3n, Anti Fraude:<\/p>\n<p><iframe src=\"http:\/\/www.youtube.com\/embed\/SMLIQu9VMvw\" width=\"420\" height=\"315\" frameborder=\"0\" allowfullscreen=\"allowfullscreen\"><\/iframe><\/p>\n<hr \/>\n<p>Original Check Anti Falsificaci\u00f3n, como verificamos el c\u00f3digo:<\/p>\n<p><iframe src=\"http:\/\/www.youtube.com\/embed\/2OudSdjJE_M?feature=player_detailpage\" width=\"400\" height=\"225\" frameborder=\"0\" allowfullscreen=\"allowfullscreen\"><\/iframe><\/p>\n<hr \/>\n<p>SICOS utiliza Original Check para verificar la autenticidad de sus productos:<\/p>\n<p><iframe src=\"http:\/\/www.youtube.com\/embed\/dteFVmsOgwE\" width=\"420\" height=\"315\" frameborder=\"0\" allowfullscreen=\"allowfullscreen\"><\/iframe><\/p>\n<hr \/>\n<p>CALESITA utiliza OriginalCheck para verificar la autenticidad de sus productos:<\/p>\n<p><iframe src=\"http:\/\/www.youtube.com\/embed\/jG-6fwqU96Y\" width=\"420\" height=\"315\" frameborder=\"0\" allowfullscreen=\"allowfullscreen\"><\/iframe><\/p>\n","protected":false},"excerpt":{"rendered":"<p>Multimedia Original Check la soluci\u00f3n m\u00e1s innovadora del mercado, Anti Falsificaci\u00f3n, Anti Fraude: Original Check Anti Falsificaci\u00f3n, como verificamos el c\u00f3digo: SICOS utiliza Original Check para verificar la autenticidad de sus productos: CALESITA utiliza OriginalCheck para verificar la autenticidad de sus productos:<\/p>\n","protected":false},"author":4,"featured_media":0,"parent":38,"menu_order":0,"comment_status":"closed","ping_status":"closed","template":"","meta":{"footnotes":""},"class_list":["post-48","page","type-page","status-publish","hentry"],"_links":{"self":[{"href":"https:\/\/www.moneyguard.es\/es\/index.php\/wp-json\/wp\/v2\/pages\/48","targetHints":{"allow":["GET"]}}],"collection":[{"href":"https:\/\/www.moneyguard.es\/es\/index.php\/wp-json\/wp\/v2\/pages"}],"about":[{"href":"https:\/\/www.moneyguard.es\/es\/index.php\/wp-json\/wp\/v2\/types\/page"}],"author":[{"embeddable":true,"href":"https:\/\/www.moneyguard.es\/es\/index.php\/wp-json\/wp\/v2\/users\/4"}],"replies":[{"embeddable":true,"href":"https:\/\/www.moneyguard.es\/es\/index.php\/wp-json\/wp\/v2\/comments?post=48"}],"version-history":[{"count":5,"href":"https:\/\/www.moneyguard.es\/es\/index.php\/wp-json\/wp\/v2\/pages\/48\/revisions"}],"predecessor-version":[{"id":341,"href":"https:\/\/www.moneyguard.es\/es\/index.php\/wp-json\/wp\/v2\/pages\/48\/revisions\/341"}],"up":[{"embeddable":true,"href":"https:\/\/www.moneyguard.es\/es\/index.php\/wp-json\/wp\/v2\/pages\/38"}],"wp:attachment":[{"href":"https:\/\/www.moneyguard.es\/es\/index.php\/wp-json\/wp\/v2\/media?parent=48"}],"curies":[{"name":"wp","href":"https:\/\/api.w.org\/{rel}","templated":true}]}}