{"id":46,"date":"2016-11-09T18:58:48","date_gmt":"2016-11-09T18:58:48","guid":{"rendered":"http:\/\/www.moneyguard.es\/es\/?page_id=46"},"modified":"2016-11-25T14:33:08","modified_gmt":"2016-11-25T14:33:08","slug":"aplicaciones","status":"publish","type":"page","link":"https:\/\/www.moneyguard.es\/es\/index.php\/sector\/antifraude\/aplicaciones\/","title":{"rendered":"Aplicaci\u00f3nes"},"content":{"rendered":"<p><img decoding=\"async\" class=\"aligncenter\" src=\"http:\/\/www.moneyguard.es\/img\/marketplace\/bigOC.png\" \/><\/p>\n<p><strong>Marketing<\/strong><\/p>\n<p>El c\u00f3digo Original Check es utilizado por el &#8220;cliente final&#8221; para comprobar que el producto que ha adquirido es aut\u00e9ntico, es <b>ORIGINAL<\/b>. Con nuestro sistema adem\u00e1s es posible trazar el perfil del consumidor basado en la ubicaci\u00f3n geogr\u00e1fica y preferencias de consumo, de esta manera a trav\u00e9s de algoritmos (v\u00e9ase, por ejemplo <a href=\"https:\/\/es.wikipedia.org\/wiki\/Preferencia_revelada\" target=\"_blank\" rel=\"noopener\">https:\/\/es.wikipedia.org\/wiki\/Preferencia_revelada<\/a>) se construye un perfil del consumidor.<\/p>\n<p>Un ejemplo de aplicaci\u00f3n, distribuimos cupones con regalos con nuestro c\u00f3digo Original Check, El consumidor accede a la p\u00e1gina web correspondiente para comprobar si alguno de sus cupones ha sido premiado (ver secci\u00f3n Multimedia los videos). El sistema Original Check comprueba si el c\u00f3digo es original y adem\u00e1s si esta premiado, el promotor de los cupones como resultado de la comprobaci\u00f3n efectuada por el consumidor obtiene un perfil completo del cliente entre los que podemos destacar el sitio donde adquiri\u00f3 los art\u00edculos.<\/p>\n<p>Sectores de Aplicaci\u00f3n, infinitos, la imaginaci\u00f3n de los organizadores, de los creativos, de los departamentos de Marqueting, hace de este sistema que sea \u00fanico.<\/p>\n<hr \/>\n<p><strong>Trazabilidad<\/strong><\/p>\n<p>La trazabilidad es el proceso de control sobre la vida de un producto. Un caso particular de trazabilidad: es un producto terminado desde el origen hasta el usuario final, el consumidor.<\/p>\n<p>Tomemos un ejemplo del proceso, un productor de alimentos de pasta, distribuye a trav\u00e9s de los mayoristas y distribuidores nacionales una cierta cantidad de cajas. Los mayoristas y distribuidores nacionales venden la pasta a las diversas tiendas, restaurantes, etc. El fabricante conoce a sus clientes, pero no sabe nada de la distribuci\u00f3n final geogr\u00e1fica de su producto y menos de las costumbres del consumidor final.<\/p>\n<p>Combinando Original Check con un s\u00edstema de puntos de recogida o sorteos puede rastrear al usuario final.<\/p>\n<p>Al adquirir Original Check, garantiza y asegura la &#8220;NO falsificaci\u00f3n del producto&#8221;, evita el fraude en los puntos de venta o promociones con premios, dando al producto una alta seguridad desde el origen, hasta el consumidor final<\/p>\n<hr \/>\n<p><strong>Sectores replicables<\/strong><\/p>\n<p>La mayor\u00eda de los sistemas de lucha contra la falsificaci\u00f3n que existen en el mercado hoy en d\u00eda, se hacen con m\u00e9todos de serie, y luego son replicables tanto por el propio productor como por un posible falsificador. Original Check es un c\u00f3digo \u00fanico creado con un proceso aleatorio y no reproducible. Un sistema patentado que permite generar un c\u00f3digo \u00fanico completamente al azar, en el proceso de la creaci\u00f3n al no ser generado por un ordenador o m\u00e1quinas de control num\u00e9rico, lo hace totalmente anti falsificable. Es creado con fen\u00f3menos que existen en la naturaleza y por lo tanto no son matem\u00e1ticamente predecibles.<\/p>\n<p>Nuestro s\u00edstema certifica que el c\u00f3digo generado por ORIGINAL CHECK es irreplicable incluso por el mismo fabricante.<\/p>\n<p>Una vez que se ha generado el c\u00f3digo, el ADN del producto, se lee y se almacena en una base de datos, y se aplicar\u00e1 \u00fanicamente en la fase de fabricaci\u00f3n del producto.<\/p>\n<p>La soluci\u00f3n ORIGINAL CHECK tambi\u00e9n involucra directamente al consumidor final que lo utiliza para comprobar la autenticidad producto comprado, con un Smartphone puede enviar una foto del c\u00f3digo al servidor remoto a trav\u00e9s de un SMS, o por correo electr\u00f3nico, o conectarse con un ordenador equipado con una webcam a la p\u00e1gina www.originalcheck.es. El servidor recibe la imagen, lo compara con la base de datos en tiempo real e informa al consumidor final sobre la autenticidad el producto adquirido.<\/p>\n<p>Logramos tres objetivos: la protecci\u00f3n del productor, la tranquilidad del consumidor final, y el m\u00e1s importante la lucha para erradicar la falsificaci\u00f3n.<\/p>\n<p><a href=\"http:\/\/www.moneyguard.es\/es\/index.php\/sector\/antifraude\/multimedia\/\">Multimedia<\/a><\/p>\n","protected":false},"excerpt":{"rendered":"<p>Marketing El c\u00f3digo Original Check es utilizado por el &#8220;cliente final&#8221; para comprobar que el producto que ha adquirido es aut\u00e9ntico, es ORIGINAL. Con nuestro sistema adem\u00e1s es posible trazar el perfil del consumidor basado en la ubicaci\u00f3n geogr\u00e1fica y preferencias de consumo, de esta manera a trav\u00e9s de algoritmos (v\u00e9ase, por ejemplo https:\/\/es.wikipedia.org\/wiki\/Preferencia_revelada) se&#8230;<\/p>\n","protected":false},"author":4,"featured_media":0,"parent":38,"menu_order":0,"comment_status":"closed","ping_status":"closed","template":"","meta":{"footnotes":""},"class_list":["post-46","page","type-page","status-publish","hentry"],"_links":{"self":[{"href":"https:\/\/www.moneyguard.es\/es\/index.php\/wp-json\/wp\/v2\/pages\/46","targetHints":{"allow":["GET"]}}],"collection":[{"href":"https:\/\/www.moneyguard.es\/es\/index.php\/wp-json\/wp\/v2\/pages"}],"about":[{"href":"https:\/\/www.moneyguard.es\/es\/index.php\/wp-json\/wp\/v2\/types\/page"}],"author":[{"embeddable":true,"href":"https:\/\/www.moneyguard.es\/es\/index.php\/wp-json\/wp\/v2\/users\/4"}],"replies":[{"embeddable":true,"href":"https:\/\/www.moneyguard.es\/es\/index.php\/wp-json\/wp\/v2\/comments?post=46"}],"version-history":[{"count":10,"href":"https:\/\/www.moneyguard.es\/es\/index.php\/wp-json\/wp\/v2\/pages\/46\/revisions"}],"predecessor-version":[{"id":340,"href":"https:\/\/www.moneyguard.es\/es\/index.php\/wp-json\/wp\/v2\/pages\/46\/revisions\/340"}],"up":[{"embeddable":true,"href":"https:\/\/www.moneyguard.es\/es\/index.php\/wp-json\/wp\/v2\/pages\/38"}],"wp:attachment":[{"href":"https:\/\/www.moneyguard.es\/es\/index.php\/wp-json\/wp\/v2\/media?parent=46"}],"curies":[{"name":"wp","href":"https:\/\/api.w.org\/{rel}","templated":true}]}}