{"id":33,"date":"2016-11-09T18:45:08","date_gmt":"2016-11-09T18:45:08","guid":{"rendered":"http:\/\/www.moneyguard.es\/es\/?page_id=33"},"modified":"2019-07-25T12:03:44","modified_gmt":"2019-07-25T12:03:44","slug":"productos","status":"publish","type":"page","link":"https:\/\/www.moneyguard.es\/es\/index.php\/productos\/","title":{"rendered":"Productos"},"content":{"rendered":"<p style=\"text-align: left;\"><strong><a href=\"http:\/\/www.moneyguard.es\/es\/index.php\/productos\/moneyguard-serie-x\/\">MoneyGuard Serie X<\/a><\/strong><\/p>\n<p style=\"text-align: left;\">MoneyGuard es un s\u00edstema de depositos de efectivo en autom\u00e1tico, que permite al usuario realizar los ingresos de dinero en efectivo, agiliza los tiempos y procedimientos de contar manualmente el dinero recibido sin necesidad de utilizar el contaje tradicional con todas las implicaciones que esta acci\u00f3n implica &#8230; [<a href=\"http:\/\/www.moneyguard.es\/es\/index.php\/productos\/moneyguard-serie-x\/\">m\u00e1s<\/a>]<\/p>\n<hr \/>\n<p style=\"text-align: left;\"><strong><a href=\"http:\/\/www.moneyguard.es\/es\/index.php\/productos\/cobra-plus\/\">MoneyGuard Cobra Plus <\/a><\/strong><\/p>\n<p style=\"text-align: left;\">MoneyGuard Cobra Plus es una m\u00e1quina especialmente dise\u00f1ada para el sector financiero. El deseo de automatizar la gesti\u00f3n de tesorer\u00eda, la gesti\u00f3n de colas en el patio de operaciones, optimizar los costes y proporcionar un servicio continuo &#8230; [<a href=\"http:\/\/www.moneyguard.es\/es\/index.php\/productos\/cobra-plus\/\">m\u00e1s<\/a>]<\/p>\n<hr \/>\n<p style=\"text-align: left;\"><strong><a href=\"http:\/\/www.moneyguard.es\/es\/index.php\/productos\/moneyguard-atm\/\">MoneyGuard ATM<\/a><\/strong><\/p>\n<p style=\"text-align: left;\">MoneyGuard ATM es un s\u00edstema que permite al usuario efectuar ingresos en efectivo, monedas, cheques restaurant, o cualquier otro documento acelera el proceso de ingresos en cuenta sin necesidad de hacer largas colas con la correspondiente perdida de tiempo y productividad &#8230; [<a href=\"http:\/\/www.moneyguard.es\/es\/index.php\/productos\/moneyguard-atm\/\">m\u00e1s<\/a>]<\/p>\n<hr \/>\n<p style=\"text-align: left;\"><strong><a href=\"http:\/\/www.moneyguard.es\/es\/index.php\/productos\/moneyguard-satm\/\">MoneyGuard S ATM<\/a><\/strong><\/p>\n<p style=\"text-align: left;\">MoneyGuard S ATM es un s\u00edstema que permite al usuario efectuar ingresos en efectivo, monedas, cheques restaurant, o cualquier otro documento acelera el proceso de ingresos en cuenta sin necesidad de hacer largas colas con la correspondiente perdida de tiempo y productividad &#8230; [<a href=\"http:\/\/www.moneyguard.es\/es\/index.php\/productos\/moneyguard-satm\/\">m\u00e1s<\/a>]<\/p>\n<hr \/>\n<p style=\"text-align: left;\"><strong><a href=\"http:\/\/www.moneyguard.es\/es\/index.php\/productos\/moneyguard-easypay\/\">MoneyGuard EasyPay<\/a><\/strong><\/p>\n<p style=\"text-align: left;\">MoneyGuard EasyPay es una estaci\u00f3n de pago automatizado para puntos de Venta (PV).<br \/>\nM\u00e1s de 30 estilos, gran capacidad de pago, m\u00e1s de 1.200 billetes, tama\u00f1o reducido &#8230; [<a href=\"http:\/\/www.moneyguard.es\/es\/index.php\/productos\/moneyguard-easypay\/\">m\u00e1s<\/a>]<\/p>\n<hr \/>\n<p style=\"text-align: left;\"><strong><a href=\"http:\/\/www.moneyguard.es\/es\/index.php\/productos\/moneyguard-collectordrop\/\">MoneyGuard CollectorDrop<\/a><\/strong><\/p>\n<p style=\"text-align: left;\">MoneyGuard CollectorDrop es un dispositivo que permite la recogida segura de efectivo y\/o de sobres utilizando una Caja Fuerte equipado de s\u00edstema de marcado Oberthur\/Axytrans &#8230;\u00a0[<a href=\"http:\/\/www.moneyguard.es\/es\/index.php\/productos\/moneyguard-collectordrop\/\">m\u00e1s<\/a>]<\/p>\n<hr \/>\n<p style=\"text-align: left;\"><strong><a href=\"http:\/\/www.moneyguard.es\/es\/index.php\/productos\/moneyguard-easydrop\/\">MoneyGuard EasyDrop<\/a><\/strong><\/p>\n<p style=\"text-align: left;\">MoneyGuard EasyDrop es un s\u00edstema que permite al croupier efectuar los ingresos por la compra de fichas en mesa, de una forma totalmente desatendida teniendo un absoluto control de la mesa de juego &#8230; [<a href=\"http:\/\/www.moneyguard.es\/es\/index.php\/productos\/moneyguard-easydrop\/\">m\u00e1s<\/a>]<\/p>\n<hr \/>\n<p style=\"text-align: left;\"><strong><a href=\"http:\/\/www.moneyguard.es\/es\/index.php\/productos\/moneyguard-babelslots\/\">MoneyGuard BabelSlots<\/a><\/strong><\/p>\n<p style=\"text-align: left;\">MoneyGuard BabelSlots. Gracias a su interfaz transparente permite la interconexi\u00f3n con muchos aceptadores de su mercado, como por ejemplo, MEI, JCM y otros &#8230; [<a href=\"http:\/\/www.moneyguard.es\/es\/index.php\/productos\/moneyguard-babelslots\/\">m\u00e1s<\/a>]<\/p>\n<hr \/>\n<p style=\"text-align: left;\"><strong><a href=\"http:\/\/www.moneyguard.es\/es\/index.php\/productos\/hotwifi-security\/\">HotWiFi Security<\/a><\/strong><\/p>\n<p style=\"text-align: left;\">La tecnolog\u00eda y la innovaci\u00f3n de este producto nos ha dado varios reconocimientos a nivel Europeo, entre ellos el de ser el \u00fanico sistema al mundo por sus caracter\u00edsticas &#8230; [<a href=\"http:\/\/www.moneyguard.es\/es\/index.php\/productos\/hotwifi-security\/\">m\u00e1s<\/a>]<\/p>\n","protected":false},"excerpt":{"rendered":"<p>MoneyGuard Serie X MoneyGuard es un s\u00edstema de depositos de efectivo en autom\u00e1tico, que permite al usuario realizar los ingresos de dinero en efectivo, agiliza los tiempos y procedimientos de contar manualmente el dinero recibido sin necesidad de utilizar el contaje tradicional con todas las implicaciones que esta acci\u00f3n implica &#8230; [m\u00e1s] MoneyGuard Cobra Plus&#8230;<\/p>\n","protected":false},"author":4,"featured_media":234,"parent":0,"menu_order":0,"comment_status":"closed","ping_status":"closed","template":"","meta":{"footnotes":""},"class_list":["post-33","page","type-page","status-publish","has-post-thumbnail","hentry"],"_links":{"self":[{"href":"https:\/\/www.moneyguard.es\/es\/index.php\/wp-json\/wp\/v2\/pages\/33","targetHints":{"allow":["GET"]}}],"collection":[{"href":"https:\/\/www.moneyguard.es\/es\/index.php\/wp-json\/wp\/v2\/pages"}],"about":[{"href":"https:\/\/www.moneyguard.es\/es\/index.php\/wp-json\/wp\/v2\/types\/page"}],"author":[{"embeddable":true,"href":"https:\/\/www.moneyguard.es\/es\/index.php\/wp-json\/wp\/v2\/users\/4"}],"replies":[{"embeddable":true,"href":"https:\/\/www.moneyguard.es\/es\/index.php\/wp-json\/wp\/v2\/comments?post=33"}],"version-history":[{"count":25,"href":"https:\/\/www.moneyguard.es\/es\/index.php\/wp-json\/wp\/v2\/pages\/33\/revisions"}],"predecessor-version":[{"id":597,"href":"https:\/\/www.moneyguard.es\/es\/index.php\/wp-json\/wp\/v2\/pages\/33\/revisions\/597"}],"wp:featuredmedia":[{"embeddable":true,"href":"https:\/\/www.moneyguard.es\/es\/index.php\/wp-json\/wp\/v2\/media\/234"}],"wp:attachment":[{"href":"https:\/\/www.moneyguard.es\/es\/index.php\/wp-json\/wp\/v2\/media?parent=33"}],"curies":[{"name":"wp","href":"https:\/\/api.w.org\/{rel}","templated":true}]}}