{"id":105,"date":"2016-11-12T10:34:16","date_gmt":"2016-11-12T10:34:16","guid":{"rendered":"http:\/\/www.moneyguard.es\/es\/?page_id=105"},"modified":"2016-11-25T14:20:12","modified_gmt":"2016-11-25T14:20:12","slug":"hotwifi-security","status":"publish","type":"page","link":"https:\/\/www.moneyguard.es\/es\/index.php\/productos\/hotwifi-security\/","title":{"rendered":"HotWiFi Security"},"content":{"rendered":"<p><center><img decoding=\"async\" src=\"http:\/\/www.moneyguard.es\/es\/wp-content\/uploads\/2016\/11\/hot-wifi-security.gif\" alt=\"HotWiFi Security\" width=\"167\" height=\"30\" class=\"size-full wp-image-13\" \/><\/center><\/p>\n<p>La Tecnolog\u00eda y la innovaci\u00f3n de este producto nos ha dado varios reconocimientos a nivel Europeo, entre ellos el de ser el \u00fanico sistema al mundo por sus caracter\u00edsticas:<\/p>\n<ul>\n<li>El software est\u00e1 disponible en Espa\u00f1ol, Italiano, Ingl\u00e9s, Franc\u00e9s y Alem\u00e1n<\/li>\n<li>Adopta el mismo nivel de seguridad utilizado por los bancos en l\u00ednea (SSL de 128 bits)<\/li>\n<li>No necesita software adicional para ser visionado (sin necesidad de instalar un software en el ordenador desde el que se puede acceder al sistema)<\/li>\n<li>Compatible con c\u00e1maras de hasta 11 megap\u00edxeles<\/li>\n<li>Est\u00e1 disenado para acceder a traves de la tecnolog\u00eda inal\u00e1mbrica (Wi-Fi 802.11x)<\/li>\n<\/ul>\n","protected":false},"excerpt":{"rendered":"<p>La Tecnolog\u00eda y la innovaci\u00f3n de este producto nos ha dado varios reconocimientos a nivel Europeo, entre ellos el de ser el \u00fanico sistema al mundo por sus caracter\u00edsticas: El software est\u00e1 disponible en Espa\u00f1ol, Italiano, Ingl\u00e9s, Franc\u00e9s y Alem\u00e1n Adopta el mismo nivel de seguridad utilizado por los bancos en l\u00ednea (SSL de 128&#8230;<\/p>\n","protected":false},"author":4,"featured_media":0,"parent":33,"menu_order":0,"comment_status":"closed","ping_status":"closed","template":"","meta":{"footnotes":""},"class_list":["post-105","page","type-page","status-publish","hentry"],"_links":{"self":[{"href":"https:\/\/www.moneyguard.es\/es\/index.php\/wp-json\/wp\/v2\/pages\/105","targetHints":{"allow":["GET"]}}],"collection":[{"href":"https:\/\/www.moneyguard.es\/es\/index.php\/wp-json\/wp\/v2\/pages"}],"about":[{"href":"https:\/\/www.moneyguard.es\/es\/index.php\/wp-json\/wp\/v2\/types\/page"}],"author":[{"embeddable":true,"href":"https:\/\/www.moneyguard.es\/es\/index.php\/wp-json\/wp\/v2\/users\/4"}],"replies":[{"embeddable":true,"href":"https:\/\/www.moneyguard.es\/es\/index.php\/wp-json\/wp\/v2\/comments?post=105"}],"version-history":[{"count":4,"href":"https:\/\/www.moneyguard.es\/es\/index.php\/wp-json\/wp\/v2\/pages\/105\/revisions"}],"predecessor-version":[{"id":307,"href":"https:\/\/www.moneyguard.es\/es\/index.php\/wp-json\/wp\/v2\/pages\/105\/revisions\/307"}],"up":[{"embeddable":true,"href":"https:\/\/www.moneyguard.es\/es\/index.php\/wp-json\/wp\/v2\/pages\/33"}],"wp:attachment":[{"href":"https:\/\/www.moneyguard.es\/es\/index.php\/wp-json\/wp\/v2\/media?parent=105"}],"curies":[{"name":"wp","href":"https:\/\/api.w.org\/{rel}","templated":true}]}}