{"id":99,"date":"2016-11-12T10:24:13","date_gmt":"2016-11-12T10:24:13","guid":{"rendered":"http:\/\/www.moneyguard.es\/it\/?page_id=99"},"modified":"2016-11-25T12:56:50","modified_gmt":"2016-11-25T12:56:50","slug":"moneyguard-babelslots","status":"publish","type":"page","link":"http:\/\/www.moneyguard.es\/it\/index.php\/prodotti\/moneyguard-babelslots\/","title":{"rendered":"MoneyGuard BabelSlots"},"content":{"rendered":"<p><center><img decoding=\"async\" src=\"..\/..\/..\/wp-content\/uploads\/2016\/11\/mg-babelslots.png\" alt=\"MoneyGuard BabelSlots\" width=\"400\" height=\"103\" class=\"size-full wp-image-13\" \/><\/center><\/p>\n<p>Il<strong> MoneyGuard BabelSlots<\/strong>, grazie alla sua interfaccia trasparente permette di interfacciarsi con i pi\u00f9 noti accettatori sul mercato, a titolo di esempio MEI, JCM e altri.<\/p>\n<p>Il suo scopo \u00e8 quello di permettere di accettare due o pi\u00f9 valute sulla stessa slot, applicando un cambio a un tasso sempre aggiornato e gestibile centralmente da un software server centralizzato.<\/p>\n<p>In pi\u00f9 possiede alcune funzioni avanzate come l\u2019aggiornamento del firmware dell&#8217;accettatore da remoto in maniera centralizzata, in sole 3 ore tutto il vostro parco slot sar\u00e0 aggiornato con un firmware che accetter\u00f2 le banconote di nuova uscita e le ultime caratteristiche che aumenteranno la qualit\u00e0 di accettazione dei lettori.<\/p>\n<p>Con un accessorio, sar\u00e0 anche possibile dotare i cassetti di tag RFID e localizzarli fino in sala conta, non ci saranno possibilit\u00e0 di errori umani, il controllo sar\u00e0 massimo e la tracciatura semplice ed efficace.<\/p>\n<p>Nata per il Casino di Campione, <strong>BabelSlots<\/strong> si preannuncia come un novit\u00e0 del settore utile ed economica.<\/p>\n<p>&nbsp;<\/p>\n","protected":false},"excerpt":{"rendered":"<p>Il MoneyGuard BabelSlots, grazie alla sua interfaccia trasparente permette di interfacciarsi con i pi\u00f9 noti accettatori sul mercato, a titolo di esempio MEI, JCM e altri. Il suo scopo \u00e8 quello di permettere di accettare due o pi\u00f9 valute sulla stessa slot, applicando un cambio a un tasso sempre aggiornato e gestibile centralmente da un&#8230;<\/p>\n","protected":false},"author":3,"featured_media":0,"parent":33,"menu_order":0,"comment_status":"closed","ping_status":"closed","template":"","meta":{"footnotes":""},"class_list":["post-99","page","type-page","status-publish","hentry"],"_links":{"self":[{"href":"http:\/\/www.moneyguard.es\/it\/index.php\/wp-json\/wp\/v2\/pages\/99","targetHints":{"allow":["GET"]}}],"collection":[{"href":"http:\/\/www.moneyguard.es\/it\/index.php\/wp-json\/wp\/v2\/pages"}],"about":[{"href":"http:\/\/www.moneyguard.es\/it\/index.php\/wp-json\/wp\/v2\/types\/page"}],"author":[{"embeddable":true,"href":"http:\/\/www.moneyguard.es\/it\/index.php\/wp-json\/wp\/v2\/users\/3"}],"replies":[{"embeddable":true,"href":"http:\/\/www.moneyguard.es\/it\/index.php\/wp-json\/wp\/v2\/comments?post=99"}],"version-history":[{"count":3,"href":"http:\/\/www.moneyguard.es\/it\/index.php\/wp-json\/wp\/v2\/pages\/99\/revisions"}],"predecessor-version":[{"id":172,"href":"http:\/\/www.moneyguard.es\/it\/index.php\/wp-json\/wp\/v2\/pages\/99\/revisions\/172"}],"up":[{"embeddable":true,"href":"http:\/\/www.moneyguard.es\/it\/index.php\/wp-json\/wp\/v2\/pages\/33"}],"wp:attachment":[{"href":"http:\/\/www.moneyguard.es\/it\/index.php\/wp-json\/wp\/v2\/media?parent=99"}],"curies":[{"name":"wp","href":"https:\/\/api.w.org\/{rel}","templated":true}]}}