{"id":88,"date":"2016-11-12T10:16:24","date_gmt":"2016-11-12T10:16:24","guid":{"rendered":"http:\/\/www.moneyguard.es\/it\/?page_id=88"},"modified":"2018-07-19T09:59:37","modified_gmt":"2018-07-19T09:59:37","slug":"moneyguard-collectordrop","status":"publish","type":"page","link":"http:\/\/www.moneyguard.es\/it\/index.php\/prodotti\/moneyguard-collectordrop\/","title":{"rendered":"MoneyGuard CollectorDrop"},"content":{"rendered":"<p><center><img decoding=\"async\" class=\"size-full wp-image-13\" src=\"..\/..\/..\/wp-content\/uploads\/2016\/11\/mg-collectordrop.png\" alt=\"MoneyGuard CollectorDrop\" width=\"400\" height=\"103\" \/><\/center>Il <strong>CollectorDrop<\/strong> \u00e8 un dispositivo che permette il ritiro in sicurezza di plichi e\/o buste utilizzando un cassetto dotato di sistema di macchiatura.<\/p>\n<p><img fetchpriority=\"high\" decoding=\"async\" class=\"aligncenter wp-image-346\" src=\"http:\/\/www.moneyguard.es\/it\/wp-content\/uploads\/2016\/11\/MoneyGuard-CollectorDrop-Foto-1.jpg\" alt=\"moneyguard-collectordrop-foto-1\" width=\"270\" height=\"442\" srcset=\"http:\/\/www.moneyguard.es\/it\/wp-content\/uploads\/2016\/11\/MoneyGuard-CollectorDrop-Foto-1.jpg 625w, http:\/\/www.moneyguard.es\/it\/wp-content\/uploads\/2016\/11\/MoneyGuard-CollectorDrop-Foto-1-183x300.jpg 183w\" sizes=\"(max-width: 270px) 100vw, 270px\" \/><\/p>\n<p>Tale sistema \u00e8 da anni utilizzato con successo per la gestione in sicurezza del\u00a0 \u201cRischio Marciapiede\u201d.<\/p>\n<p>Il dispositivo, dedicato al trasporto valori, consente il trasporto in totale sicurezza dando la possibilit\u00e0 di utilizzare anche mezzi leggeri, quindi senza particolare blindatura e con un risparmio di personale.<\/p>\n<p>Il CollectorDrop mantiene all&#8217;interno del veicolo la protezione del contante tramite &#8220;strong box&#8221; e sistema di macchiatura.<\/p>\n<p><img decoding=\"async\" class=\"aligncenter wp-image-347\" src=\"http:\/\/www.moneyguard.es\/it\/wp-content\/uploads\/2016\/11\/MoneyGuard-CollectorDrop-Foto-2.jpg\" alt=\"moneyguard-collectordrop-foto-2\" width=\"400\" height=\"142\" srcset=\"http:\/\/www.moneyguard.es\/it\/wp-content\/uploads\/2016\/11\/MoneyGuard-CollectorDrop-Foto-2.jpg 400w, http:\/\/www.moneyguard.es\/it\/wp-content\/uploads\/2016\/11\/MoneyGuard-CollectorDrop-Foto-2-300x107.jpg 300w\" sizes=\"(max-width: 400px) 100vw, 400px\" \/><\/p>\n<p>Il contenimento massimo del CollectorDrop \u00e8 di ben 20.000 banconote, per altre capacit\u00e0 \u00e8 possibile richiedere un CollectorDrop adatto alle proprie esigenze di flotta.<\/p>\n<p><strong>Perch\u00e8 scegliere il CollectorDrop<\/strong><\/p>\n<ul>\n<li><em>Semplice<\/em>: facile utilizzo, gli operatori sono sempre guidati nelle operazioni<\/li>\n<li><em>Economico<\/em>: perch\u00e9\u00a0 utilizza un solo cassetto per il trasporto in sicurezza<\/li>\n<li><em>Fa risparmiare<\/em>: con una sola guardia e con un furgone <em>non-blindato<\/em>, potete effettuare il servizio<\/li>\n<li><em>Aumenta la sicurezza<\/em>: sistema di macchiatura HDS certificato<\/li>\n<\/ul>\n<div style=\"float: right; margin-left: 10px;\"><a href=\"..\/..\/..\/documents\/brochureCollectorDrop_IT.zip\" target=\"_blank\"><br \/>\n<img decoding=\"async\" style=\"width: 60px; hight: 60px;\" src=\"..\/..\/..\/wp-content\/uploads\/2016\/11\/zip-icon.png\" \/><br \/>\n<\/a><\/div>\n<div style=\"float: right; margin-left: 10px;\"><a href=\"..\/..\/..\/documents\/brochureCollectorDrop_IT.pdf\" target=\"_blank\"><br \/>\n<img decoding=\"async\" style=\"width: 60px; hight: 60px;\" src=\"..\/..\/..\/wp-content\/uploads\/2016\/11\/pdf-icon.png\" \/><br \/>\n<\/a><\/div>\n","protected":false},"excerpt":{"rendered":"<p>Il CollectorDrop \u00e8 un dispositivo che permette il ritiro in sicurezza di plichi e\/o buste utilizzando un cassetto dotato di sistema di macchiatura. Tale sistema \u00e8 da anni utilizzato con successo per la gestione in sicurezza del\u00a0 \u201cRischio Marciapiede\u201d. Il dispositivo, dedicato al trasporto valori, consente il trasporto in totale sicurezza dando la possibilit\u00e0 di&#8230;<\/p>\n","protected":false},"author":3,"featured_media":0,"parent":33,"menu_order":0,"comment_status":"closed","ping_status":"closed","template":"","meta":{"footnotes":""},"class_list":["post-88","page","type-page","status-publish","hentry"],"_links":{"self":[{"href":"http:\/\/www.moneyguard.es\/it\/index.php\/wp-json\/wp\/v2\/pages\/88","targetHints":{"allow":["GET"]}}],"collection":[{"href":"http:\/\/www.moneyguard.es\/it\/index.php\/wp-json\/wp\/v2\/pages"}],"about":[{"href":"http:\/\/www.moneyguard.es\/it\/index.php\/wp-json\/wp\/v2\/types\/page"}],"author":[{"embeddable":true,"href":"http:\/\/www.moneyguard.es\/it\/index.php\/wp-json\/wp\/v2\/users\/3"}],"replies":[{"embeddable":true,"href":"http:\/\/www.moneyguard.es\/it\/index.php\/wp-json\/wp\/v2\/comments?post=88"}],"version-history":[{"count":8,"href":"http:\/\/www.moneyguard.es\/it\/index.php\/wp-json\/wp\/v2\/pages\/88\/revisions"}],"predecessor-version":[{"id":510,"href":"http:\/\/www.moneyguard.es\/it\/index.php\/wp-json\/wp\/v2\/pages\/88\/revisions\/510"}],"up":[{"embeddable":true,"href":"http:\/\/www.moneyguard.es\/it\/index.php\/wp-json\/wp\/v2\/pages\/33"}],"wp:attachment":[{"href":"http:\/\/www.moneyguard.es\/it\/index.php\/wp-json\/wp\/v2\/media?parent=88"}],"curies":[{"name":"wp","href":"https:\/\/api.w.org\/{rel}","templated":true}]}}