{"id":99,"date":"2016-11-12T10:24:13","date_gmt":"2016-11-12T10:24:13","guid":{"rendered":"http:\/\/www.moneyguard.es\/fr\/?page_id=99"},"modified":"2016-11-25T14:22:09","modified_gmt":"2016-11-25T14:22:09","slug":"moneyguard-babelslots","status":"publish","type":"page","link":"http:\/\/www.moneyguard.es\/fr\/index.php\/produits\/moneyguard-babelslots\/","title":{"rendered":"MoneyGuard BabelSlots"},"content":{"rendered":"<p><center><img decoding=\"async\" src=\"..\/..\/..\/wp-content\/uploads\/2016\/11\/mg-babelslots.png\" alt=\"MoneyGuard BabelSlots\" width=\"400\" height=\"103\" class=\"size-full wp-image-13\" \/><\/center><\/p>\n<p>Le <strong>MoneyGuard BabelSlots<\/strong> gr\u00e2ce \u00e0 son interface transparente permet de se connecter avec les plus importants accr\u00e9diteurs du march\u00e9, comme par exemple MEI, JCM et autres.<\/p>\n<p>Son objectif principal est de permettre l\u2019acceptation de 2 ou plus devises dans la m\u00eame machine \u00e0 sous, en appliquant un taux de change toujours actualis\u00e9 et g\u00e9r\u00e9 centralement par un serveur software centralis\u00e9.<\/p>\n<p>De plus, il poss\u00e8de quelques fonctions avanc\u00e9es comme l\u2019actualisation du firmware du lecteur \u00e0 distance de fa\u00e7on centralis\u00e9e, en seulement 3 heures toutes vos machines \u00e0 sous seront actualis\u00e9es avec un firmware qui acceptera les nouveaux billets et les derni\u00e8res caract\u00e9ristiques, lesquelles augmenteront la qualit\u00e9 d\u2019acceptation des lecteurs.<\/p>\n<p>Avec un accessoire, il sera possible de fournir \u00e0 toutes les boites de s\u00e9curit\u00e9s une \u00e9tiquette RFID et de les localiser jusqu\u2019\u00e0 la salle de compte, aucune erreur humaine ne sera possible, le contr\u00f4le sera maximal et la suivi simple et efficace. <\/p>\n<p>Cr\u00e9e par le Casino di Campione, BabelSlots sera une nouveaut\u00e9 utile et \u00e9conomique dans le secteur.<\/p>\n","protected":false},"excerpt":{"rendered":"<p>Le MoneyGuard BabelSlots gr\u00e2ce \u00e0 son interface transparente permet de se connecter avec les plus importants accr\u00e9diteurs du march\u00e9, comme par exemple MEI, JCM et autres. Son objectif principal est de permettre l\u2019acceptation de 2 ou plus devises dans la m\u00eame machine \u00e0 sous, en appliquant un taux de change toujours actualis\u00e9 et g\u00e9r\u00e9 centralement&#8230;<\/p>\n","protected":false},"author":3,"featured_media":0,"parent":33,"menu_order":0,"comment_status":"closed","ping_status":"closed","template":"","meta":{"footnotes":""},"class_list":["post-99","page","type-page","status-publish","hentry"],"_links":{"self":[{"href":"http:\/\/www.moneyguard.es\/fr\/index.php\/wp-json\/wp\/v2\/pages\/99","targetHints":{"allow":["GET"]}}],"collection":[{"href":"http:\/\/www.moneyguard.es\/fr\/index.php\/wp-json\/wp\/v2\/pages"}],"about":[{"href":"http:\/\/www.moneyguard.es\/fr\/index.php\/wp-json\/wp\/v2\/types\/page"}],"author":[{"embeddable":true,"href":"http:\/\/www.moneyguard.es\/fr\/index.php\/wp-json\/wp\/v2\/users\/3"}],"replies":[{"embeddable":true,"href":"http:\/\/www.moneyguard.es\/fr\/index.php\/wp-json\/wp\/v2\/comments?post=99"}],"version-history":[{"count":4,"href":"http:\/\/www.moneyguard.es\/fr\/index.php\/wp-json\/wp\/v2\/pages\/99\/revisions"}],"predecessor-version":[{"id":309,"href":"http:\/\/www.moneyguard.es\/fr\/index.php\/wp-json\/wp\/v2\/pages\/99\/revisions\/309"}],"up":[{"embeddable":true,"href":"http:\/\/www.moneyguard.es\/fr\/index.php\/wp-json\/wp\/v2\/pages\/33"}],"wp:attachment":[{"href":"http:\/\/www.moneyguard.es\/fr\/index.php\/wp-json\/wp\/v2\/media?parent=99"}],"curies":[{"name":"wp","href":"https:\/\/api.w.org\/{rel}","templated":true}]}}