{"id":88,"date":"2016-11-12T10:16:24","date_gmt":"2016-11-12T10:16:24","guid":{"rendered":"http:\/\/www.moneyguard.es\/fr\/?page_id=88"},"modified":"2016-12-12T09:20:25","modified_gmt":"2016-12-12T09:20:25","slug":"moneyguard-collectordrop","status":"publish","type":"page","link":"http:\/\/www.moneyguard.es\/fr\/index.php\/produits\/moneyguard-collectordrop\/","title":{"rendered":"MoneyGuard CollectorDrop"},"content":{"rendered":"<p><center><img decoding=\"async\" class=\"size-full wp-image-13\" src=\"..\/..\/..\/wp-content\/uploads\/2016\/11\/mg-collectordrop.png\" alt=\"MoneyGuard CollectorDrop\" width=\"400\" height=\"103\" \/><\/center>Le <strong>CollectorDrop<\/strong> est un dispositif qui permet de retirer en s\u00e9curit\u00e9 des liasses de documents et\/ou enveloppes, le compartiment est dot\u00e9 d\u2019un syst\u00e8me de tachage.<\/p>\n<p><img fetchpriority=\"high\" decoding=\"async\" class=\"aligncenter wp-image-376\" src=\"http:\/\/www.moneyguard.es\/fr\/wp-content\/uploads\/2016\/11\/MoneyGuard-CollectorDrop-Foto-1.jpg\" alt=\"moneyguard-collectordrop-foto-1\" width=\"270\" height=\"442\" srcset=\"http:\/\/www.moneyguard.es\/fr\/wp-content\/uploads\/2016\/11\/MoneyGuard-CollectorDrop-Foto-1.jpg 625w, http:\/\/www.moneyguard.es\/fr\/wp-content\/uploads\/2016\/11\/MoneyGuard-CollectorDrop-Foto-1-183x300.jpg 183w\" sizes=\"(max-width: 270px) 100vw, 270px\" \/><\/p>\n<p>Depuis de nombreuses ann\u00e9es ce syst\u00e8me est utilis\u00e9 avec succ\u00e8s pour la gestion en s\u00e9curit\u00e9 contre le risque de vols.<\/p>\n<p>Le dispositif, d\u00e9di\u00e9 au transport de valeurs, permet le transport en toute s\u00e9curit\u00e9 en donnant la possibilit\u00e9 d\u2019utiliser \u00e9galement des v\u00e9hicules de transports sans blindage et permet une utilisation moindre du personnel.<\/p>\n<p>Le collectorDrop \u00e0 l\u2019int\u00e9rieur du v\u00e9hicule, prot\u00e8ge l\u2019argent gr\u00e2ce \u00e0 une strong box et au syst\u00e8me de tachage.<\/p>\n<p><img decoding=\"async\" class=\"aligncenter wp-image-377\" src=\"http:\/\/www.moneyguard.es\/fr\/wp-content\/uploads\/2016\/11\/MoneyGuard-CollectorDrop-Foto-2.jpg\" alt=\"moneyguard-collectordrop-foto-2\" width=\"400\" height=\"142\" srcset=\"http:\/\/www.moneyguard.es\/fr\/wp-content\/uploads\/2016\/11\/MoneyGuard-CollectorDrop-Foto-2.jpg 400w, http:\/\/www.moneyguard.es\/fr\/wp-content\/uploads\/2016\/11\/MoneyGuard-CollectorDrop-Foto-2-300x107.jpg 300w\" sizes=\"(max-width: 400px) 100vw, 400px\" \/><\/p>\n<p>La capacit\u00e9 maximale du CollectorDrop est de 20.000 billets, comme autre capacit\u00e9 il est possible de commander un CollectorDrop adapt\u00e9 \u00e0 votre propre exigence.<\/p>\n<p><strong>Pourquoi choisir CollectorDrop<\/strong><\/p>\n<ul>\n<li><em>Simple<\/em>: facile utilisation, les op\u00e9rateurs sont toujours guid\u00e9s pendant les op\u00e9rations<\/li>\n<li><em>Economique<\/em>: parce qu\u2019il utilise un seul compartiment pour le transport en s\u00e9curit\u00e9<\/li>\n<li><em>Il fait faire des \u00e9conomies<\/em>: avec un seul surveillant et un fourgon non <em>blind\u00e9<\/em>, vous pourrez effectuer le service<\/li>\n<li><em>Augmente la s\u00e9curit\u00e9<\/em>: syst\u00e8me de tachage HDS certifi\u00e9<\/li>\n<\/ul>\n<div style=\"float: right; margin-left: 10px;\"><a href=\"..\/..\/..\/documents\/brochureCollectorDrop_FR.zip\" target=\"_blank\"><br \/>\n<img decoding=\"async\" style=\"width: 60px; hight: 60px;\" src=\"..\/..\/..\/wp-content\/uploads\/2016\/11\/zip-icon.png\" \/><br \/>\n<\/a><\/div>\n<div style=\"float: right; margin-left: 10px;\"><a href=\"..\/..\/..\/documents\/brochureCollectorDrop_FR.pdf\" target=\"_blank\"><br \/>\n<img decoding=\"async\" style=\"width: 60px; hight: 60px;\" src=\"..\/..\/..\/wp-content\/uploads\/2016\/11\/pdf-icon.png\" \/><br \/>\n<\/a><\/div>\n","protected":false},"excerpt":{"rendered":"<p>Le CollectorDrop est un dispositif qui permet de retirer en s\u00e9curit\u00e9 des liasses de documents et\/ou enveloppes, le compartiment est dot\u00e9 d\u2019un syst\u00e8me de tachage. Depuis de nombreuses ann\u00e9es ce syst\u00e8me est utilis\u00e9 avec succ\u00e8s pour la gestion en s\u00e9curit\u00e9 contre le risque de vols. Le dispositif, d\u00e9di\u00e9 au transport de valeurs, permet le transport&#8230;<\/p>\n","protected":false},"author":3,"featured_media":0,"parent":33,"menu_order":0,"comment_status":"closed","ping_status":"closed","template":"","meta":{"footnotes":""},"class_list":["post-88","page","type-page","status-publish","hentry"],"_links":{"self":[{"href":"http:\/\/www.moneyguard.es\/fr\/index.php\/wp-json\/wp\/v2\/pages\/88","targetHints":{"allow":["GET"]}}],"collection":[{"href":"http:\/\/www.moneyguard.es\/fr\/index.php\/wp-json\/wp\/v2\/pages"}],"about":[{"href":"http:\/\/www.moneyguard.es\/fr\/index.php\/wp-json\/wp\/v2\/types\/page"}],"author":[{"embeddable":true,"href":"http:\/\/www.moneyguard.es\/fr\/index.php\/wp-json\/wp\/v2\/users\/3"}],"replies":[{"embeddable":true,"href":"http:\/\/www.moneyguard.es\/fr\/index.php\/wp-json\/wp\/v2\/comments?post=88"}],"version-history":[{"count":7,"href":"http:\/\/www.moneyguard.es\/fr\/index.php\/wp-json\/wp\/v2\/pages\/88\/revisions"}],"predecessor-version":[{"id":378,"href":"http:\/\/www.moneyguard.es\/fr\/index.php\/wp-json\/wp\/v2\/pages\/88\/revisions\/378"}],"up":[{"embeddable":true,"href":"http:\/\/www.moneyguard.es\/fr\/index.php\/wp-json\/wp\/v2\/pages\/33"}],"wp:attachment":[{"href":"http:\/\/www.moneyguard.es\/fr\/index.php\/wp-json\/wp\/v2\/media?parent=88"}],"curies":[{"name":"wp","href":"https:\/\/api.w.org\/{rel}","templated":true}]}}