{"id":85,"date":"2016-11-12T10:12:18","date_gmt":"2016-11-12T10:12:18","guid":{"rendered":"http:\/\/www.moneyguard.es\/fr\/?page_id=85"},"modified":"2017-05-24T17:02:35","modified_gmt":"2017-05-24T17:02:35","slug":"moneyguard-atm","status":"publish","type":"page","link":"http:\/\/www.moneyguard.es\/fr\/index.php\/produits\/moneyguard-atm\/","title":{"rendered":"MoneyGuard ATM"},"content":{"rendered":"<p><center><div id=\"metaslider-id-404\" style=\"max-width: 1140px;\" class=\"ml-slider-3-99-0 metaslider metaslider-flex metaslider-404 ml-slider ms-theme-default\" role=\"region\" aria-label=\"ATM\" data-width=\"1140\">\n    <div id=\"metaslider_container_404\">\n        <div id=\"metaslider_404\">\n            <ul class='slides'>\n                <li style=\"display: block; width: 100%;\" class=\"slide-405 ms-image \" aria-roledescription=\"slide\" data-date=\"2016-12-20 20:09:12\"><img fetchpriority=\"high\" decoding=\"async\" src=\"http:\/\/www.moneyguard.es\/fr\/wp-content\/uploads\/2016\/12\/money-guard-atm-slide1-1140x360.png\" height=\"360\" width=\"1140\" alt=\"\" class=\"slider-404 slide-405 msDefaultImage\" \/><\/li>\n                <li style=\"display: none; width: 100%;\" class=\"slide-406 ms-image \" aria-roledescription=\"slide\" data-date=\"2016-12-20 20:09:26\"><img decoding=\"async\" src=\"http:\/\/www.moneyguard.es\/fr\/wp-content\/uploads\/2016\/12\/money-guard-atm-slide2-1140x360.png\" height=\"360\" width=\"1140\" alt=\"\" class=\"slider-404 slide-406 msDefaultImage\" \/><\/li>\n                <li style=\"display: none; width: 100%;\" class=\"slide-407 ms-image \" aria-roledescription=\"slide\" data-date=\"2016-12-20 20:09:31\"><img decoding=\"async\" src=\"http:\/\/www.moneyguard.es\/fr\/wp-content\/uploads\/2016\/12\/money-guard-atm-slide3-1140x360.png\" height=\"360\" width=\"1140\" alt=\"\" class=\"slider-404 slide-407 msDefaultImage\" \/><\/li>\n                <li style=\"display: none; width: 100%;\" class=\"slide-408 ms-image \" aria-roledescription=\"slide\" data-date=\"2016-12-20 20:09:35\"><img loading=\"lazy\" decoding=\"async\" src=\"http:\/\/www.moneyguard.es\/fr\/wp-content\/uploads\/2016\/12\/money-guard-atm-slide4-1140x360.png\" height=\"360\" width=\"1140\" alt=\"\" class=\"slider-404 slide-408 msDefaultImage\" \/><\/li>\n                <li style=\"display: none; width: 100%;\" class=\"slide-409 ms-image \" aria-roledescription=\"slide\" data-date=\"2016-12-20 20:09:40\"><img loading=\"lazy\" decoding=\"async\" src=\"http:\/\/www.moneyguard.es\/fr\/wp-content\/uploads\/2016\/12\/money-guard-atm-slide5-1140x360.png\" height=\"360\" width=\"1140\" alt=\"\" class=\"slider-404 slide-409 msDefaultImage\" \/><\/li>\n                <li style=\"display: none; width: 100%;\" class=\"slide-410 ms-image \" aria-roledescription=\"slide\" data-date=\"2016-12-20 20:09:50\"><img loading=\"lazy\" decoding=\"async\" src=\"http:\/\/www.moneyguard.es\/fr\/wp-content\/uploads\/2016\/12\/money-guard-atm-slide6-1140x360.png\" height=\"360\" width=\"1140\" alt=\"\" class=\"slider-404 slide-410 msDefaultImage\" \/><\/li>\n            <\/ul>\n        <\/div>\n        \n    <\/div>\n<\/div><\/center>&nbsp;<\/p>\n<p><strong>MoneyGuard ATM<\/strong> est un syst\u00e8me qui permet \u00e0 l\u2019utilisateur de v\u00e9rifier les entr\u00e9es d\u2019argent, de mettre en s\u00e9curit\u00e9 les billets les pi\u00e8ces les ch\u00e8ques et les tickets restaurants, acc\u00e9l\u00e9rer la proc\u00e9dure de versement sur le compte courant des valeurs collect\u00e9es sans utiliser le traditionnel coffre de nuit avec toutes les implications que cette action comporte.<\/p>\n<p>A n\u2019importe quel moment les entr\u00e9es d\u2019argent peuvent \u00eatre suivies par internet par les personnes autoris\u00e9es gr\u00e2ce \u00e0 une identification avec login et mot de passe. Toutes les transactions son enregistr\u00e9es et les billets sont v\u00e9rifi\u00e9s pendant l\u2019insertion gr\u00e2ce \u00e0 un lecteur certifi\u00e9 par la BCE.<\/p>\n<p>Lorsque l\u2019on arrive \u00e0 \u201cl\u2019objectif\u201d d\u2019argent, \u00e9tablit et convenu avec le client dans le coffre fort, l\u2019entreprise de transport de valeurs sera inform\u00e9e automatiquement, et proc\u00e9dera \u00e0 un retirement en s\u00e9curit\u00e9 des compartiments de billets en laissant un re\u00e7u.<\/p>\n<p>Le compte des valeurs est ensuite transport\u00e9 \u00e0 la banque par une entreprise de transport de valeurs, ce que permet au client de ne pas avoir \u00e0 se soucier de toutes ces proc\u00e9dures qui normalement impliquent un risque dans le transport et une perte de temps.<\/p>\n<p><strong>Autres secteurs d\u2019application<\/strong><\/p>\n<p><em>Retail, Transport, Self-ticketing, Self-payment, etc.<\/em><\/p>\n<div style=\"float: right; margin-left: 10px;\"><a href=\"..\/..\/..\/documents\/brochureATM_FR.zip\" target=\"_blank\"><br \/>\n<img decoding=\"async\" style=\"width: 60px; hight: 60px;\" src=\"..\/..\/..\/wp-content\/uploads\/2016\/11\/zip-icon.png\" \/><br \/>\n<\/a><\/div>\n<div style=\"float: right; margin-left: 10px;\"><a href=\"..\/..\/..\/documents\/brochureATM_FR.pdf\" target=\"_blank\"><br \/>\n<img decoding=\"async\" style=\"width: 60px; hight: 60px;\" src=\"..\/..\/..\/wp-content\/uploads\/2016\/11\/pdf-icon.png\" \/><br \/>\n<\/a><\/div>\n","protected":false},"excerpt":{"rendered":"<p>&nbsp; MoneyGuard ATM est un syst\u00e8me qui permet \u00e0 l\u2019utilisateur de v\u00e9rifier les entr\u00e9es d\u2019argent, de mettre en s\u00e9curit\u00e9 les billets les pi\u00e8ces les ch\u00e8ques et les tickets restaurants, acc\u00e9l\u00e9rer la proc\u00e9dure de versement sur le compte courant des valeurs collect\u00e9es sans utiliser le traditionnel coffre de nuit avec toutes les implications que cette action&#8230;<\/p>\n","protected":false},"author":3,"featured_media":0,"parent":33,"menu_order":0,"comment_status":"closed","ping_status":"closed","template":"","meta":{"footnotes":""},"class_list":["post-85","page","type-page","status-publish","hentry"],"_links":{"self":[{"href":"http:\/\/www.moneyguard.es\/fr\/index.php\/wp-json\/wp\/v2\/pages\/85","targetHints":{"allow":["GET"]}}],"collection":[{"href":"http:\/\/www.moneyguard.es\/fr\/index.php\/wp-json\/wp\/v2\/pages"}],"about":[{"href":"http:\/\/www.moneyguard.es\/fr\/index.php\/wp-json\/wp\/v2\/types\/page"}],"author":[{"embeddable":true,"href":"http:\/\/www.moneyguard.es\/fr\/index.php\/wp-json\/wp\/v2\/users\/3"}],"replies":[{"embeddable":true,"href":"http:\/\/www.moneyguard.es\/fr\/index.php\/wp-json\/wp\/v2\/comments?post=85"}],"version-history":[{"count":11,"href":"http:\/\/www.moneyguard.es\/fr\/index.php\/wp-json\/wp\/v2\/pages\/85\/revisions"}],"predecessor-version":[{"id":438,"href":"http:\/\/www.moneyguard.es\/fr\/index.php\/wp-json\/wp\/v2\/pages\/85\/revisions\/438"}],"up":[{"embeddable":true,"href":"http:\/\/www.moneyguard.es\/fr\/index.php\/wp-json\/wp\/v2\/pages\/33"}],"wp:attachment":[{"href":"http:\/\/www.moneyguard.es\/fr\/index.php\/wp-json\/wp\/v2\/media?parent=85"}],"curies":[{"name":"wp","href":"https:\/\/api.w.org\/{rel}","templated":true}]}}