{"id":75,"date":"2016-11-12T09:54:09","date_gmt":"2016-11-12T09:54:09","guid":{"rendered":"http:\/\/www.moneyguard.es\/fr\/?page_id=75"},"modified":"2017-05-24T17:21:36","modified_gmt":"2017-05-24T17:21:36","slug":"moneyguard-serie-x","status":"publish","type":"page","link":"http:\/\/www.moneyguard.es\/fr\/index.php\/produits\/moneyguard-serie-x\/","title":{"rendered":"MoneyGuard Serie X"},"content":{"rendered":"<p><center><div id=\"metaslider-id-392\" style=\"max-width: 1140px;\" class=\"ml-slider-3-99-0 metaslider metaslider-flex metaslider-392 ml-slider ms-theme-default\" role=\"region\" aria-label=\"SerieX\" data-width=\"1140\">\n    <div id=\"metaslider_container_392\">\n        <div id=\"metaslider_392\">\n            <ul class='slides'>\n                <li style=\"display: block; width: 100%;\" class=\"slide-388 ms-image \" aria-roledescription=\"slide\" data-date=\"2016-12-20 17:32:54\"><img fetchpriority=\"high\" decoding=\"async\" src=\"http:\/\/www.moneyguard.es\/fr\/wp-content\/uploads\/2016\/12\/moneyguard-seriex-slide1-1140x360.png\" height=\"360\" width=\"1140\" alt=\"\" class=\"slider-392 slide-388 msDefaultImage\" \/><\/li>\n                <li style=\"display: none; width: 100%;\" class=\"slide-389 ms-image \" aria-roledescription=\"slide\" data-date=\"2016-12-20 17:32:58\"><img decoding=\"async\" src=\"http:\/\/www.moneyguard.es\/fr\/wp-content\/uploads\/2016\/12\/moneyguard-seriex-slide2-1140x360.png\" height=\"360\" width=\"1140\" alt=\"\" class=\"slider-392 slide-389 msDefaultImage\" \/><\/li>\n                <li style=\"display: none; width: 100%;\" class=\"slide-390 ms-image \" aria-roledescription=\"slide\" data-date=\"2016-12-20 17:33:02\"><img decoding=\"async\" src=\"http:\/\/www.moneyguard.es\/fr\/wp-content\/uploads\/2016\/12\/moneyguard-seriex-slide3-1140x360.png\" height=\"360\" width=\"1140\" alt=\"\" class=\"slider-392 slide-390 msDefaultImage\" \/><\/li>\n                <li style=\"display: none; width: 100%;\" class=\"slide-391 ms-image \" aria-roledescription=\"slide\" data-date=\"2016-12-20 17:33:04\"><img loading=\"lazy\" decoding=\"async\" src=\"http:\/\/www.moneyguard.es\/fr\/wp-content\/uploads\/2016\/12\/moneyguard-seriex-slide4-1140x360.png\" height=\"360\" width=\"1140\" alt=\"\" class=\"slider-392 slide-391 msDefaultImage\" \/><\/li>\n            <\/ul>\n        <\/div>\n        \n    <\/div>\n<\/div><\/center>&nbsp;<\/p>\n<p>Le <strong>MoneyGuard Serie X<\/strong> (mod\u00e8les X1, X2 e X3) est un syst\u00e8me qui permet \u00e0 l\u2019utilisateur de v\u00e9rifier les entr\u00e9es d\u2019argent comptant, de mettre en s\u00e9curit\u00e9 les billets de banque et d\u2019acc\u00e9l\u00e9rer les proc\u00e9dures de versement sur le compte courant de l\u2019argent collect\u00e9 sans avoir \u00e0 utiliser le traditionnel coffre de nuit avec toutes les implications que cette action demande.<\/p>\n<p>Le syst\u00e8me est compos\u00e9 d\u2019un coffre fort antivol, qui peut \u00eatre fix\u00e9 au sol, une serrure \u00e9lectronique avec une combinaison pour l\u2019ouverture de celle-ci, une imprimante qui \u00e9met les re\u00e7us, un \u00e9cran r\u00e9tro \u00e9clair\u00e9 dans lequel apparaissent toutes les informations n\u00e9cessaires pour l\u2019utilisation, un panneau de contr\u00f4le pour la programmation des op\u00e9rations, un accepteur de monnaie certifi\u00e9 BCE, un syst\u00e8me de reconnaissance d\u2019utilisateur par port USB, une prise de connexion internet.<\/p>\n<p>Tout est contr\u00f4l\u00e9 par un software de gestion. Etant un produit modulaire, il sera pr\u00e9vu dans le futur un \u00e9largissement de la gamme, qui cependant, maintiendra inchang\u00e9 les caract\u00e9ristiques particuli\u00e8res du syst\u00e8me, r\u00e9serv\u00e9es \u00e0 tout type d\u00b4utilisateur.<\/p>\n<p><center><iframe src=\"https:\/\/www.youtube.com\/embed\/1zhSjn-oMis?rel=0\" width=\"560\" height=\"315\" frameborder=\"0\" allowfullscreen=\"allowfullscreen\"><\/iframe><\/center><\/p>\n<p><strong>Avantages<\/strong><\/p>\n<p>Par rapport aux autres produits pr\u00e9sents sur le march\u00e9 pour le m\u00eame service, MoneyGuard poss\u00e8de les avantages suivants:<\/p>\n<ul type=\"circle\">\n<li>ergonomie d\u2019utilisation gr\u00e2ce a un design innovant avec toutes les commandes \u00e0 port\u00e9e de main<\/li>\n<li>connexion \u00e0 internet avec accessibilit\u00e9 ; aux autoris\u00e9s quelque soit le lieu<\/li>\n<li>partenaires certifi\u00e9s comme les banques et instituts de surveillance<\/li>\n<li>grace au syst\u00e8me, en partenariat avec les banques et les fourgons blind\u00e9s, accr\u00e9ditation imm\u00e9diate d\u2019entr\u00e9e d\u2019argent<\/li>\n<\/ul>\n<div style=\"float: right; margin-left: 10px;\"><a href=\"..\/..\/..\/documents\/brochureX_FR.zip\" target=\"_blank\"><br \/>\n<img decoding=\"async\" style=\"width: 60px; hight: 60px;\" src=\"..\/..\/..\/wp-content\/uploads\/2016\/11\/zip-icon.png\" \/><br \/>\n<\/a><\/div>\n<div style=\"float: right; margin-left: 10px;\"><a href=\"..\/..\/..\/documents\/brochureX_FR.pdf\" target=\"_blank\"><br \/>\n<img decoding=\"async\" style=\"width: 60px; hight: 60px;\" src=\"..\/..\/..\/wp-content\/uploads\/2016\/11\/pdf-icon.png\" \/><br \/>\n<\/a><\/div>\n","protected":false},"excerpt":{"rendered":"<p>&nbsp; Le MoneyGuard Serie X (mod\u00e8les X1, X2 e X3) est un syst\u00e8me qui permet \u00e0 l\u2019utilisateur de v\u00e9rifier les entr\u00e9es d\u2019argent comptant, de mettre en s\u00e9curit\u00e9 les billets de banque et d\u2019acc\u00e9l\u00e9rer les proc\u00e9dures de versement sur le compte courant de l\u2019argent collect\u00e9 sans avoir \u00e0 utiliser le traditionnel coffre de nuit avec toutes&#8230;<\/p>\n","protected":false},"author":3,"featured_media":271,"parent":33,"menu_order":0,"comment_status":"closed","ping_status":"closed","template":"","meta":{"footnotes":""},"class_list":["post-75","page","type-page","status-publish","has-post-thumbnail","hentry"],"_links":{"self":[{"href":"http:\/\/www.moneyguard.es\/fr\/index.php\/wp-json\/wp\/v2\/pages\/75","targetHints":{"allow":["GET"]}}],"collection":[{"href":"http:\/\/www.moneyguard.es\/fr\/index.php\/wp-json\/wp\/v2\/pages"}],"about":[{"href":"http:\/\/www.moneyguard.es\/fr\/index.php\/wp-json\/wp\/v2\/types\/page"}],"author":[{"embeddable":true,"href":"http:\/\/www.moneyguard.es\/fr\/index.php\/wp-json\/wp\/v2\/users\/3"}],"replies":[{"embeddable":true,"href":"http:\/\/www.moneyguard.es\/fr\/index.php\/wp-json\/wp\/v2\/comments?post=75"}],"version-history":[{"count":44,"href":"http:\/\/www.moneyguard.es\/fr\/index.php\/wp-json\/wp\/v2\/pages\/75\/revisions"}],"predecessor-version":[{"id":439,"href":"http:\/\/www.moneyguard.es\/fr\/index.php\/wp-json\/wp\/v2\/pages\/75\/revisions\/439"}],"up":[{"embeddable":true,"href":"http:\/\/www.moneyguard.es\/fr\/index.php\/wp-json\/wp\/v2\/pages\/33"}],"wp:featuredmedia":[{"embeddable":true,"href":"http:\/\/www.moneyguard.es\/fr\/index.php\/wp-json\/wp\/v2\/media\/271"}],"wp:attachment":[{"href":"http:\/\/www.moneyguard.es\/fr\/index.php\/wp-json\/wp\/v2\/media?parent=75"}],"curies":[{"name":"wp","href":"https:\/\/api.w.org\/{rel}","templated":true}]}}