{"id":66,"date":"2016-11-09T20:00:06","date_gmt":"2016-11-09T20:00:06","guid":{"rendered":"http:\/\/www.moneyguard.es\/fr\/?page_id=66"},"modified":"2016-12-01T18:27:40","modified_gmt":"2016-12-01T18:27:40","slug":"banque","status":"publish","type":"page","link":"http:\/\/www.moneyguard.es\/fr\/index.php\/secteur\/banque\/","title":{"rendered":"Banque"},"content":{"rendered":"<p><img fetchpriority=\"high\" decoding=\"async\" class=\"size-full wp-image-18 aligncenter\" src=\"http:\/\/www.moneyguard.es\/fr\/wp-content\/uploads\/2016\/11\/slider02.jpg\" width=\"1900\" height=\"600\" srcset=\"http:\/\/www.moneyguard.es\/fr\/wp-content\/uploads\/2016\/11\/slider02.jpg 1900w, http:\/\/www.moneyguard.es\/fr\/wp-content\/uploads\/2016\/11\/slider02-300x95.jpg 300w, http:\/\/www.moneyguard.es\/fr\/wp-content\/uploads\/2016\/11\/slider02-768x243.jpg 768w, http:\/\/www.moneyguard.es\/fr\/wp-content\/uploads\/2016\/11\/slider02-1024x323.jpg 1024w\" sizes=\"(max-width: 1900px) 100vw, 1900px\" \/><\/p>\n<p><strong>Banque<\/strong><\/p>\n<p>Pour le secteur bancaire nous offrons notre MoneyGuard Cobra, machine TARM, qui respecte les param\u00e8tres de qualit\u00e9s les plus \u00e9lev\u00e9s. Etudi\u00e9e pour vous qui d\u00e9sirez pousser vos filiales \u00e0 un niveau technologique plus \u00e9lev\u00e9, en optimisant les ressources.<\/p>\n<p>L&#8217;offre est compl\u00e9t\u00e9e par d\u2019autres produits par la filiale et pour vos clients.<\/p>\n<p><strong>Articles connexes<\/strong><\/p>\n<p><a href=\"http:\/\/www.moneyguard.es\/fr\/index.php\/prodotti\/moneyguard-cobra\/\">MoneyGuard Cobra<\/a><\/p>\n<p><a href=\"http:\/\/www.moneyguard.es\/fr\/index.php\/prodotti\/moneyguard-atm\/\">MoneyGuard ATM<\/a><\/p>\n<p><a href=\"http:\/\/www.moneyguard.es\/fr\/index.php\/prodotti\/hotwifi-security\/\">HotWiFi Security<\/a><\/p>\n","protected":false},"excerpt":{"rendered":"<p>Banque Pour le secteur bancaire nous offrons notre MoneyGuard Cobra, machine TARM, qui respecte les param\u00e8tres de qualit\u00e9s les plus \u00e9lev\u00e9s. Etudi\u00e9e pour vous qui d\u00e9sirez pousser vos filiales \u00e0 un niveau technologique plus \u00e9lev\u00e9, en optimisant les ressources. L&#8217;offre est compl\u00e9t\u00e9e par d\u2019autres produits par la filiale et pour vos clients. Articles connexes MoneyGuard&#8230;<\/p>\n","protected":false},"author":3,"featured_media":18,"parent":36,"menu_order":0,"comment_status":"closed","ping_status":"closed","template":"","meta":{"footnotes":""},"class_list":["post-66","page","type-page","status-publish","has-post-thumbnail","hentry"],"_links":{"self":[{"href":"http:\/\/www.moneyguard.es\/fr\/index.php\/wp-json\/wp\/v2\/pages\/66","targetHints":{"allow":["GET"]}}],"collection":[{"href":"http:\/\/www.moneyguard.es\/fr\/index.php\/wp-json\/wp\/v2\/pages"}],"about":[{"href":"http:\/\/www.moneyguard.es\/fr\/index.php\/wp-json\/wp\/v2\/types\/page"}],"author":[{"embeddable":true,"href":"http:\/\/www.moneyguard.es\/fr\/index.php\/wp-json\/wp\/v2\/users\/3"}],"replies":[{"embeddable":true,"href":"http:\/\/www.moneyguard.es\/fr\/index.php\/wp-json\/wp\/v2\/comments?post=66"}],"version-history":[{"count":8,"href":"http:\/\/www.moneyguard.es\/fr\/index.php\/wp-json\/wp\/v2\/pages\/66\/revisions"}],"predecessor-version":[{"id":362,"href":"http:\/\/www.moneyguard.es\/fr\/index.php\/wp-json\/wp\/v2\/pages\/66\/revisions\/362"}],"up":[{"embeddable":true,"href":"http:\/\/www.moneyguard.es\/fr\/index.php\/wp-json\/wp\/v2\/pages\/36"}],"wp:featuredmedia":[{"embeddable":true,"href":"http:\/\/www.moneyguard.es\/fr\/index.php\/wp-json\/wp\/v2\/media\/18"}],"wp:attachment":[{"href":"http:\/\/www.moneyguard.es\/fr\/index.php\/wp-json\/wp\/v2\/media?parent=66"}],"curies":[{"name":"wp","href":"https:\/\/api.w.org\/{rel}","templated":true}]}}