{"id":64,"date":"2016-11-09T19:59:31","date_gmt":"2016-11-09T19:59:31","guid":{"rendered":"http:\/\/www.moneyguard.es\/fr\/?page_id=64"},"modified":"2016-12-01T18:26:43","modified_gmt":"2016-12-01T18:26:43","slug":"cash-in-transit","status":"publish","type":"page","link":"http:\/\/www.moneyguard.es\/fr\/index.php\/secteur\/cash-in-transit\/","title":{"rendered":"CIT &#8211; Transport de fonds"},"content":{"rendered":"<p><img fetchpriority=\"high\" decoding=\"async\" class=\"size-full wp-image-18 aligncenter\" src=\"http:\/\/www.moneyguard.es\/fr\/wp-content\/uploads\/2016\/11\/slider08.jpg\" width=\"1900\" height=\"600\" \/><\/p>\n<p><strong>CIT &#8211; Transport de fonds<\/strong><\/p>\n<p>Pour le secteur CIT, le plus important est le CollectorDrop, aucun operateur ne touchera vos valeurs et celles-ci seront toujours transport\u00e9es dans une s\u00e9curit\u00e9 maximale.<\/p>\n<p>De plus, une liste de produits d\u00e9di\u00e9s \u00e0 votre secteur et \u00e0 offrir \u00e0 vos clients.<\/p>\n<p><strong>Articles connexes<\/strong><\/p>\n<p><a href=\"http:\/\/www.moneyguard.es\/fr\/index.php\/prodotti\/moneyguard-collectordrop\/\">MoneyGuard CollectorDrop<\/a><\/p>\n<p><a href=\"http:\/\/www.moneyguard.es\/fr\/index.php\/prodotti\/moneyguard-atm\/\">MoneyGuard ATM<\/a><\/p>\n<p><a href=\"http:\/\/www.moneyguard.es\/fr\/index.php\/prodotti\/moneyguard-cobra\/\">MoneyGuard Cobra<\/a><\/p>\n<p><a href=\"http:\/\/www.moneyguard.es\/fr\/index.php\/prodotti\/moneyguard-serie-x\/\">MoneyGuard Serie X<\/a><\/p>\n<p><a href=\"http:\/\/www.moneyguard.es\/fr\/index.php\/prodotti\/hotwifi-security\/\">HotWiFi Security<\/a><\/p>\n","protected":false},"excerpt":{"rendered":"<p>CIT &#8211; Transport de fonds Pour le secteur CIT, le plus important est le CollectorDrop, aucun operateur ne touchera vos valeurs et celles-ci seront toujours transport\u00e9es dans une s\u00e9curit\u00e9 maximale. De plus, une liste de produits d\u00e9di\u00e9s \u00e0 votre secteur et \u00e0 offrir \u00e0 vos clients. Articles connexes MoneyGuard CollectorDrop MoneyGuard ATM MoneyGuard Cobra MoneyGuard&#8230;<\/p>\n","protected":false},"author":3,"featured_media":24,"parent":36,"menu_order":0,"comment_status":"closed","ping_status":"closed","template":"","meta":{"footnotes":""},"class_list":["post-64","page","type-page","status-publish","has-post-thumbnail","hentry"],"_links":{"self":[{"href":"http:\/\/www.moneyguard.es\/fr\/index.php\/wp-json\/wp\/v2\/pages\/64","targetHints":{"allow":["GET"]}}],"collection":[{"href":"http:\/\/www.moneyguard.es\/fr\/index.php\/wp-json\/wp\/v2\/pages"}],"about":[{"href":"http:\/\/www.moneyguard.es\/fr\/index.php\/wp-json\/wp\/v2\/types\/page"}],"author":[{"embeddable":true,"href":"http:\/\/www.moneyguard.es\/fr\/index.php\/wp-json\/wp\/v2\/users\/3"}],"replies":[{"embeddable":true,"href":"http:\/\/www.moneyguard.es\/fr\/index.php\/wp-json\/wp\/v2\/comments?post=64"}],"version-history":[{"count":8,"href":"http:\/\/www.moneyguard.es\/fr\/index.php\/wp-json\/wp\/v2\/pages\/64\/revisions"}],"predecessor-version":[{"id":361,"href":"http:\/\/www.moneyguard.es\/fr\/index.php\/wp-json\/wp\/v2\/pages\/64\/revisions\/361"}],"up":[{"embeddable":true,"href":"http:\/\/www.moneyguard.es\/fr\/index.php\/wp-json\/wp\/v2\/pages\/36"}],"wp:featuredmedia":[{"embeddable":true,"href":"http:\/\/www.moneyguard.es\/fr\/index.php\/wp-json\/wp\/v2\/media\/24"}],"wp:attachment":[{"href":"http:\/\/www.moneyguard.es\/fr\/index.php\/wp-json\/wp\/v2\/media?parent=64"}],"curies":[{"name":"wp","href":"https:\/\/api.w.org\/{rel}","templated":true}]}}