{"id":60,"date":"2016-11-09T19:57:40","date_gmt":"2016-11-09T19:57:40","guid":{"rendered":"http:\/\/www.moneyguard.es\/fr\/?page_id=60"},"modified":"2016-12-01T18:24:07","modified_gmt":"2016-12-01T18:24:07","slug":"vente-au-detail-et-transports","status":"publish","type":"page","link":"http:\/\/www.moneyguard.es\/fr\/index.php\/secteur\/vente-au-detail-et-transports\/","title":{"rendered":"Vente au d\u00e9tail et transports"},"content":{"rendered":"<p><img fetchpriority=\"high\" decoding=\"async\" class=\"size-full wp-image-18 aligncenter\" src=\"http:\/\/www.moneyguard.es\/fr\/wp-content\/uploads\/2016\/11\/slider07.jpg\" width=\"1900\" height=\"600\" \/><\/p>\n<p><strong>Vente au d\u00e9tail et transports<\/strong><\/p>\n<p>Le secteur Retail et de transports est un secteur que nous avons explor\u00e9 et \u00e9tudi\u00e9 gr\u00e2ce \u00e0 notre exp\u00e9rience. Nous avons obtenu la meilleure gamme de machines avec les meilleures technologies du march\u00e9.<\/p>\n<p>L&#8217;offre que nous avons est une des plus vastes, ci-dessus voici nos meilleures machines d\u00e9di\u00e9es \u00e0 votre secteur.<\/p>\n<p><strong>Articles connexes<\/strong><\/p>\n<p><a href=\"http:\/\/www.moneyguard.es\/fr\/index.php\/prodotti\/moneyguard-serie-x\/\">MoneyGuard Serie X<\/a><\/p>\n<p><a href=\"http:\/\/www.moneyguard.es\/fr\/index.php\/prodotti\/moneyguard-cobra\/\">MoneyGuard Cobra<\/a><\/p>\n<p><a href=\"http:\/\/www.moneyguard.es\/fr\/index.php\/prodotti\/moneyguard-atm\/\">MoneyGuard ATM<\/a><\/p>\n<p><a href=\"http:\/\/www.moneyguard.es\/fr\/index.php\/prodotti\/hotwifi-security\/\">HotWiFi Security<\/a><\/p>\n","protected":false},"excerpt":{"rendered":"<p>Vente au d\u00e9tail et transports Le secteur Retail et de transports est un secteur que nous avons explor\u00e9 et \u00e9tudi\u00e9 gr\u00e2ce \u00e0 notre exp\u00e9rience. Nous avons obtenu la meilleure gamme de machines avec les meilleures technologies du march\u00e9. L&#8217;offre que nous avons est une des plus vastes, ci-dessus voici nos meilleures machines d\u00e9di\u00e9es \u00e0 votre&#8230;<\/p>\n","protected":false},"author":3,"featured_media":23,"parent":36,"menu_order":0,"comment_status":"closed","ping_status":"closed","template":"","meta":{"footnotes":""},"class_list":["post-60","page","type-page","status-publish","has-post-thumbnail","hentry"],"_links":{"self":[{"href":"http:\/\/www.moneyguard.es\/fr\/index.php\/wp-json\/wp\/v2\/pages\/60","targetHints":{"allow":["GET"]}}],"collection":[{"href":"http:\/\/www.moneyguard.es\/fr\/index.php\/wp-json\/wp\/v2\/pages"}],"about":[{"href":"http:\/\/www.moneyguard.es\/fr\/index.php\/wp-json\/wp\/v2\/types\/page"}],"author":[{"embeddable":true,"href":"http:\/\/www.moneyguard.es\/fr\/index.php\/wp-json\/wp\/v2\/users\/3"}],"replies":[{"embeddable":true,"href":"http:\/\/www.moneyguard.es\/fr\/index.php\/wp-json\/wp\/v2\/comments?post=60"}],"version-history":[{"count":14,"href":"http:\/\/www.moneyguard.es\/fr\/index.php\/wp-json\/wp\/v2\/pages\/60\/revisions"}],"predecessor-version":[{"id":359,"href":"http:\/\/www.moneyguard.es\/fr\/index.php\/wp-json\/wp\/v2\/pages\/60\/revisions\/359"}],"up":[{"embeddable":true,"href":"http:\/\/www.moneyguard.es\/fr\/index.php\/wp-json\/wp\/v2\/pages\/36"}],"wp:featuredmedia":[{"embeddable":true,"href":"http:\/\/www.moneyguard.es\/fr\/index.php\/wp-json\/wp\/v2\/media\/23"}],"wp:attachment":[{"href":"http:\/\/www.moneyguard.es\/fr\/index.php\/wp-json\/wp\/v2\/media?parent=60"}],"curies":[{"name":"wp","href":"https:\/\/api.w.org\/{rel}","templated":true}]}}