{"id":48,"date":"2016-11-09T18:59:21","date_gmt":"2016-11-09T18:59:21","guid":{"rendered":"http:\/\/www.moneyguard.es\/fr\/?page_id=48"},"modified":"2016-11-25T14:23:49","modified_gmt":"2016-11-25T14:23:49","slug":"multimedia","status":"publish","type":"page","link":"http:\/\/www.moneyguard.es\/fr\/index.php\/secteur\/anti-contrefacon\/multimedia\/","title":{"rendered":"Multimedia"},"content":{"rendered":"<p><img decoding=\"async\" class=\"aligncenter\" src=\"http:\/\/www.moneyguard.es\/img\/marketplace\/bigOC.png\" \/><\/p>\n<p><strong>Multimedia<\/strong><\/p>\n<p>Contrefa\u00e7on Faux Anti contrefa\u00e7on avec Original Check syst\u00e8me innovateur anti-contrefa\u00e7on:<\/p>\n<p><iframe src=\"http:\/\/www.youtube.com\/embed\/SMLIQu9VMvw\" width=\"420\" height=\"315\" frameborder=\"0\" allowfullscreen=\"allowfullscreen\"><\/iframe><\/p>\n<hr \/>\n<p>Original Check anti-contrefacon comment verifier le code. Comment v\u00e9rifier le code Original Check:<\/p>\n<p><iframe src=\"http:\/\/www.youtube.com\/embed\/2OudSdjJE_M?feature=player_detailpage\" width=\"400\" height=\"225\" frameborder=\"0\" allowfullscreen=\"allowfullscreen\"><\/iframe><\/p>\n<hr \/>\n<p>SICOS utilise Original Check pour l&#8217;authenticit\u00e9 de ses produits:<\/p>\n<p><iframe src=\"http:\/\/www.youtube.com\/embed\/dteFVmsOgwE\" width=\"420\" height=\"315\" frameborder=\"0\" allowfullscreen=\"allowfullscreen\"><\/iframe><\/p>\n<hr \/>\n<p>CALESITA utilise Original Check pour l&#8217;authenticit\u00e9 de ses produits:<\/p>\n<p><iframe src=\"http:\/\/www.youtube.com\/embed\/jG-6fwqU96Y\" width=\"420\" height=\"315\" frameborder=\"0\" allowfullscreen=\"allowfullscreen\"><\/iframe><\/p>\n","protected":false},"excerpt":{"rendered":"<p>Multimedia Contrefa\u00e7on Faux Anti contrefa\u00e7on avec Original Check syst\u00e8me innovateur anti-contrefa\u00e7on: Original Check anti-contrefacon comment verifier le code. Comment v\u00e9rifier le code Original Check: SICOS utilise Original Check pour l&#8217;authenticit\u00e9 de ses produits: CALESITA utilise Original Check pour l&#8217;authenticit\u00e9 de ses produits:<\/p>\n","protected":false},"author":3,"featured_media":0,"parent":38,"menu_order":0,"comment_status":"closed","ping_status":"closed","template":"","meta":{"footnotes":""},"class_list":["post-48","page","type-page","status-publish","hentry"],"_links":{"self":[{"href":"http:\/\/www.moneyguard.es\/fr\/index.php\/wp-json\/wp\/v2\/pages\/48","targetHints":{"allow":["GET"]}}],"collection":[{"href":"http:\/\/www.moneyguard.es\/fr\/index.php\/wp-json\/wp\/v2\/pages"}],"about":[{"href":"http:\/\/www.moneyguard.es\/fr\/index.php\/wp-json\/wp\/v2\/types\/page"}],"author":[{"embeddable":true,"href":"http:\/\/www.moneyguard.es\/fr\/index.php\/wp-json\/wp\/v2\/users\/3"}],"replies":[{"embeddable":true,"href":"http:\/\/www.moneyguard.es\/fr\/index.php\/wp-json\/wp\/v2\/comments?post=48"}],"version-history":[{"count":5,"href":"http:\/\/www.moneyguard.es\/fr\/index.php\/wp-json\/wp\/v2\/pages\/48\/revisions"}],"predecessor-version":[{"id":338,"href":"http:\/\/www.moneyguard.es\/fr\/index.php\/wp-json\/wp\/v2\/pages\/48\/revisions\/338"}],"up":[{"embeddable":true,"href":"http:\/\/www.moneyguard.es\/fr\/index.php\/wp-json\/wp\/v2\/pages\/38"}],"wp:attachment":[{"href":"http:\/\/www.moneyguard.es\/fr\/index.php\/wp-json\/wp\/v2\/media?parent=48"}],"curies":[{"name":"wp","href":"https:\/\/api.w.org\/{rel}","templated":true}]}}