{"id":421,"date":"2017-05-22T10:37:58","date_gmt":"2017-05-22T10:37:58","guid":{"rendered":"http:\/\/www.moneyguard.es\/fr\/?page_id=421"},"modified":"2017-06-21T18:03:48","modified_gmt":"2017-06-21T18:03:48","slug":"moneyguard-s-atm","status":"publish","type":"page","link":"http:\/\/www.moneyguard.es\/fr\/index.php\/produits\/moneyguard-s-atm\/","title":{"rendered":"MoneyGuard S ATM"},"content":{"rendered":"<p><center><div id=\"metaslider-id-424\" style=\"max-width: 1140px;\" class=\"ml-slider-3-99-0 metaslider metaslider-flex metaslider-424 ml-slider ms-theme-default\" role=\"region\" aria-label=\"S ATM\" data-width=\"1140\">\n    <div id=\"metaslider_container_424\">\n        <div id=\"metaslider_424\">\n            <ul class='slides'>\n                <li style=\"display: block; width: 100%;\" class=\"slide-445 ms-image \" aria-roledescription=\"slide\" data-date=\"2017-06-19 16:08:15\"><img fetchpriority=\"high\" decoding=\"async\" src=\"http:\/\/www.moneyguard.es\/fr\/wp-content\/uploads\/2017\/06\/S-ATM_front-1140x360.png\" height=\"360\" width=\"1140\" alt=\"\" class=\"slider-424 slide-445 msDefaultImage\" \/><\/li>\n                <li style=\"display: none; width: 100%;\" class=\"slide-446 ms-image \" aria-roledescription=\"slide\" data-date=\"2017-06-19 16:08:18\"><img decoding=\"async\" src=\"http:\/\/www.moneyguard.es\/fr\/wp-content\/uploads\/2017\/06\/S-ATM_maintenance1-1140x360.png\" height=\"360\" width=\"1140\" alt=\"\" class=\"slider-424 slide-446 msDefaultImage\" \/><\/li>\n                <li style=\"display: none; width: 100%;\" class=\"slide-447 ms-image \" aria-roledescription=\"slide\" data-date=\"2017-06-19 16:08:21\"><img decoding=\"async\" src=\"http:\/\/www.moneyguard.es\/fr\/wp-content\/uploads\/2017\/06\/S-ATM_maintenance2-1140x360.png\" height=\"360\" width=\"1140\" alt=\"\" class=\"slider-424 slide-447 msDefaultImage\" \/><\/li>\n                <li style=\"display: none; width: 100%;\" class=\"slide-448 ms-image \" aria-roledescription=\"slide\" data-date=\"2017-06-19 16:08:24\"><img loading=\"lazy\" decoding=\"async\" src=\"http:\/\/www.moneyguard.es\/fr\/wp-content\/uploads\/2017\/06\/S-ATM_side-1140x360.png\" height=\"360\" width=\"1140\" alt=\"\" class=\"slider-424 slide-448 msDefaultImage\" \/><\/li>\n                <li style=\"display: none; width: 100%;\" class=\"slide-449 ms-image \" aria-roledescription=\"slide\" data-date=\"2017-06-19 16:08:27\"><img loading=\"lazy\" decoding=\"async\" src=\"http:\/\/www.moneyguard.es\/fr\/wp-content\/uploads\/2017\/06\/S-ATM_accettazione-1140x360.png\" height=\"360\" width=\"1140\" alt=\"\" class=\"slider-424 slide-449 msDefaultImage\" \/><\/li>\n            <\/ul>\n        <\/div>\n        \n    <\/div>\n<\/div><\/center>&nbsp;<\/p>\n<p><strong>MoneyGuard S ATM<\/strong> est un syst\u00e8me qui permet \u00e0 l\u2019utilisateur de v\u00e9rifier les entr\u00e9es d\u2019argent, de mettre en s\u00e9curit\u00e9 les billets les pi\u00e8ces les ch\u00e8ques et les tickets restaurants, acc\u00e9l\u00e9rer la proc\u00e9dure de versement sur le compte courant des valeurs collect\u00e9es sans utiliser le traditionnel coffre de nuit avec toutes les implications que cette action comporte.<\/p>\n<p>A n\u2019importe quel moment les entr\u00e9es d\u2019argent peuvent \u00eatre suivies par internet par les personnes autoris\u00e9es gr\u00e2ce \u00e0 une identification avec login et mot de passe. Toutes les transactions son enregistr\u00e9es et les billets sont v\u00e9rifi\u00e9s pendant l\u2019insertion gr\u00e2ce \u00e0 un lecteur certifi\u00e9 par la BCE.<\/p>\n<p>Lorsque l\u2019on arrive \u00e0 \u201cl\u2019objectif\u201d d\u2019argent, \u00e9tablit et convenu avec le client dans le coffre fort, l\u2019entreprise de transport de valeurs sera inform\u00e9e automatiquement, et proc\u00e9dera \u00e0 un retirement en s\u00e9curit\u00e9 des compartiments de billets en laissant un re\u00e7u.<\/p>\n<p>Le compte des valeurs est ensuite transport\u00e9 \u00e0 la banque par une entreprise de transport de valeurs, ce que permet au client de ne pas avoir \u00e0 se soucier de toutes ces proc\u00e9dures qui normalement impliquent un risque dans le transport et une perte de temps.<\/p>\n<p><strong>Autres secteurs d\u2019application<\/strong><\/p>\n<p><em>Retail, Transport, Self-ticketing, Self-payment, etc.<\/em><\/p>\n<div style=\"float: right; margin-left: 10px;\"><a href=\"..\/..\/..\/documents\/brochureSATM_FR.zip\" target=\"_blank\"><br \/>\n<img decoding=\"async\" style=\"width: 60px; hight: 60px;\" src=\"..\/..\/..\/wp-content\/uploads\/2016\/11\/zip-icon.png\" \/><br \/>\n<\/a><\/div>\n<div style=\"float: right; margin-left: 10px;\"><a href=\"..\/..\/..\/documents\/brochureSATM_FR.pdf\" target=\"_blank\"><br \/>\n<img decoding=\"async\" style=\"width: 60px; hight: 60px;\" src=\"..\/..\/..\/wp-content\/uploads\/2016\/11\/pdf-icon.png\" \/><br \/>\n<\/a><\/div>\n","protected":false},"excerpt":{"rendered":"<p>&nbsp; MoneyGuard S ATM est un syst\u00e8me qui permet \u00e0 l\u2019utilisateur de v\u00e9rifier les entr\u00e9es d\u2019argent, de mettre en s\u00e9curit\u00e9 les billets les pi\u00e8ces les ch\u00e8ques et les tickets restaurants, acc\u00e9l\u00e9rer la proc\u00e9dure de versement sur le compte courant des valeurs collect\u00e9es sans utiliser le traditionnel coffre de nuit avec toutes les implications que cette&#8230;<\/p>\n","protected":false},"author":3,"featured_media":0,"parent":33,"menu_order":0,"comment_status":"closed","ping_status":"closed","template":"","meta":{"footnotes":""},"class_list":["post-421","page","type-page","status-publish","hentry"],"_links":{"self":[{"href":"http:\/\/www.moneyguard.es\/fr\/index.php\/wp-json\/wp\/v2\/pages\/421","targetHints":{"allow":["GET"]}}],"collection":[{"href":"http:\/\/www.moneyguard.es\/fr\/index.php\/wp-json\/wp\/v2\/pages"}],"about":[{"href":"http:\/\/www.moneyguard.es\/fr\/index.php\/wp-json\/wp\/v2\/types\/page"}],"author":[{"embeddable":true,"href":"http:\/\/www.moneyguard.es\/fr\/index.php\/wp-json\/wp\/v2\/users\/3"}],"replies":[{"embeddable":true,"href":"http:\/\/www.moneyguard.es\/fr\/index.php\/wp-json\/wp\/v2\/comments?post=421"}],"version-history":[{"count":7,"href":"http:\/\/www.moneyguard.es\/fr\/index.php\/wp-json\/wp\/v2\/pages\/421\/revisions"}],"predecessor-version":[{"id":453,"href":"http:\/\/www.moneyguard.es\/fr\/index.php\/wp-json\/wp\/v2\/pages\/421\/revisions\/453"}],"up":[{"embeddable":true,"href":"http:\/\/www.moneyguard.es\/fr\/index.php\/wp-json\/wp\/v2\/pages\/33"}],"wp:attachment":[{"href":"http:\/\/www.moneyguard.es\/fr\/index.php\/wp-json\/wp\/v2\/media?parent=421"}],"curies":[{"name":"wp","href":"https:\/\/api.w.org\/{rel}","templated":true}]}}