{"id":33,"date":"2016-11-09T18:45:08","date_gmt":"2016-11-09T18:45:08","guid":{"rendered":"http:\/\/www.moneyguard.es\/fr\/?page_id=33"},"modified":"2019-07-25T13:51:54","modified_gmt":"2019-07-25T13:51:54","slug":"produits","status":"publish","type":"page","link":"http:\/\/www.moneyguard.es\/fr\/index.php\/produits\/","title":{"rendered":"Produits"},"content":{"rendered":"<p style=\"text-align: left;\"><strong><a href=\"http:\/\/www.moneyguard.es\/fr\/index.php\/produits\/moneyguard-serie-x\/\">MoneyGuard Serie X<\/a><\/strong><\/p>\n<p style=\"text-align: left;\">MoneyGuard est un syst\u00e8me qui permet \u00e0 l\u2019utilisateur de v\u00e9rifier les entr\u00e9es d\u2019argent comptant, de mettre en s\u00e9curit\u00e9 les billets de banque et d\u2019acc\u00e9l\u00e9rer les proc\u00e9dures de versement sur le compte courant de l\u2019argent collect\u00e9 sans avoir \u00e0 utiliser le traditionnel coffre de nuit avec toutes les implications que cette action demande &#8230; [<a href=\"http:\/\/www.moneyguard.es\/fr\/index.php\/produits\/moneyguard-serie-x\/\">plus<\/a>]<\/p>\n<hr \/>\n<p style=\"text-align: left;\"><strong><a href=\"http:\/\/www.moneyguard.es\/fr\/index.php\/produits\/moneyguard-cobra-plus\/\">MoneyGuard Cobra Plus<\/a><\/strong><\/p>\n<p style=\"text-align: left;\">MoneyGuard Cobra Plus est une machine sp\u00e9cialement \u00e9tudi\u00e9e pour le march\u00e9 bancaire. Le d\u00e9sir d\u2019automatiser la gestion de billets, optimiser les coups et offrir un service continuel et sans fille d\u2019attente aux usagers &#8230; [<a href=\"http:\/\/www.moneyguard.es\/fr\/index.php\/produits\/moneyguard-cobra-plus\/\">plus<\/a>]<\/p>\n<hr \/>\n<p style=\"text-align: left;\"><strong><a href=\"http:\/\/www.moneyguard.es\/fr\/index.php\/produits\/moneyguard-atm\/\">MoneyGuard ATM<\/a><\/strong><\/p>\n<p style=\"text-align: left;\">MoneyGuard ATM est un syst\u00e8me qui permet \u00e0 l\u2019utilisateur de v\u00e9rifier les entr\u00e9es d\u2019argent, de mettre en s\u00e9curit\u00e9 les billets les pi\u00e8ces les ch\u00e8ques et les tickets restaurants, acc\u00e9l\u00e9rer la proc\u00e9dure de versement sur le compte courant des valeurs collect\u00e9es sans utiliser le traditionnel coffre de nuit avec toutes les implications que cette action comporte &#8230; [<a href=\"http:\/\/www.moneyguard.es\/fr\/index.php\/produits\/moneyguard-atm\/\">plus<\/a>]<\/p>\n<hr \/>\n<p style=\"text-align: left;\"><strong><a href=\"http:\/\/www.moneyguard.es\/fr\/index.php\/produits\/moneyguard-s-atm\/\">MoneyGuard S ATM<\/a><\/strong><\/p>\n<p style=\"text-align: left;\">MoneyGuard S ATM est un syst\u00e8me qui permet \u00e0 l\u2019utilisateur de v\u00e9rifier les entr\u00e9es d\u2019argent, de mettre en s\u00e9curit\u00e9 les billets les pi\u00e8ces les ch\u00e8ques et les tickets restaurants, acc\u00e9l\u00e9rer la proc\u00e9dure de versement sur le compte courant des valeurs collect\u00e9es sans utiliser le traditionnel coffre de nuit avec toutes les implications que cette action comporte &#8230; [<a href=\"http:\/\/www.moneyguard.es\/fr\/index.php\/produits\/moneyguard-s-atm\/\">plus<\/a>]<\/p>\n<hr \/>\n<p style=\"text-align: left;\"><strong><a href=\"http:\/\/www.moneyguard.es\/fr\/index.php\/produits\/moneyguard-easypay\/\">MoneyGuard EasyPay<\/a><\/strong><\/p>\n<p style=\"text-align: left;\">MoneyGuard EasyPay est une station de paiement automatis\u00e9e pour les points de vente.<br \/>\nPlus de 30 styles, grande capacit\u00e9 de paiement, plus de 1200 factures, petite taille &#8230; [<a href=\"http:\/\/www.moneyguard.es\/fr\/index.php\/produits\/moneyguard-easypay\/\">plus<\/a>]<\/p>\n<hr \/>\n<p style=\"text-align: left;\"><strong><a href=\"http:\/\/www.moneyguard.es\/fr\/index.php\/produits\/moneyguard-collectordrop\/\">MoneyGuard CollectorDrop<\/a><\/strong><\/p>\n<p style=\"text-align: left;\">MoneyGuard CollectorDrop est un dispositif qui permet de retirer en s\u00e9curit\u00e9 des liasses de documents et\/ou enveloppes, le compartiment est dot\u00e9 d\u2019un syst\u00e8me de tachage &#8230;\u00a0[<a href=\"http:\/\/www.moneyguard.es\/fr\/index.php\/produits\/moneyguard-collectordrop\/\">plus<\/a>]<\/p>\n<hr \/>\n<p style=\"text-align: left;\"><strong><a href=\"http:\/\/www.moneyguard.es\/fr\/index.php\/produits\/moneyguard-easydrop\/\">MoneyGuard EasyDrop<\/a><\/strong><\/p>\n<p style=\"text-align: left;\">MoneyGuard EasyDrop est un syst\u00e8me qui permet \u00e0 l\u2019utilisateur de v\u00e9rifier l\u2019entr\u00e9e d\u2019argent, de mettre en s\u00e9curit\u00e9 les billets, d\u2019acc\u00e9l\u00e9rer la proc\u00e9dure d\u2019entr\u00e9e d\u2019argent et de v\u00e9rifier les billets directement \u00e0 la table de jeux &#8230; [<a href=\"http:\/\/www.moneyguard.es\/fr\/index.php\/produits\/moneyguard-easydrop\/\">plus<\/a>]<\/p>\n<hr \/>\n<p style=\"text-align: left;\"><strong><a href=\"http:\/\/www.moneyguard.es\/fr\/index.php\/produits\/moneyguard-babelslots\/\">MoneyGuard BabelSlots<\/a><\/strong><\/p>\n<p style=\"text-align: left;\">MoneyGuard BabelSlots, gr\u00e2ce \u00e0 son interface transparente permet de se connecter avec les plus importants accr\u00e9diteurs du march\u00e9, comme par exemple MEI, JCM et autres &#8230; [<a href=\"http:\/\/www.moneyguard.es\/fr\/index.php\/produits\/moneyguard-babelslots\/\">plus<\/a>]<\/p>\n<hr \/>\n<p style=\"text-align: left;\"><strong><a href=\"http:\/\/www.moneyguard.es\/fr\/index.php\/produits\/hotwifi-security\/\">HotWiFi Security<\/a><\/strong><\/p>\n<p style=\"text-align: left;\">Le produit est le fruit de l\u2019union entre la technologie et l\u2019innovation, il a re\u00e7u plusieurs prix, entre ceux-ci, celui d\u2019\u00eatre l\u2019unique syst\u00e8me au monde pour ses caract\u00e9ristiques &#8230; [<a href=\"http:\/\/www.moneyguard.es\/fr\/index.php\/produits\/hotwifi-security\/\">plus<\/a>]<\/p>\n","protected":false},"excerpt":{"rendered":"<p>MoneyGuard Serie X MoneyGuard est un syst\u00e8me qui permet \u00e0 l\u2019utilisateur de v\u00e9rifier les entr\u00e9es d\u2019argent comptant, de mettre en s\u00e9curit\u00e9 les billets de banque et d\u2019acc\u00e9l\u00e9rer les proc\u00e9dures de versement sur le compte courant de l\u2019argent collect\u00e9 sans avoir \u00e0 utiliser le traditionnel coffre de nuit avec toutes les implications que cette action demande&#8230;<\/p>\n","protected":false},"author":3,"featured_media":0,"parent":0,"menu_order":0,"comment_status":"closed","ping_status":"closed","template":"","meta":{"footnotes":""},"class_list":["post-33","page","type-page","status-publish","hentry"],"_links":{"self":[{"href":"http:\/\/www.moneyguard.es\/fr\/index.php\/wp-json\/wp\/v2\/pages\/33","targetHints":{"allow":["GET"]}}],"collection":[{"href":"http:\/\/www.moneyguard.es\/fr\/index.php\/wp-json\/wp\/v2\/pages"}],"about":[{"href":"http:\/\/www.moneyguard.es\/fr\/index.php\/wp-json\/wp\/v2\/types\/page"}],"author":[{"embeddable":true,"href":"http:\/\/www.moneyguard.es\/fr\/index.php\/wp-json\/wp\/v2\/users\/3"}],"replies":[{"embeddable":true,"href":"http:\/\/www.moneyguard.es\/fr\/index.php\/wp-json\/wp\/v2\/comments?post=33"}],"version-history":[{"count":21,"href":"http:\/\/www.moneyguard.es\/fr\/index.php\/wp-json\/wp\/v2\/pages\/33\/revisions"}],"predecessor-version":[{"id":487,"href":"http:\/\/www.moneyguard.es\/fr\/index.php\/wp-json\/wp\/v2\/pages\/33\/revisions\/487"}],"wp:attachment":[{"href":"http:\/\/www.moneyguard.es\/fr\/index.php\/wp-json\/wp\/v2\/media?parent=33"}],"curies":[{"name":"wp","href":"https:\/\/api.w.org\/{rel}","templated":true}]}}